{"id":295,"date":"2024-04-10T22:06:32","date_gmt":"2024-04-10T22:06:32","guid":{"rendered":"https:\/\/koimetalmerch.com\/produkt\/sewer-serpent-sewer-dwellers-t-shirt\/"},"modified":"2025-03-05T19:08:34","modified_gmt":"2025-03-05T19:08:34","slug":"sewer-serpent-sewer-dwellers-t-shirt","status":"publish","type":"product","link":"https:\/\/koimetalmerch.com\/en\/product\/sewer-serpent-sewer-dwellers-t-shirt\/","title":{"rendered":"Sewer Serpent &#8211; Sewer Dwellers T-shirt"},"content":{"rendered":"<p data-start=\"2669\" data-end=\"3221\">The <em data-start=\"2709\" data-end=\"2740\">Sewer Dwellers &#8211; Sewer Serpent<\/em> T-shirt is an absolute bestseller among deathcore and death metal fans. This model stands out with its simple yet striking design that perfectly matches the aesthetics of Sewer Dwellers. On the front, you will find the band\u2019s distinctive white logo, while the back features an elaborate graphic of a coiled snake surrounded by geometric patterns and the band\u2019s emblem. Moreover, this dark illustration draws attention and has made the T-shirt the most popular choice among fans.<\/p>\n<p data-start=\"3223\" data-end=\"3589\">Made from high-quality Gildan Premium Cotton, the Sewer Dwellers T-shirt guarantees all-day comfort. In addition, the durable print and precise craftsmanship ensure that it works well for both intense concerts and everyday wear. The timeless combination of black fabric with a contrasting white design fits perfectly with any metal outfit, giving it an extra edge.<\/p>\n<p data-start=\"3591\" data-end=\"3910\">Therefore, if you are looking for a metal T-shirt that not only expresses your passion for heavy music but also makes you stand out, this model is the perfect choice. The Sewer Dwellers bestseller is a must-have for every fan who values original merch and wants more than just an ordinary T-shirt in their collection.<\/p>\n<p data-start=\"3912\" data-end=\"3951\">Material:<\/p>\n<ul>\n<li data-start=\"3912\" data-end=\"3951\"><strong data-start=\"3924\" data-end=\"3949\">Gildan Premium Cotton<\/strong><\/li>\n<\/ul>\n","protected":false},"excerpt":{"rendered":"<p>Black Sewer Dwellers T-shirt with white logo and snake graphic. Bestseller model made from high-quality cotton.<\/p>\n","protected":false},"featured_media":195,"comment_status":"open","ping_status":"closed","template":"","meta":{"_acf_changed":false},"pwb-brand":[63],"product_cat":[44,43],"product_tag":[],"class_list":{"0":"post-295","1":"product","2":"type-product","3":"status-publish","4":"has-post-thumbnail","6":"pwb-brand-sewer-dwellers-en","7":"product_cat-clothes","8":"product_cat-t-shirts","9":"pa_size-s-size","10":"pa_size-m-size","11":"pa_size-l-size","12":"pa_size-xl-size","13":"pa_size-xxl-size","15":"first","16":"instock","17":"shipping-taxable","18":"purchasable","19":"product-type-variable","20":"has-default-attributes","21":"customify-col","22":"product-has-gallery"},"acf":[],"yoast_head":"<!-- This site is optimized with the Yoast SEO Premium plugin v22.6 (Yoast SEO v22.6) - https:\/\/yoast.com\/wordpress\/plugins\/seo\/ -->\n<title>Sewer Serpent - Sewer Dwellers T-shirt - Koi Metal Merch<\/title>\n<meta name=\"description\" content=\"Sewer Dwellers bestseller T-shirt featuring the band\u2019s logo and snake graphic. Made from premium cotton, perfect for concerts and everyday metal outfits.\" \/>\n<meta name=\"robots\" content=\"index, follow, max-snippet:-1, max-image-preview:large, max-video-preview:-1\" \/>\n<link rel=\"canonical\" href=\"https:\/\/koimetalmerch.com\/en\/product\/sewer-serpent-sewer-dwellers-t-shirt\/\" \/>\n<meta property=\"og:locale\" content=\"en_US\" \/>\n<meta property=\"og:type\" content=\"article\" \/>\n<meta property=\"og:title\" content=\"Sewer Serpent - Sewer Dwellers T-shirt\" \/>\n<meta property=\"og:description\" content=\"Sewer Dwellers bestseller T-shirt featuring the band\u2019s logo and snake graphic. Made from premium cotton, perfect for concerts and everyday metal outfits.\" \/>\n<meta property=\"og:url\" content=\"https:\/\/koimetalmerch.com\/en\/product\/sewer-serpent-sewer-dwellers-t-shirt\/\" \/>\n<meta property=\"og:site_name\" content=\"Koi Metal Merch\" \/>\n<meta property=\"article:publisher\" content=\"https:\/\/www.facebook.com\/koimetalmerch\/\" \/>\n<meta property=\"article:modified_time\" content=\"2025-03-05T19:08:34+00:00\" \/>\n<meta property=\"og:image\" content=\"http:\/\/koimetalmerch.com\/wp-content\/uploads\/2024\/01\/SEWER-DWELLERS-1.png\" \/>\n\t<meta property=\"og:image:width\" content=\"1500\" \/>\n\t<meta property=\"og:image:height\" content=\"1500\" \/>\n\t<meta property=\"og:image:type\" content=\"image\/png\" \/>\n<meta name=\"twitter:card\" content=\"summary_large_image\" \/>\n<script type=\"application\/ld+json\" class=\"yoast-schema-graph\">{\"@context\":\"https:\/\/schema.org\",\"@graph\":[{\"@type\":\"WebPage\",\"@id\":\"https:\/\/koimetalmerch.com\/en\/product\/sewer-serpent-sewer-dwellers-t-shirt\/\",\"url\":\"https:\/\/koimetalmerch.com\/en\/product\/sewer-serpent-sewer-dwellers-t-shirt\/\",\"name\":\"Sewer Serpent - Sewer Dwellers T-shirt - Koi Metal Merch\",\"isPartOf\":{\"@id\":\"https:\/\/koimetalmerch.com\/en\/#website\"},\"primaryImageOfPage\":{\"@id\":\"https:\/\/koimetalmerch.com\/en\/product\/sewer-serpent-sewer-dwellers-t-shirt\/#primaryimage\"},\"image\":{\"@id\":\"https:\/\/koimetalmerch.com\/en\/product\/sewer-serpent-sewer-dwellers-t-shirt\/#primaryimage\"},\"thumbnailUrl\":\"https:\/\/koimetalmerch.com\/wp-content\/uploads\/2024\/01\/SEWER-DWELLERS-1.png\",\"datePublished\":\"2024-04-10T22:06:32+00:00\",\"dateModified\":\"2025-03-05T19:08:34+00:00\",\"description\":\"Sewer Dwellers bestseller T-shirt featuring the band\u2019s logo and snake graphic. Made from premium cotton, perfect for concerts and everyday metal outfits.\",\"breadcrumb\":{\"@id\":\"https:\/\/koimetalmerch.com\/en\/product\/sewer-serpent-sewer-dwellers-t-shirt\/#breadcrumb\"},\"inLanguage\":\"en-US\",\"potentialAction\":[{\"@type\":\"ReadAction\",\"target\":[\"https:\/\/koimetalmerch.com\/en\/product\/sewer-serpent-sewer-dwellers-t-shirt\/\"]}]},{\"@type\":\"ImageObject\",\"inLanguage\":\"en-US\",\"@id\":\"https:\/\/koimetalmerch.com\/en\/product\/sewer-serpent-sewer-dwellers-t-shirt\/#primaryimage\",\"url\":\"https:\/\/koimetalmerch.com\/wp-content\/uploads\/2024\/01\/SEWER-DWELLERS-1.png\",\"contentUrl\":\"https:\/\/koimetalmerch.com\/wp-content\/uploads\/2024\/01\/SEWER-DWELLERS-1.png\",\"width\":1500,\"height\":1500,\"caption\":\"SEWER DWELLERS the serpent\"},{\"@type\":\"BreadcrumbList\",\"@id\":\"https:\/\/koimetalmerch.com\/en\/product\/sewer-serpent-sewer-dwellers-t-shirt\/#breadcrumb\",\"itemListElement\":[{\"@type\":\"ListItem\",\"position\":1,\"name\":\"Strona G\u0142\u00f3wna\",\"item\":\"https:\/\/koimetalmerch.com\/en\/home-page\/\"},{\"@type\":\"ListItem\",\"position\":2,\"name\":\"All products\",\"item\":\"https:\/\/koimetalmerch.com\/en\/shop\/\"},{\"@type\":\"ListItem\",\"position\":3,\"name\":\"Clothes\",\"item\":\"https:\/\/koimetalmerch.com\/en\/category\/clothes\/\"},{\"@type\":\"ListItem\",\"position\":4,\"name\":\"Sewer Serpent &#8211; Sewer Dwellers T-shirt\"}]},{\"@type\":\"WebSite\",\"@id\":\"https:\/\/koimetalmerch.com\/en\/#website\",\"url\":\"https:\/\/koimetalmerch.com\/en\/\",\"name\":\"Koi Metal Merch\",\"description\":\"Sklep z odzie\u017c\u0105 rockow\u0105 i metalow\u0105. Znajd\u017a koszulki i muzyk\u0119 swoich ulubionych zespo\u0142\u00f3w z Polski! Wspieraj artyst\u00f3w, muzyk\u00f3w i znajd\u017a co\u015b wyj\u0105tkowego dla siebie\",\"publisher\":{\"@id\":\"https:\/\/koimetalmerch.com\/en\/#organization\"},\"alternateName\":\"KoiMetalMerch\",\"potentialAction\":[{\"@type\":\"SearchAction\",\"target\":{\"@type\":\"EntryPoint\",\"urlTemplate\":\"https:\/\/koimetalmerch.com\/en\/?s={search_term_string}\"},\"query-input\":\"required name=search_term_string\"}],\"inLanguage\":\"en-US\"},{\"@type\":[\"Organization\",\"Place\"],\"@id\":\"https:\/\/koimetalmerch.com\/en\/#organization\",\"name\":\"Koi Metal Merch\",\"alternateName\":\"Koi Metal Merch\",\"url\":\"https:\/\/koimetalmerch.com\/en\/\",\"logo\":{\"@id\":\"https:\/\/koimetalmerch.com\/en\/product\/sewer-serpent-sewer-dwellers-t-shirt\/#local-main-organization-logo\"},\"image\":{\"@id\":\"https:\/\/koimetalmerch.com\/en\/product\/sewer-serpent-sewer-dwellers-t-shirt\/#local-main-organization-logo\"},\"sameAs\":[\"https:\/\/www.facebook.com\/koimetalmerch\/\"],\"description\":\"Witaj w naszej internetowej rodzinie, gdzie mrok spotyka si\u0119 z muzyk\u0105, a unikatowy design \u0142\u0105czy si\u0119 z najwy\u017csz\u0105 jako\u015bci\u0105. Jeste\u015bmy dostawcami najwy\u017cszej jako\u015bci merchu zespo\u0142\u00f3w rockowych i metalowych, kt\u00f3rego nie spotkasz nigdzie indziej. W naszej kolekcji znajdziesz szeroki wyb\u00f3r koszulek, bluz, czapek i innych akcesori\u00f3w, kt\u00f3re pozwol\u0105 Ci wyrazi\u0107 swoj\u0105 pasj\u0119 do rocka i metalu. Ka\u017cdy nasz produkt cechuje unikatowy design oraz limitowana dost\u0119pno\u015b\u0107, co sprawia, \u017ce \u200b\u200bka\u017cdy zakup staje si\u0119 wyj\u0105tkowym do\u015bwiadczeniem. Jako firma mocno zaanga\u017cowana w wspieranie lokalnych artyst\u00f3w, du\u017ca cz\u0119\u015b\u0107 zysk\u00f3w ze sprzeda\u017cy trafia bezpo\u015brednio do zespo\u0142\u00f3w, kt\u00f3re stworzy\u0142y nasze produkty. W ten spos\u00f3b nie tylko zdob\u0119dziesz wyj\u0105tkowe ubrania, ale tak\u017ce wesprzesz rozw\u00f3j polskiej sceny muzycznej. Do\u0142\u0105cz do naszej spo\u0142eczno\u015bci mi\u0142o\u015bnik\u00f3w rocka i metalu ju\u017c dzi\u015b, odkryj nasz\u0105 kolekcj\u0119 i wyra\u017a swoj\u0105 indywidualno\u015b\u0107 z naszym merchandisingiem!\",\"publishingPrinciples\":\"https:\/\/koimetalmerch.com\/polityka-prywatnosci\/\",\"telephone\":[],\"openingHoursSpecification\":[{\"@type\":\"OpeningHoursSpecification\",\"dayOfWeek\":[\"Monday\",\"Tuesday\",\"Wednesday\",\"Thursday\",\"Friday\",\"Saturday\",\"Sunday\"],\"opens\":\"09:00\",\"closes\":\"17:00\"}]},{\"@type\":\"ImageObject\",\"inLanguage\":\"en-US\",\"@id\":\"https:\/\/koimetalmerch.com\/en\/product\/sewer-serpent-sewer-dwellers-t-shirt\/#local-main-organization-logo\",\"url\":\"https:\/\/koimetalmerch.com\/wp-content\/uploads\/2025\/02\/Page-Thumbnail.png\",\"contentUrl\":\"https:\/\/koimetalmerch.com\/wp-content\/uploads\/2025\/02\/Page-Thumbnail.png\",\"width\":1200,\"height\":675,\"caption\":\"Koi Metal Merch\"}]}<\/script>\n<meta property=\"product:brand\" content=\"Sewer Dwellers\" \/>\n<meta property=\"og:availability\" content=\"instock\" \/>\n<meta property=\"product:availability\" content=\"instock\" \/>\n<meta property=\"product:condition\" content=\"new\" \/>\n<!-- \/ Yoast SEO Premium plugin. -->","yoast_head_json":{"title":"Sewer Serpent - Sewer Dwellers T-shirt - Koi Metal Merch","description":"Sewer Dwellers bestseller T-shirt featuring the band\u2019s logo and snake graphic. Made from premium cotton, perfect for concerts and everyday metal outfits.","robots":{"index":"index","follow":"follow","max-snippet":"max-snippet:-1","max-image-preview":"max-image-preview:large","max-video-preview":"max-video-preview:-1"},"canonical":"https:\/\/koimetalmerch.com\/en\/product\/sewer-serpent-sewer-dwellers-t-shirt\/","og_locale":"en_US","og_type":"article","og_title":"Sewer Serpent - Sewer Dwellers T-shirt","og_description":"Sewer Dwellers bestseller T-shirt featuring the band\u2019s logo and snake graphic. Made from premium cotton, perfect for concerts and everyday metal outfits.","og_url":"https:\/\/koimetalmerch.com\/en\/product\/sewer-serpent-sewer-dwellers-t-shirt\/","og_site_name":"Koi Metal Merch","article_publisher":"https:\/\/www.facebook.com\/koimetalmerch\/","article_modified_time":"2025-03-05T19:08:34+00:00","og_image":[{"width":1500,"height":1500,"url":"http:\/\/koimetalmerch.com\/wp-content\/uploads\/2024\/01\/SEWER-DWELLERS-1.png","type":"image\/png"}],"twitter_card":"summary_large_image","schema":{"@context":"https:\/\/schema.org","@graph":[{"@type":"WebPage","@id":"https:\/\/koimetalmerch.com\/en\/product\/sewer-serpent-sewer-dwellers-t-shirt\/","url":"https:\/\/koimetalmerch.com\/en\/product\/sewer-serpent-sewer-dwellers-t-shirt\/","name":"Sewer Serpent - Sewer Dwellers T-shirt - Koi Metal Merch","isPartOf":{"@id":"https:\/\/koimetalmerch.com\/en\/#website"},"primaryImageOfPage":{"@id":"https:\/\/koimetalmerch.com\/en\/product\/sewer-serpent-sewer-dwellers-t-shirt\/#primaryimage"},"image":{"@id":"https:\/\/koimetalmerch.com\/en\/product\/sewer-serpent-sewer-dwellers-t-shirt\/#primaryimage"},"thumbnailUrl":"https:\/\/koimetalmerch.com\/wp-content\/uploads\/2024\/01\/SEWER-DWELLERS-1.png","datePublished":"2024-04-10T22:06:32+00:00","dateModified":"2025-03-05T19:08:34+00:00","description":"Sewer Dwellers bestseller T-shirt featuring the band\u2019s logo and snake graphic. Made from premium cotton, perfect for concerts and everyday metal outfits.","breadcrumb":{"@id":"https:\/\/koimetalmerch.com\/en\/product\/sewer-serpent-sewer-dwellers-t-shirt\/#breadcrumb"},"inLanguage":"en-US","potentialAction":[{"@type":"ReadAction","target":["https:\/\/koimetalmerch.com\/en\/product\/sewer-serpent-sewer-dwellers-t-shirt\/"]}]},{"@type":"ImageObject","inLanguage":"en-US","@id":"https:\/\/koimetalmerch.com\/en\/product\/sewer-serpent-sewer-dwellers-t-shirt\/#primaryimage","url":"https:\/\/koimetalmerch.com\/wp-content\/uploads\/2024\/01\/SEWER-DWELLERS-1.png","contentUrl":"https:\/\/koimetalmerch.com\/wp-content\/uploads\/2024\/01\/SEWER-DWELLERS-1.png","width":1500,"height":1500,"caption":"SEWER DWELLERS the serpent"},{"@type":"BreadcrumbList","@id":"https:\/\/koimetalmerch.com\/en\/product\/sewer-serpent-sewer-dwellers-t-shirt\/#breadcrumb","itemListElement":[{"@type":"ListItem","position":1,"name":"Strona G\u0142\u00f3wna","item":"https:\/\/koimetalmerch.com\/en\/home-page\/"},{"@type":"ListItem","position":2,"name":"All products","item":"https:\/\/koimetalmerch.com\/en\/shop\/"},{"@type":"ListItem","position":3,"name":"Clothes","item":"https:\/\/koimetalmerch.com\/en\/category\/clothes\/"},{"@type":"ListItem","position":4,"name":"Sewer Serpent &#8211; Sewer Dwellers T-shirt"}]},{"@type":"WebSite","@id":"https:\/\/koimetalmerch.com\/en\/#website","url":"https:\/\/koimetalmerch.com\/en\/","name":"Koi Metal Merch","description":"Sklep z odzie\u017c\u0105 rockow\u0105 i metalow\u0105. Znajd\u017a koszulki i muzyk\u0119 swoich ulubionych zespo\u0142\u00f3w z Polski! Wspieraj artyst\u00f3w, muzyk\u00f3w i znajd\u017a co\u015b wyj\u0105tkowego dla siebie","publisher":{"@id":"https:\/\/koimetalmerch.com\/en\/#organization"},"alternateName":"KoiMetalMerch","potentialAction":[{"@type":"SearchAction","target":{"@type":"EntryPoint","urlTemplate":"https:\/\/koimetalmerch.com\/en\/?s={search_term_string}"},"query-input":"required name=search_term_string"}],"inLanguage":"en-US"},{"@type":["Organization","Place"],"@id":"https:\/\/koimetalmerch.com\/en\/#organization","name":"Koi Metal Merch","alternateName":"Koi Metal Merch","url":"https:\/\/koimetalmerch.com\/en\/","logo":{"@id":"https:\/\/koimetalmerch.com\/en\/product\/sewer-serpent-sewer-dwellers-t-shirt\/#local-main-organization-logo"},"image":{"@id":"https:\/\/koimetalmerch.com\/en\/product\/sewer-serpent-sewer-dwellers-t-shirt\/#local-main-organization-logo"},"sameAs":["https:\/\/www.facebook.com\/koimetalmerch\/"],"description":"Witaj w naszej internetowej rodzinie, gdzie mrok spotyka si\u0119 z muzyk\u0105, a unikatowy design \u0142\u0105czy si\u0119 z najwy\u017csz\u0105 jako\u015bci\u0105. Jeste\u015bmy dostawcami najwy\u017cszej jako\u015bci merchu zespo\u0142\u00f3w rockowych i metalowych, kt\u00f3rego nie spotkasz nigdzie indziej. W naszej kolekcji znajdziesz szeroki wyb\u00f3r koszulek, bluz, czapek i innych akcesori\u00f3w, kt\u00f3re pozwol\u0105 Ci wyrazi\u0107 swoj\u0105 pasj\u0119 do rocka i metalu. Ka\u017cdy nasz produkt cechuje unikatowy design oraz limitowana dost\u0119pno\u015b\u0107, co sprawia, \u017ce \u200b\u200bka\u017cdy zakup staje si\u0119 wyj\u0105tkowym do\u015bwiadczeniem. Jako firma mocno zaanga\u017cowana w wspieranie lokalnych artyst\u00f3w, du\u017ca cz\u0119\u015b\u0107 zysk\u00f3w ze sprzeda\u017cy trafia bezpo\u015brednio do zespo\u0142\u00f3w, kt\u00f3re stworzy\u0142y nasze produkty. W ten spos\u00f3b nie tylko zdob\u0119dziesz wyj\u0105tkowe ubrania, ale tak\u017ce wesprzesz rozw\u00f3j polskiej sceny muzycznej. Do\u0142\u0105cz do naszej spo\u0142eczno\u015bci mi\u0142o\u015bnik\u00f3w rocka i metalu ju\u017c dzi\u015b, odkryj nasz\u0105 kolekcj\u0119 i wyra\u017a swoj\u0105 indywidualno\u015b\u0107 z naszym merchandisingiem!","publishingPrinciples":"https:\/\/koimetalmerch.com\/polityka-prywatnosci\/","telephone":[],"openingHoursSpecification":[{"@type":"OpeningHoursSpecification","dayOfWeek":["Monday","Tuesday","Wednesday","Thursday","Friday","Saturday","Sunday"],"opens":"09:00","closes":"17:00"}]},{"@type":"ImageObject","inLanguage":"en-US","@id":"https:\/\/koimetalmerch.com\/en\/product\/sewer-serpent-sewer-dwellers-t-shirt\/#local-main-organization-logo","url":"https:\/\/koimetalmerch.com\/wp-content\/uploads\/2025\/02\/Page-Thumbnail.png","contentUrl":"https:\/\/koimetalmerch.com\/wp-content\/uploads\/2025\/02\/Page-Thumbnail.png","width":1200,"height":675,"caption":"Koi Metal Merch"}]},"product_brand":"Sewer Dwellers","og_availability":"instock","product_availability":"instock","product_condition":"new"},"brands":[{"id":63,"name":"Sewer Dwellers","slug":"sewer-dwellers-en"}],"_links":{"self":[{"href":"https:\/\/koimetalmerch.com\/en\/wp-json\/wp\/v2\/product\/295","targetHints":{"allow":["GET"]}}],"collection":[{"href":"https:\/\/koimetalmerch.com\/en\/wp-json\/wp\/v2\/product"}],"about":[{"href":"https:\/\/koimetalmerch.com\/en\/wp-json\/wp\/v2\/types\/product"}],"replies":[{"embeddable":true,"href":"https:\/\/koimetalmerch.com\/en\/wp-json\/wp\/v2\/comments?post=295"}],"wp:featuredmedia":[{"embeddable":true,"href":"https:\/\/koimetalmerch.com\/en\/wp-json\/wp\/v2\/media\/195"}],"wp:attachment":[{"href":"https:\/\/koimetalmerch.com\/en\/wp-json\/wp\/v2\/media?parent=295"}],"wp:term":[{"taxonomy":"pwb-brand","embeddable":true,"href":"https:\/\/koimetalmerch.com\/en\/wp-json\/wp\/v2\/pwb-brand?post=295"},{"taxonomy":"product_cat","embeddable":true,"href":"https:\/\/koimetalmerch.com\/en\/wp-json\/wp\/v2\/product_cat?post=295"},{"taxonomy":"product_tag","embeddable":true,"href":"https:\/\/koimetalmerch.com\/en\/wp-json\/wp\/v2\/product_tag?post=295"}],"curies":[{"name":"wp","href":"https:\/\/api.w.org\/{rel}","templated":true}]}}