{"id":346,"date":"2024-04-10T22:55:23","date_gmt":"2024-04-10T22:55:23","guid":{"rendered":"https:\/\/koimetalmerch.com\/?post_type=product&#038;p=346"},"modified":"2025-03-05T18:41:57","modified_gmt":"2025-03-05T18:41:57","slug":"sewer-dwellers-letting-no-sin-abide-single","status":"publish","type":"product","link":"https:\/\/koimetalmerch.com\/en\/product\/sewer-dwellers-letting-no-sin-abide-single\/","title":{"rendered":"Sewer Dwellers &#8211; Letting No Sin Abide (Single)"},"content":{"rendered":"<p data-start=\"2508\" data-end=\"3034\"><em data-start=\"2544\" data-end=\"2568\">&#8220;Letting No Sin Abide&#8221;<\/em> is a brutal and emotional track by Sewer Dwellers that perfectly captures the spirit of deathcore and death metal. The lyrics explore life in a world full of limitations, where a person has no chance to spread their wings or find true happiness. Through this song, Sewer Dwellers create an oppressive atmosphere of hopelessness, showing an existence on the edge of collapse. However, the rebellion against imposed rules and false values becomes the central theme.<\/p>\n<p data-start=\"3036\" data-end=\"3457\">Moreover, the lyrics tell a story of rejection and disappointment that follow a person from birth to the grave. Heavy riffs, aggressive drums, and powerful vocals build a dark soundscape that complements the raw anger and defiance within the words. Therefore, <em data-start=\"3296\" data-end=\"3320\">&#8220;Letting No Sin Abide&#8221;<\/em> is more than just music \u2013 it is a manifesto that reveals how difficult it is to find purpose in a world that suppresses individuality.<\/p>\n<p data-start=\"3459\" data-end=\"3696\">This track is a must-have for every Sewer Dwellers fan who values intense sound and honest expression. By downloading the song, you can fully immerse yourself in the dark atmosphere and experience the emotions hidden behind every line.<\/p>\n<p>Product contains:<\/p>\n<ul>\n<li><strong>Letting No Sin Abide<\/strong><\/li>\n<\/ul>\n","protected":false},"excerpt":{"rendered":"<p><em data-start=\"3740\" data-end=\"3764\">&#8220;Letting No Sin Abide&#8221;<\/em> \u2013 a Sewer Dwellers track about life in a world of limitations and rebellion against imposed rules.<\/p>\n","protected":false},"featured_media":341,"comment_status":"open","ping_status":"closed","template":"","meta":{"_acf_changed":false},"pwb-brand":[63],"product_cat":[53],"product_tag":[],"class_list":{"0":"post-346","1":"product","2":"type-product","3":"status-publish","4":"has-post-thumbnail","6":"pwb-brand-sewer-dwellers-en","7":"product_cat-music","9":"first","10":"instock","11":"downloadable","12":"virtual","13":"purchasable","14":"product-type-simple","15":"customify-col"},"acf":[],"yoast_head":"<!-- This site is optimized with the Yoast SEO Premium plugin v22.6 (Yoast SEO v22.6) - https:\/\/yoast.com\/wordpress\/plugins\/seo\/ -->\n<title>Sewer Dwellers - Letting No Sin Abide (Single) - Koi Metal Merch<\/title>\n<meta name=\"description\" content=\"Sewer Dwellers Letting No Sin Abide track is a brutal story about life with no escape from limitations. Its lyrics full of anger and rebellion blend perfectly with heavy deathcore sound.\" \/>\n<meta name=\"robots\" content=\"index, follow, max-snippet:-1, max-image-preview:large, max-video-preview:-1\" \/>\n<link rel=\"canonical\" href=\"https:\/\/koimetalmerch.com\/en\/product\/sewer-dwellers-letting-no-sin-abide-single\/\" \/>\n<meta property=\"og:locale\" content=\"en_US\" \/>\n<meta property=\"og:type\" content=\"article\" \/>\n<meta property=\"og:title\" content=\"Sewer Dwellers - Letting No Sin Abide (Single)\" \/>\n<meta property=\"og:description\" content=\"Sewer Dwellers Letting No Sin Abide track is a brutal story about life with no escape from limitations. Its lyrics full of anger and rebellion blend perfectly with heavy deathcore sound.\" \/>\n<meta property=\"og:url\" content=\"https:\/\/koimetalmerch.com\/en\/product\/sewer-dwellers-letting-no-sin-abide-single\/\" \/>\n<meta property=\"og:site_name\" content=\"Koi Metal Merch\" \/>\n<meta property=\"article:publisher\" content=\"https:\/\/www.facebook.com\/koimetalmerch\/\" \/>\n<meta property=\"article:modified_time\" content=\"2025-03-05T18:41:57+00:00\" \/>\n<meta property=\"og:image\" content=\"http:\/\/koimetalmerch.com\/wp-content\/uploads\/2024\/04\/SEWER-DWELLERS-LETTING-NO-SIN-ABIDE-SINGLE-min.jpg\" \/>\n\t<meta property=\"og:image:width\" content=\"1500\" \/>\n\t<meta property=\"og:image:height\" content=\"1500\" \/>\n\t<meta property=\"og:image:type\" content=\"image\/jpeg\" \/>\n<meta name=\"twitter:card\" content=\"summary_large_image\" \/>\n<script type=\"application\/ld+json\" class=\"yoast-schema-graph\">{\"@context\":\"https:\/\/schema.org\",\"@graph\":[{\"@type\":\"WebPage\",\"@id\":\"https:\/\/koimetalmerch.com\/en\/product\/sewer-dwellers-letting-no-sin-abide-single\/\",\"url\":\"https:\/\/koimetalmerch.com\/en\/product\/sewer-dwellers-letting-no-sin-abide-single\/\",\"name\":\"Sewer Dwellers - Letting No Sin Abide (Single) - Koi Metal Merch\",\"isPartOf\":{\"@id\":\"https:\/\/koimetalmerch.com\/en\/#website\"},\"primaryImageOfPage\":{\"@id\":\"https:\/\/koimetalmerch.com\/en\/product\/sewer-dwellers-letting-no-sin-abide-single\/#primaryimage\"},\"image\":{\"@id\":\"https:\/\/koimetalmerch.com\/en\/product\/sewer-dwellers-letting-no-sin-abide-single\/#primaryimage\"},\"thumbnailUrl\":\"https:\/\/koimetalmerch.com\/wp-content\/uploads\/2024\/04\/SEWER-DWELLERS-LETTING-NO-SIN-ABIDE-SINGLE-min.jpg\",\"datePublished\":\"2024-04-10T22:55:23+00:00\",\"dateModified\":\"2025-03-05T18:41:57+00:00\",\"description\":\"Sewer Dwellers Letting No Sin Abide track is a brutal story about life with no escape from limitations. Its lyrics full of anger and rebellion blend perfectly with heavy deathcore sound.\",\"breadcrumb\":{\"@id\":\"https:\/\/koimetalmerch.com\/en\/product\/sewer-dwellers-letting-no-sin-abide-single\/#breadcrumb\"},\"inLanguage\":\"en-US\",\"potentialAction\":[{\"@type\":\"ReadAction\",\"target\":[\"https:\/\/koimetalmerch.com\/en\/product\/sewer-dwellers-letting-no-sin-abide-single\/\"]}]},{\"@type\":\"ImageObject\",\"inLanguage\":\"en-US\",\"@id\":\"https:\/\/koimetalmerch.com\/en\/product\/sewer-dwellers-letting-no-sin-abide-single\/#primaryimage\",\"url\":\"https:\/\/koimetalmerch.com\/wp-content\/uploads\/2024\/04\/SEWER-DWELLERS-LETTING-NO-SIN-ABIDE-SINGLE-min.jpg\",\"contentUrl\":\"https:\/\/koimetalmerch.com\/wp-content\/uploads\/2024\/04\/SEWER-DWELLERS-LETTING-NO-SIN-ABIDE-SINGLE-min.jpg\",\"width\":1500,\"height\":1500,\"caption\":\"SEWER DWELLERS - LETTING NO SIN ABIDE SINGLE\"},{\"@type\":\"BreadcrumbList\",\"@id\":\"https:\/\/koimetalmerch.com\/en\/product\/sewer-dwellers-letting-no-sin-abide-single\/#breadcrumb\",\"itemListElement\":[{\"@type\":\"ListItem\",\"position\":1,\"name\":\"Strona G\u0142\u00f3wna\",\"item\":\"https:\/\/koimetalmerch.com\/en\/home-page\/\"},{\"@type\":\"ListItem\",\"position\":2,\"name\":\"All products\",\"item\":\"https:\/\/koimetalmerch.com\/en\/shop\/\"},{\"@type\":\"ListItem\",\"position\":3,\"name\":\"Music\",\"item\":\"https:\/\/koimetalmerch.com\/en\/category\/music\/\"},{\"@type\":\"ListItem\",\"position\":4,\"name\":\"Sewer Dwellers &#8211; Letting No Sin Abide (Single)\"}]},{\"@type\":\"WebSite\",\"@id\":\"https:\/\/koimetalmerch.com\/en\/#website\",\"url\":\"https:\/\/koimetalmerch.com\/en\/\",\"name\":\"Koi Metal Merch\",\"description\":\"Sklep z odzie\u017c\u0105 rockow\u0105 i metalow\u0105. Znajd\u017a koszulki i muzyk\u0119 swoich ulubionych zespo\u0142\u00f3w z Polski! Wspieraj artyst\u00f3w, muzyk\u00f3w i znajd\u017a co\u015b wyj\u0105tkowego dla siebie\",\"publisher\":{\"@id\":\"https:\/\/koimetalmerch.com\/en\/#organization\"},\"alternateName\":\"KoiMetalMerch\",\"potentialAction\":[{\"@type\":\"SearchAction\",\"target\":{\"@type\":\"EntryPoint\",\"urlTemplate\":\"https:\/\/koimetalmerch.com\/en\/?s={search_term_string}\"},\"query-input\":\"required name=search_term_string\"}],\"inLanguage\":\"en-US\"},{\"@type\":[\"Organization\",\"Place\"],\"@id\":\"https:\/\/koimetalmerch.com\/en\/#organization\",\"name\":\"Koi Metal Merch\",\"alternateName\":\"Koi Metal Merch\",\"url\":\"https:\/\/koimetalmerch.com\/en\/\",\"logo\":{\"@id\":\"https:\/\/koimetalmerch.com\/en\/product\/sewer-dwellers-letting-no-sin-abide-single\/#local-main-organization-logo\"},\"image\":{\"@id\":\"https:\/\/koimetalmerch.com\/en\/product\/sewer-dwellers-letting-no-sin-abide-single\/#local-main-organization-logo\"},\"sameAs\":[\"https:\/\/www.facebook.com\/koimetalmerch\/\"],\"description\":\"Witaj w naszej internetowej rodzinie, gdzie mrok spotyka si\u0119 z muzyk\u0105, a unikatowy design \u0142\u0105czy si\u0119 z najwy\u017csz\u0105 jako\u015bci\u0105. Jeste\u015bmy dostawcami najwy\u017cszej jako\u015bci merchu zespo\u0142\u00f3w rockowych i metalowych, kt\u00f3rego nie spotkasz nigdzie indziej. W naszej kolekcji znajdziesz szeroki wyb\u00f3r koszulek, bluz, czapek i innych akcesori\u00f3w, kt\u00f3re pozwol\u0105 Ci wyrazi\u0107 swoj\u0105 pasj\u0119 do rocka i metalu. Ka\u017cdy nasz produkt cechuje unikatowy design oraz limitowana dost\u0119pno\u015b\u0107, co sprawia, \u017ce \u200b\u200bka\u017cdy zakup staje si\u0119 wyj\u0105tkowym do\u015bwiadczeniem. Jako firma mocno zaanga\u017cowana w wspieranie lokalnych artyst\u00f3w, du\u017ca cz\u0119\u015b\u0107 zysk\u00f3w ze sprzeda\u017cy trafia bezpo\u015brednio do zespo\u0142\u00f3w, kt\u00f3re stworzy\u0142y nasze produkty. W ten spos\u00f3b nie tylko zdob\u0119dziesz wyj\u0105tkowe ubrania, ale tak\u017ce wesprzesz rozw\u00f3j polskiej sceny muzycznej. Do\u0142\u0105cz do naszej spo\u0142eczno\u015bci mi\u0142o\u015bnik\u00f3w rocka i metalu ju\u017c dzi\u015b, odkryj nasz\u0105 kolekcj\u0119 i wyra\u017a swoj\u0105 indywidualno\u015b\u0107 z naszym merchandisingiem!\",\"publishingPrinciples\":\"https:\/\/koimetalmerch.com\/polityka-prywatnosci\/\",\"telephone\":[],\"openingHoursSpecification\":[{\"@type\":\"OpeningHoursSpecification\",\"dayOfWeek\":[\"Monday\",\"Tuesday\",\"Wednesday\",\"Thursday\",\"Friday\",\"Saturday\",\"Sunday\"],\"opens\":\"09:00\",\"closes\":\"17:00\"}]},{\"@type\":\"ImageObject\",\"inLanguage\":\"en-US\",\"@id\":\"https:\/\/koimetalmerch.com\/en\/product\/sewer-dwellers-letting-no-sin-abide-single\/#local-main-organization-logo\",\"url\":\"https:\/\/koimetalmerch.com\/wp-content\/uploads\/2025\/02\/Page-Thumbnail.png\",\"contentUrl\":\"https:\/\/koimetalmerch.com\/wp-content\/uploads\/2025\/02\/Page-Thumbnail.png\",\"width\":1200,\"height\":675,\"caption\":\"Koi Metal Merch\"}]}<\/script>\n<meta property=\"product:brand\" content=\"Sewer Dwellers\" \/>\n<meta property=\"product:price:amount\" content=\"0.00\" \/>\n<meta property=\"product:price:currency\" content=\"PLN\" \/>\n<meta property=\"og:availability\" content=\"instock\" \/>\n<meta property=\"product:availability\" content=\"instock\" \/>\n<meta property=\"product:condition\" content=\"new\" \/>\n<!-- \/ Yoast SEO Premium plugin. -->","yoast_head_json":{"title":"Sewer Dwellers - Letting No Sin Abide (Single) - Koi Metal Merch","description":"Sewer Dwellers Letting No Sin Abide track is a brutal story about life with no escape from limitations. Its lyrics full of anger and rebellion blend perfectly with heavy deathcore sound.","robots":{"index":"index","follow":"follow","max-snippet":"max-snippet:-1","max-image-preview":"max-image-preview:large","max-video-preview":"max-video-preview:-1"},"canonical":"https:\/\/koimetalmerch.com\/en\/product\/sewer-dwellers-letting-no-sin-abide-single\/","og_locale":"en_US","og_type":"article","og_title":"Sewer Dwellers - Letting No Sin Abide (Single)","og_description":"Sewer Dwellers Letting No Sin Abide track is a brutal story about life with no escape from limitations. Its lyrics full of anger and rebellion blend perfectly with heavy deathcore sound.","og_url":"https:\/\/koimetalmerch.com\/en\/product\/sewer-dwellers-letting-no-sin-abide-single\/","og_site_name":"Koi Metal Merch","article_publisher":"https:\/\/www.facebook.com\/koimetalmerch\/","article_modified_time":"2025-03-05T18:41:57+00:00","og_image":[{"width":1500,"height":1500,"url":"http:\/\/koimetalmerch.com\/wp-content\/uploads\/2024\/04\/SEWER-DWELLERS-LETTING-NO-SIN-ABIDE-SINGLE-min.jpg","type":"image\/jpeg"}],"twitter_card":"summary_large_image","schema":{"@context":"https:\/\/schema.org","@graph":[{"@type":"WebPage","@id":"https:\/\/koimetalmerch.com\/en\/product\/sewer-dwellers-letting-no-sin-abide-single\/","url":"https:\/\/koimetalmerch.com\/en\/product\/sewer-dwellers-letting-no-sin-abide-single\/","name":"Sewer Dwellers - Letting No Sin Abide (Single) - Koi Metal Merch","isPartOf":{"@id":"https:\/\/koimetalmerch.com\/en\/#website"},"primaryImageOfPage":{"@id":"https:\/\/koimetalmerch.com\/en\/product\/sewer-dwellers-letting-no-sin-abide-single\/#primaryimage"},"image":{"@id":"https:\/\/koimetalmerch.com\/en\/product\/sewer-dwellers-letting-no-sin-abide-single\/#primaryimage"},"thumbnailUrl":"https:\/\/koimetalmerch.com\/wp-content\/uploads\/2024\/04\/SEWER-DWELLERS-LETTING-NO-SIN-ABIDE-SINGLE-min.jpg","datePublished":"2024-04-10T22:55:23+00:00","dateModified":"2025-03-05T18:41:57+00:00","description":"Sewer Dwellers Letting No Sin Abide track is a brutal story about life with no escape from limitations. Its lyrics full of anger and rebellion blend perfectly with heavy deathcore sound.","breadcrumb":{"@id":"https:\/\/koimetalmerch.com\/en\/product\/sewer-dwellers-letting-no-sin-abide-single\/#breadcrumb"},"inLanguage":"en-US","potentialAction":[{"@type":"ReadAction","target":["https:\/\/koimetalmerch.com\/en\/product\/sewer-dwellers-letting-no-sin-abide-single\/"]}]},{"@type":"ImageObject","inLanguage":"en-US","@id":"https:\/\/koimetalmerch.com\/en\/product\/sewer-dwellers-letting-no-sin-abide-single\/#primaryimage","url":"https:\/\/koimetalmerch.com\/wp-content\/uploads\/2024\/04\/SEWER-DWELLERS-LETTING-NO-SIN-ABIDE-SINGLE-min.jpg","contentUrl":"https:\/\/koimetalmerch.com\/wp-content\/uploads\/2024\/04\/SEWER-DWELLERS-LETTING-NO-SIN-ABIDE-SINGLE-min.jpg","width":1500,"height":1500,"caption":"SEWER DWELLERS - LETTING NO SIN ABIDE SINGLE"},{"@type":"BreadcrumbList","@id":"https:\/\/koimetalmerch.com\/en\/product\/sewer-dwellers-letting-no-sin-abide-single\/#breadcrumb","itemListElement":[{"@type":"ListItem","position":1,"name":"Strona G\u0142\u00f3wna","item":"https:\/\/koimetalmerch.com\/en\/home-page\/"},{"@type":"ListItem","position":2,"name":"All products","item":"https:\/\/koimetalmerch.com\/en\/shop\/"},{"@type":"ListItem","position":3,"name":"Music","item":"https:\/\/koimetalmerch.com\/en\/category\/music\/"},{"@type":"ListItem","position":4,"name":"Sewer Dwellers &#8211; Letting No Sin Abide (Single)"}]},{"@type":"WebSite","@id":"https:\/\/koimetalmerch.com\/en\/#website","url":"https:\/\/koimetalmerch.com\/en\/","name":"Koi Metal Merch","description":"Sklep z odzie\u017c\u0105 rockow\u0105 i metalow\u0105. Znajd\u017a koszulki i muzyk\u0119 swoich ulubionych zespo\u0142\u00f3w z Polski! Wspieraj artyst\u00f3w, muzyk\u00f3w i znajd\u017a co\u015b wyj\u0105tkowego dla siebie","publisher":{"@id":"https:\/\/koimetalmerch.com\/en\/#organization"},"alternateName":"KoiMetalMerch","potentialAction":[{"@type":"SearchAction","target":{"@type":"EntryPoint","urlTemplate":"https:\/\/koimetalmerch.com\/en\/?s={search_term_string}"},"query-input":"required name=search_term_string"}],"inLanguage":"en-US"},{"@type":["Organization","Place"],"@id":"https:\/\/koimetalmerch.com\/en\/#organization","name":"Koi Metal Merch","alternateName":"Koi Metal Merch","url":"https:\/\/koimetalmerch.com\/en\/","logo":{"@id":"https:\/\/koimetalmerch.com\/en\/product\/sewer-dwellers-letting-no-sin-abide-single\/#local-main-organization-logo"},"image":{"@id":"https:\/\/koimetalmerch.com\/en\/product\/sewer-dwellers-letting-no-sin-abide-single\/#local-main-organization-logo"},"sameAs":["https:\/\/www.facebook.com\/koimetalmerch\/"],"description":"Witaj w naszej internetowej rodzinie, gdzie mrok spotyka si\u0119 z muzyk\u0105, a unikatowy design \u0142\u0105czy si\u0119 z najwy\u017csz\u0105 jako\u015bci\u0105. Jeste\u015bmy dostawcami najwy\u017cszej jako\u015bci merchu zespo\u0142\u00f3w rockowych i metalowych, kt\u00f3rego nie spotkasz nigdzie indziej. W naszej kolekcji znajdziesz szeroki wyb\u00f3r koszulek, bluz, czapek i innych akcesori\u00f3w, kt\u00f3re pozwol\u0105 Ci wyrazi\u0107 swoj\u0105 pasj\u0119 do rocka i metalu. Ka\u017cdy nasz produkt cechuje unikatowy design oraz limitowana dost\u0119pno\u015b\u0107, co sprawia, \u017ce \u200b\u200bka\u017cdy zakup staje si\u0119 wyj\u0105tkowym do\u015bwiadczeniem. Jako firma mocno zaanga\u017cowana w wspieranie lokalnych artyst\u00f3w, du\u017ca cz\u0119\u015b\u0107 zysk\u00f3w ze sprzeda\u017cy trafia bezpo\u015brednio do zespo\u0142\u00f3w, kt\u00f3re stworzy\u0142y nasze produkty. W ten spos\u00f3b nie tylko zdob\u0119dziesz wyj\u0105tkowe ubrania, ale tak\u017ce wesprzesz rozw\u00f3j polskiej sceny muzycznej. Do\u0142\u0105cz do naszej spo\u0142eczno\u015bci mi\u0142o\u015bnik\u00f3w rocka i metalu ju\u017c dzi\u015b, odkryj nasz\u0105 kolekcj\u0119 i wyra\u017a swoj\u0105 indywidualno\u015b\u0107 z naszym merchandisingiem!","publishingPrinciples":"https:\/\/koimetalmerch.com\/polityka-prywatnosci\/","telephone":[],"openingHoursSpecification":[{"@type":"OpeningHoursSpecification","dayOfWeek":["Monday","Tuesday","Wednesday","Thursday","Friday","Saturday","Sunday"],"opens":"09:00","closes":"17:00"}]},{"@type":"ImageObject","inLanguage":"en-US","@id":"https:\/\/koimetalmerch.com\/en\/product\/sewer-dwellers-letting-no-sin-abide-single\/#local-main-organization-logo","url":"https:\/\/koimetalmerch.com\/wp-content\/uploads\/2025\/02\/Page-Thumbnail.png","contentUrl":"https:\/\/koimetalmerch.com\/wp-content\/uploads\/2025\/02\/Page-Thumbnail.png","width":1200,"height":675,"caption":"Koi Metal Merch"}]},"product_brand":"Sewer Dwellers","product_price_amount":"0.00","product_price_currency":"PLN","og_availability":"instock","product_availability":"instock","product_condition":"new"},"brands":[{"id":63,"name":"Sewer Dwellers","slug":"sewer-dwellers-en"}],"_links":{"self":[{"href":"https:\/\/koimetalmerch.com\/en\/wp-json\/wp\/v2\/product\/346","targetHints":{"allow":["GET"]}}],"collection":[{"href":"https:\/\/koimetalmerch.com\/en\/wp-json\/wp\/v2\/product"}],"about":[{"href":"https:\/\/koimetalmerch.com\/en\/wp-json\/wp\/v2\/types\/product"}],"replies":[{"embeddable":true,"href":"https:\/\/koimetalmerch.com\/en\/wp-json\/wp\/v2\/comments?post=346"}],"wp:featuredmedia":[{"embeddable":true,"href":"https:\/\/koimetalmerch.com\/en\/wp-json\/wp\/v2\/media\/341"}],"wp:attachment":[{"href":"https:\/\/koimetalmerch.com\/en\/wp-json\/wp\/v2\/media?parent=346"}],"wp:term":[{"taxonomy":"pwb-brand","embeddable":true,"href":"https:\/\/koimetalmerch.com\/en\/wp-json\/wp\/v2\/pwb-brand?post=346"},{"taxonomy":"product_cat","embeddable":true,"href":"https:\/\/koimetalmerch.com\/en\/wp-json\/wp\/v2\/product_cat?post=346"},{"taxonomy":"product_tag","embeddable":true,"href":"https:\/\/koimetalmerch.com\/en\/wp-json\/wp\/v2\/product_tag?post=346"}],"curies":[{"name":"wp","href":"https:\/\/api.w.org\/{rel}","templated":true}]}}