{"id":611,"date":"2024-11-11T19:17:06","date_gmt":"2024-11-11T19:17:06","guid":{"rendered":"https:\/\/koimetalmerch.com\/product\/foam-koszulka-sewer-dwellers\/"},"modified":"2025-07-10T21:22:07","modified_gmt":"2025-07-10T21:22:07","slug":"foam-koszulka-sewer-dwellers","status":"publish","type":"product","link":"https:\/\/koimetalmerch.com\/en\/product\/foam-koszulka-sewer-dwellers\/","title":{"rendered":"Fate of a Maggot &#8211; Sewer Dwellers T-shirt"},"content":{"rendered":"<p data-start=\"224\" data-end=\"766\">The <em data-start=\"264\" data-end=\"299\">Sewer Dwellers &#8211; Fate of a Maggot<\/em> T-shirt is a unique piece of merch created to celebrate the fifth anniversary of the band\u2019s first EP release. Because this design honors the beginnings of Sewer Dwellers, it perfectly reflects the dark atmosphere of deathcore and death metal. The front features bold artwork with the band\u2019s logo and the title <em data-start=\"610\" data-end=\"630\">&#8220;Fate of a Maggot&#8221;<\/em>. Moreover, the back includes the Sewer Dwellers logo and a reference to the debut EP, which makes this shirt a true collector\u2019s item.<\/p>\n<p data-start=\"768\" data-end=\"1154\">The Sewer Dwellers T-shirt is made from high-quality Fruit of the Loom Super Premium material. Therefore, it provides comfort whether you&#8217;re at a concert or wearing it every day. The olive-green color combined with black and white details makes it stand out from typical metal shirts. In addition, its classic fit ensures freedom of movement and a comfortable feel throughout the day.<\/p>\n<p data-start=\"1156\" data-end=\"1550\">If you are looking for a deathcore T-shirt that helps you show your support for Sewer Dwellers, this model is the perfect choice. However, it is not just a stylish piece of clothing. It is also ideal for fans of heavy music who value original merch. With this metal T-shirt, you get not only a unique addition to your wardrobe but also a piece of the band\u2019s history that you can wear anytime.<\/p>\n<p data-start=\"4032\" data-end=\"4081\">Material:<\/p>\n<ul>\n<li data-start=\"4032\" data-end=\"4081\"><strong data-start=\"4044\" data-end=\"4079\">Fruit of the Loom Super Premium<\/strong><\/li>\n<\/ul>\n","protected":false},"excerpt":{"rendered":"<p>Olive-green Sewer Dwellers T-shirt created for the fifth anniversary of the <em data-start=\"4201\" data-end=\"4221\">&#8220;Fate of a Maggot&#8221;<\/em> EP. Bold design, classic fit, and high-quality material.<\/p>\n","protected":false},"featured_media":606,"comment_status":"open","ping_status":"closed","template":"","meta":{"_acf_changed":false},"pwb-brand":[63],"product_cat":[44,43],"product_tag":[],"class_list":{"0":"post-611","1":"product","2":"type-product","3":"status-publish","4":"has-post-thumbnail","6":"pwb-brand-sewer-dwellers-en","7":"product_cat-clothes","8":"product_cat-t-shirts","9":"pa_size-l-size","10":"pa_size-m-size","11":"pa_size-s-size","12":"pa_size-xl-size","13":"pa_size-xxl-size","15":"first","16":"instock","17":"shipping-taxable","18":"purchasable","19":"product-type-variable","20":"has-default-attributes","21":"customify-col","22":"product-has-gallery"},"acf":[],"yoast_head":"<!-- This site is optimized with the Yoast SEO Premium plugin v22.6 (Yoast SEO v22.6) - https:\/\/yoast.com\/wordpress\/plugins\/seo\/ -->\n<title>Fate of a Maggot - Sewer Dwellers T-shirt - Koi Metal Merch<\/title>\n<meta name=\"description\" content=\"Original Sewer Dwellers Fate of a Maggot T-shirt made to celebrate the fifth anniversary of the debut EP. High-quality material, olive color, and dark graphic inspired by deathcore and death metal.\" \/>\n<meta name=\"robots\" content=\"index, follow, max-snippet:-1, max-image-preview:large, max-video-preview:-1\" \/>\n<link rel=\"canonical\" href=\"https:\/\/koimetalmerch.com\/en\/product\/foam-koszulka-sewer-dwellers\/\" \/>\n<meta property=\"og:locale\" content=\"en_US\" \/>\n<meta property=\"og:type\" content=\"article\" \/>\n<meta property=\"og:title\" content=\"Fate of a Maggot - Sewer Dwellers T-shirt\" \/>\n<meta property=\"og:description\" content=\"Original Sewer Dwellers Fate of a Maggot T-shirt made to celebrate the fifth anniversary of the debut EP. High-quality material, olive color, and dark graphic inspired by deathcore and death metal.\" \/>\n<meta property=\"og:url\" content=\"https:\/\/koimetalmerch.com\/en\/product\/foam-koszulka-sewer-dwellers\/\" \/>\n<meta property=\"og:site_name\" content=\"Koi Metal Merch\" \/>\n<meta property=\"article:publisher\" content=\"https:\/\/www.facebook.com\/koimetalmerch\/\" \/>\n<meta property=\"article:modified_time\" content=\"2025-07-10T21:22:07+00:00\" \/>\n<meta property=\"og:image\" content=\"http:\/\/koimetalmerch.com\/wp-content\/uploads\/2024\/11\/8.png\" \/>\n\t<meta property=\"og:image:width\" content=\"1500\" \/>\n\t<meta property=\"og:image:height\" content=\"1500\" \/>\n\t<meta property=\"og:image:type\" content=\"image\/png\" \/>\n<meta name=\"twitter:card\" content=\"summary_large_image\" \/>\n<script type=\"application\/ld+json\" class=\"yoast-schema-graph\">{\"@context\":\"https:\/\/schema.org\",\"@graph\":[{\"@type\":\"WebPage\",\"@id\":\"https:\/\/koimetalmerch.com\/en\/product\/foam-koszulka-sewer-dwellers\/\",\"url\":\"https:\/\/koimetalmerch.com\/en\/product\/foam-koszulka-sewer-dwellers\/\",\"name\":\"Fate of a Maggot - Sewer Dwellers T-shirt - Koi Metal Merch\",\"isPartOf\":{\"@id\":\"https:\/\/koimetalmerch.com\/en\/#website\"},\"primaryImageOfPage\":{\"@id\":\"https:\/\/koimetalmerch.com\/en\/product\/foam-koszulka-sewer-dwellers\/#primaryimage\"},\"image\":{\"@id\":\"https:\/\/koimetalmerch.com\/en\/product\/foam-koszulka-sewer-dwellers\/#primaryimage\"},\"thumbnailUrl\":\"https:\/\/koimetalmerch.com\/wp-content\/uploads\/2024\/11\/8.png\",\"datePublished\":\"2024-11-11T19:17:06+00:00\",\"dateModified\":\"2025-07-10T21:22:07+00:00\",\"description\":\"Original Sewer Dwellers Fate of a Maggot T-shirt made to celebrate the fifth anniversary of the debut EP. High-quality material, olive color, and dark graphic inspired by deathcore and death metal.\",\"breadcrumb\":{\"@id\":\"https:\/\/koimetalmerch.com\/en\/product\/foam-koszulka-sewer-dwellers\/#breadcrumb\"},\"inLanguage\":\"en-US\",\"potentialAction\":[{\"@type\":\"ReadAction\",\"target\":[\"https:\/\/koimetalmerch.com\/en\/product\/foam-koszulka-sewer-dwellers\/\"]}]},{\"@type\":\"ImageObject\",\"inLanguage\":\"en-US\",\"@id\":\"https:\/\/koimetalmerch.com\/en\/product\/foam-koszulka-sewer-dwellers\/#primaryimage\",\"url\":\"https:\/\/koimetalmerch.com\/wp-content\/uploads\/2024\/11\/8.png\",\"contentUrl\":\"https:\/\/koimetalmerch.com\/wp-content\/uploads\/2024\/11\/8.png\",\"width\":1500,\"height\":1500,\"caption\":\"sewer dwellers fate of a maggotsewer dwellers fate of a maggot\"},{\"@type\":\"BreadcrumbList\",\"@id\":\"https:\/\/koimetalmerch.com\/en\/product\/foam-koszulka-sewer-dwellers\/#breadcrumb\",\"itemListElement\":[{\"@type\":\"ListItem\",\"position\":1,\"name\":\"Strona G\u0142\u00f3wna\",\"item\":\"https:\/\/koimetalmerch.com\/en\/home-page\/\"},{\"@type\":\"ListItem\",\"position\":2,\"name\":\"All products\",\"item\":\"https:\/\/koimetalmerch.com\/en\/shop\/\"},{\"@type\":\"ListItem\",\"position\":3,\"name\":\"Clothes\",\"item\":\"https:\/\/koimetalmerch.com\/en\/category\/clothes\/\"},{\"@type\":\"ListItem\",\"position\":4,\"name\":\"Fate of a Maggot &#8211; Sewer Dwellers T-shirt\"}]},{\"@type\":\"WebSite\",\"@id\":\"https:\/\/koimetalmerch.com\/en\/#website\",\"url\":\"https:\/\/koimetalmerch.com\/en\/\",\"name\":\"Koi Metal Merch\",\"description\":\"Sklep z odzie\u017c\u0105 rockow\u0105 i metalow\u0105. Znajd\u017a koszulki i muzyk\u0119 swoich ulubionych zespo\u0142\u00f3w z Polski! Wspieraj artyst\u00f3w, muzyk\u00f3w i znajd\u017a co\u015b wyj\u0105tkowego dla siebie\",\"publisher\":{\"@id\":\"https:\/\/koimetalmerch.com\/en\/#organization\"},\"alternateName\":\"KoiMetalMerch\",\"potentialAction\":[{\"@type\":\"SearchAction\",\"target\":{\"@type\":\"EntryPoint\",\"urlTemplate\":\"https:\/\/koimetalmerch.com\/en\/?s={search_term_string}\"},\"query-input\":\"required name=search_term_string\"}],\"inLanguage\":\"en-US\"},{\"@type\":[\"Organization\",\"Place\"],\"@id\":\"https:\/\/koimetalmerch.com\/en\/#organization\",\"name\":\"Koi Metal Merch\",\"alternateName\":\"Koi Metal Merch\",\"url\":\"https:\/\/koimetalmerch.com\/en\/\",\"logo\":{\"@id\":\"https:\/\/koimetalmerch.com\/en\/product\/foam-koszulka-sewer-dwellers\/#local-main-organization-logo\"},\"image\":{\"@id\":\"https:\/\/koimetalmerch.com\/en\/product\/foam-koszulka-sewer-dwellers\/#local-main-organization-logo\"},\"sameAs\":[\"https:\/\/www.facebook.com\/koimetalmerch\/\"],\"description\":\"Witaj w naszej internetowej rodzinie, gdzie mrok spotyka si\u0119 z muzyk\u0105, a unikatowy design \u0142\u0105czy si\u0119 z najwy\u017csz\u0105 jako\u015bci\u0105. Jeste\u015bmy dostawcami najwy\u017cszej jako\u015bci merchu zespo\u0142\u00f3w rockowych i metalowych, kt\u00f3rego nie spotkasz nigdzie indziej. W naszej kolekcji znajdziesz szeroki wyb\u00f3r koszulek, bluz, czapek i innych akcesori\u00f3w, kt\u00f3re pozwol\u0105 Ci wyrazi\u0107 swoj\u0105 pasj\u0119 do rocka i metalu. Ka\u017cdy nasz produkt cechuje unikatowy design oraz limitowana dost\u0119pno\u015b\u0107, co sprawia, \u017ce \u200b\u200bka\u017cdy zakup staje si\u0119 wyj\u0105tkowym do\u015bwiadczeniem. Jako firma mocno zaanga\u017cowana w wspieranie lokalnych artyst\u00f3w, du\u017ca cz\u0119\u015b\u0107 zysk\u00f3w ze sprzeda\u017cy trafia bezpo\u015brednio do zespo\u0142\u00f3w, kt\u00f3re stworzy\u0142y nasze produkty. W ten spos\u00f3b nie tylko zdob\u0119dziesz wyj\u0105tkowe ubrania, ale tak\u017ce wesprzesz rozw\u00f3j polskiej sceny muzycznej. Do\u0142\u0105cz do naszej spo\u0142eczno\u015bci mi\u0142o\u015bnik\u00f3w rocka i metalu ju\u017c dzi\u015b, odkryj nasz\u0105 kolekcj\u0119 i wyra\u017a swoj\u0105 indywidualno\u015b\u0107 z naszym merchandisingiem!\",\"publishingPrinciples\":\"https:\/\/koimetalmerch.com\/polityka-prywatnosci\/\",\"telephone\":[],\"openingHoursSpecification\":[{\"@type\":\"OpeningHoursSpecification\",\"dayOfWeek\":[\"Monday\",\"Tuesday\",\"Wednesday\",\"Thursday\",\"Friday\",\"Saturday\",\"Sunday\"],\"opens\":\"09:00\",\"closes\":\"17:00\"}]},{\"@type\":\"ImageObject\",\"inLanguage\":\"en-US\",\"@id\":\"https:\/\/koimetalmerch.com\/en\/product\/foam-koszulka-sewer-dwellers\/#local-main-organization-logo\",\"url\":\"https:\/\/koimetalmerch.com\/wp-content\/uploads\/2025\/02\/Page-Thumbnail.png\",\"contentUrl\":\"https:\/\/koimetalmerch.com\/wp-content\/uploads\/2025\/02\/Page-Thumbnail.png\",\"width\":1200,\"height\":675,\"caption\":\"Koi Metal Merch\"}]}<\/script>\n<meta property=\"product:brand\" content=\"Sewer Dwellers\" \/>\n<meta property=\"og:availability\" content=\"instock\" \/>\n<meta property=\"product:availability\" content=\"instock\" \/>\n<meta property=\"product:condition\" content=\"new\" \/>\n<!-- \/ Yoast SEO Premium plugin. -->","yoast_head_json":{"title":"Fate of a Maggot - Sewer Dwellers T-shirt - Koi Metal Merch","description":"Original Sewer Dwellers Fate of a Maggot T-shirt made to celebrate the fifth anniversary of the debut EP. High-quality material, olive color, and dark graphic inspired by deathcore and death metal.","robots":{"index":"index","follow":"follow","max-snippet":"max-snippet:-1","max-image-preview":"max-image-preview:large","max-video-preview":"max-video-preview:-1"},"canonical":"https:\/\/koimetalmerch.com\/en\/product\/foam-koszulka-sewer-dwellers\/","og_locale":"en_US","og_type":"article","og_title":"Fate of a Maggot - Sewer Dwellers T-shirt","og_description":"Original Sewer Dwellers Fate of a Maggot T-shirt made to celebrate the fifth anniversary of the debut EP. High-quality material, olive color, and dark graphic inspired by deathcore and death metal.","og_url":"https:\/\/koimetalmerch.com\/en\/product\/foam-koszulka-sewer-dwellers\/","og_site_name":"Koi Metal Merch","article_publisher":"https:\/\/www.facebook.com\/koimetalmerch\/","article_modified_time":"2025-07-10T21:22:07+00:00","og_image":[{"width":1500,"height":1500,"url":"http:\/\/koimetalmerch.com\/wp-content\/uploads\/2024\/11\/8.png","type":"image\/png"}],"twitter_card":"summary_large_image","schema":{"@context":"https:\/\/schema.org","@graph":[{"@type":"WebPage","@id":"https:\/\/koimetalmerch.com\/en\/product\/foam-koszulka-sewer-dwellers\/","url":"https:\/\/koimetalmerch.com\/en\/product\/foam-koszulka-sewer-dwellers\/","name":"Fate of a Maggot - Sewer Dwellers T-shirt - Koi Metal Merch","isPartOf":{"@id":"https:\/\/koimetalmerch.com\/en\/#website"},"primaryImageOfPage":{"@id":"https:\/\/koimetalmerch.com\/en\/product\/foam-koszulka-sewer-dwellers\/#primaryimage"},"image":{"@id":"https:\/\/koimetalmerch.com\/en\/product\/foam-koszulka-sewer-dwellers\/#primaryimage"},"thumbnailUrl":"https:\/\/koimetalmerch.com\/wp-content\/uploads\/2024\/11\/8.png","datePublished":"2024-11-11T19:17:06+00:00","dateModified":"2025-07-10T21:22:07+00:00","description":"Original Sewer Dwellers Fate of a Maggot T-shirt made to celebrate the fifth anniversary of the debut EP. High-quality material, olive color, and dark graphic inspired by deathcore and death metal.","breadcrumb":{"@id":"https:\/\/koimetalmerch.com\/en\/product\/foam-koszulka-sewer-dwellers\/#breadcrumb"},"inLanguage":"en-US","potentialAction":[{"@type":"ReadAction","target":["https:\/\/koimetalmerch.com\/en\/product\/foam-koszulka-sewer-dwellers\/"]}]},{"@type":"ImageObject","inLanguage":"en-US","@id":"https:\/\/koimetalmerch.com\/en\/product\/foam-koszulka-sewer-dwellers\/#primaryimage","url":"https:\/\/koimetalmerch.com\/wp-content\/uploads\/2024\/11\/8.png","contentUrl":"https:\/\/koimetalmerch.com\/wp-content\/uploads\/2024\/11\/8.png","width":1500,"height":1500,"caption":"sewer dwellers fate of a maggotsewer dwellers fate of a maggot"},{"@type":"BreadcrumbList","@id":"https:\/\/koimetalmerch.com\/en\/product\/foam-koszulka-sewer-dwellers\/#breadcrumb","itemListElement":[{"@type":"ListItem","position":1,"name":"Strona G\u0142\u00f3wna","item":"https:\/\/koimetalmerch.com\/en\/home-page\/"},{"@type":"ListItem","position":2,"name":"All products","item":"https:\/\/koimetalmerch.com\/en\/shop\/"},{"@type":"ListItem","position":3,"name":"Clothes","item":"https:\/\/koimetalmerch.com\/en\/category\/clothes\/"},{"@type":"ListItem","position":4,"name":"Fate of a Maggot &#8211; Sewer Dwellers T-shirt"}]},{"@type":"WebSite","@id":"https:\/\/koimetalmerch.com\/en\/#website","url":"https:\/\/koimetalmerch.com\/en\/","name":"Koi Metal Merch","description":"Sklep z odzie\u017c\u0105 rockow\u0105 i metalow\u0105. Znajd\u017a koszulki i muzyk\u0119 swoich ulubionych zespo\u0142\u00f3w z Polski! Wspieraj artyst\u00f3w, muzyk\u00f3w i znajd\u017a co\u015b wyj\u0105tkowego dla siebie","publisher":{"@id":"https:\/\/koimetalmerch.com\/en\/#organization"},"alternateName":"KoiMetalMerch","potentialAction":[{"@type":"SearchAction","target":{"@type":"EntryPoint","urlTemplate":"https:\/\/koimetalmerch.com\/en\/?s={search_term_string}"},"query-input":"required name=search_term_string"}],"inLanguage":"en-US"},{"@type":["Organization","Place"],"@id":"https:\/\/koimetalmerch.com\/en\/#organization","name":"Koi Metal Merch","alternateName":"Koi Metal Merch","url":"https:\/\/koimetalmerch.com\/en\/","logo":{"@id":"https:\/\/koimetalmerch.com\/en\/product\/foam-koszulka-sewer-dwellers\/#local-main-organization-logo"},"image":{"@id":"https:\/\/koimetalmerch.com\/en\/product\/foam-koszulka-sewer-dwellers\/#local-main-organization-logo"},"sameAs":["https:\/\/www.facebook.com\/koimetalmerch\/"],"description":"Witaj w naszej internetowej rodzinie, gdzie mrok spotyka si\u0119 z muzyk\u0105, a unikatowy design \u0142\u0105czy si\u0119 z najwy\u017csz\u0105 jako\u015bci\u0105. Jeste\u015bmy dostawcami najwy\u017cszej jako\u015bci merchu zespo\u0142\u00f3w rockowych i metalowych, kt\u00f3rego nie spotkasz nigdzie indziej. W naszej kolekcji znajdziesz szeroki wyb\u00f3r koszulek, bluz, czapek i innych akcesori\u00f3w, kt\u00f3re pozwol\u0105 Ci wyrazi\u0107 swoj\u0105 pasj\u0119 do rocka i metalu. Ka\u017cdy nasz produkt cechuje unikatowy design oraz limitowana dost\u0119pno\u015b\u0107, co sprawia, \u017ce \u200b\u200bka\u017cdy zakup staje si\u0119 wyj\u0105tkowym do\u015bwiadczeniem. Jako firma mocno zaanga\u017cowana w wspieranie lokalnych artyst\u00f3w, du\u017ca cz\u0119\u015b\u0107 zysk\u00f3w ze sprzeda\u017cy trafia bezpo\u015brednio do zespo\u0142\u00f3w, kt\u00f3re stworzy\u0142y nasze produkty. W ten spos\u00f3b nie tylko zdob\u0119dziesz wyj\u0105tkowe ubrania, ale tak\u017ce wesprzesz rozw\u00f3j polskiej sceny muzycznej. Do\u0142\u0105cz do naszej spo\u0142eczno\u015bci mi\u0142o\u015bnik\u00f3w rocka i metalu ju\u017c dzi\u015b, odkryj nasz\u0105 kolekcj\u0119 i wyra\u017a swoj\u0105 indywidualno\u015b\u0107 z naszym merchandisingiem!","publishingPrinciples":"https:\/\/koimetalmerch.com\/polityka-prywatnosci\/","telephone":[],"openingHoursSpecification":[{"@type":"OpeningHoursSpecification","dayOfWeek":["Monday","Tuesday","Wednesday","Thursday","Friday","Saturday","Sunday"],"opens":"09:00","closes":"17:00"}]},{"@type":"ImageObject","inLanguage":"en-US","@id":"https:\/\/koimetalmerch.com\/en\/product\/foam-koszulka-sewer-dwellers\/#local-main-organization-logo","url":"https:\/\/koimetalmerch.com\/wp-content\/uploads\/2025\/02\/Page-Thumbnail.png","contentUrl":"https:\/\/koimetalmerch.com\/wp-content\/uploads\/2025\/02\/Page-Thumbnail.png","width":1200,"height":675,"caption":"Koi Metal Merch"}]},"product_brand":"Sewer Dwellers","og_availability":"instock","product_availability":"instock","product_condition":"new"},"brands":[{"id":63,"name":"Sewer Dwellers","slug":"sewer-dwellers-en"}],"_links":{"self":[{"href":"https:\/\/koimetalmerch.com\/en\/wp-json\/wp\/v2\/product\/611","targetHints":{"allow":["GET"]}}],"collection":[{"href":"https:\/\/koimetalmerch.com\/en\/wp-json\/wp\/v2\/product"}],"about":[{"href":"https:\/\/koimetalmerch.com\/en\/wp-json\/wp\/v2\/types\/product"}],"replies":[{"embeddable":true,"href":"https:\/\/koimetalmerch.com\/en\/wp-json\/wp\/v2\/comments?post=611"}],"wp:featuredmedia":[{"embeddable":true,"href":"https:\/\/koimetalmerch.com\/en\/wp-json\/wp\/v2\/media\/606"}],"wp:attachment":[{"href":"https:\/\/koimetalmerch.com\/en\/wp-json\/wp\/v2\/media?parent=611"}],"wp:term":[{"taxonomy":"pwb-brand","embeddable":true,"href":"https:\/\/koimetalmerch.com\/en\/wp-json\/wp\/v2\/pwb-brand?post=611"},{"taxonomy":"product_cat","embeddable":true,"href":"https:\/\/koimetalmerch.com\/en\/wp-json\/wp\/v2\/product_cat?post=611"},{"taxonomy":"product_tag","embeddable":true,"href":"https:\/\/koimetalmerch.com\/en\/wp-json\/wp\/v2\/product_tag?post=611"}],"curies":[{"name":"wp","href":"https:\/\/api.w.org\/{rel}","templated":true}]}}