{"id":761,"date":"2025-06-22T10:00:01","date_gmt":"2025-06-22T10:00:01","guid":{"rendered":"https:\/\/koimetalmerch.com\/product\/virya-echoes-of-the-mordern-mind-album\/"},"modified":"2025-06-22T10:02:48","modified_gmt":"2025-06-22T10:02:48","slug":"virya-echoes-of-the-mordern-mind-album","status":"publish","type":"product","link":"https:\/\/koimetalmerch.com\/en\/product\/virya-echoes-of-the-mordern-mind-album\/","title":{"rendered":"Virya &#8211; Echoes of the Mordern Mind (Album)"},"content":{"rendered":"<p data-start=\"2335\" data-end=\"2777\"><strong data-start=\"2335\" data-end=\"2372\">Virya \u2013 Echoes of the Modern Mind<\/strong> is a full-length album that takes the listener on a complex journey through the modern human psyche. Its lyrics and music reflect how today\u2019s world fills our minds with emotions, fears, and stories that often divide us instead of uniting. At the core lies rebellion against the subtle sins of contemporary society\u2014sins that no longer fit old definitions but quietly poison us, blurring the moral lines.<\/p>\n<p data-start=\"2779\" data-end=\"3028\">The album resonates with crushing riffs, downtuned guitars, and powerful vocals that blend rebellion, melancholy, and a search for hope. This is not just metal \u2014 it\u2019s an honest exploration of inner struggles that many people face in today\u2019s world.<\/p>\n<p data-start=\"3030\" data-end=\"3046\"><strong data-start=\"3030\" data-end=\"3044\">Tracklist:<\/strong><\/p>\n<ol data-start=\"3047\" data-end=\"3223\">\n<li data-start=\"3047\" data-end=\"3071\">\n<p data-start=\"3050\" data-end=\"3071\">Wave of Uncertainty<\/p>\n<\/li>\n<li data-start=\"3072\" data-end=\"3085\">\n<p data-start=\"3075\" data-end=\"3085\">Unmasked<\/p>\n<\/li>\n<li data-start=\"3086\" data-end=\"3102\">\n<p data-start=\"3089\" data-end=\"3102\">The Calling<\/p>\n<\/li>\n<li data-start=\"3103\" data-end=\"3121\">\n<p data-start=\"3106\" data-end=\"3121\">Seed of Doubt<\/p>\n<\/li>\n<li data-start=\"3122\" data-end=\"3133\">\n<p data-start=\"3125\" data-end=\"3133\">Hybrid<\/p>\n<\/li>\n<li data-start=\"3134\" data-end=\"3153\">\n<p data-start=\"3137\" data-end=\"3153\">From the Ashes<\/p>\n<\/li>\n<li data-start=\"3154\" data-end=\"3170\">\n<p data-start=\"3157\" data-end=\"3170\">Technofobia<\/p>\n<\/li>\n<li data-start=\"3171\" data-end=\"3186\">\n<p data-start=\"3174\" data-end=\"3186\">Invaluable<\/p>\n<\/li>\n<li data-start=\"3187\" data-end=\"3196\">\n<p data-start=\"3190\" data-end=\"3196\">Rise<\/p>\n<\/li>\n<li data-start=\"3197\" data-end=\"3213\">\n<p data-start=\"3201\" data-end=\"3213\">Party Time<\/p>\n<\/li>\n<li data-start=\"3214\" data-end=\"3223\">\n<p data-start=\"3218\" data-end=\"3223\">Waves<\/p>\n<\/li>\n<\/ol>\n<p>&nbsp;<\/p>\n<p data-start=\"3225\" data-end=\"3372\"><em data-start=\"3225\" data-end=\"3252\">Echoes of the Modern Mind<\/em> is a must-have for modern metal fans who seek more than just sound \u2014 they seek true emotions and meaningful reflection.<\/p>\n","protected":false},"excerpt":{"rendered":"<p>Full-length Virya album <em data-start=\"3441\" data-end=\"3468\">Echoes of the Modern Mind<\/em>. Emotion, rebellion, and heavy modern metal.<\/p>\n","protected":false},"featured_media":755,"comment_status":"open","ping_status":"closed","template":"","meta":{"_acf_changed":false},"pwb-brand":[71],"product_cat":[53],"product_tag":[],"class_list":{"0":"post-761","1":"product","2":"type-product","3":"status-publish","4":"has-post-thumbnail","6":"pwb-brand-virya","7":"product_cat-music","9":"first","10":"instock","11":"shipping-taxable","12":"purchasable","13":"product-type-simple","14":"customify-col"},"acf":[],"yoast_head":"<!-- This site is optimized with the Yoast SEO Premium plugin v22.6 (Yoast SEO v22.6) - https:\/\/yoast.com\/wordpress\/plugins\/seo\/ -->\n<title>Virya - Echoes of the Mordern Mind (Album) - Koi Metal Merch<\/title>\n<meta name=\"description\" content=\"Virya Echoes of the Modern Mind \u2014 full-length metal album blending heavy sound with reflections on modern sins and emotions.\" \/>\n<meta name=\"robots\" content=\"index, follow, max-snippet:-1, max-image-preview:large, max-video-preview:-1\" \/>\n<link rel=\"canonical\" href=\"https:\/\/koimetalmerch.com\/en\/product\/virya-echoes-of-the-mordern-mind-album\/\" \/>\n<meta property=\"og:locale\" content=\"en_US\" \/>\n<meta property=\"og:type\" content=\"article\" \/>\n<meta property=\"og:title\" content=\"Virya - Echoes of the Mordern Mind (Album)\" \/>\n<meta property=\"og:description\" content=\"Virya Echoes of the Modern Mind \u2014 full-length metal album blending heavy sound with reflections on modern sins and emotions.\" \/>\n<meta property=\"og:url\" content=\"https:\/\/koimetalmerch.com\/en\/product\/virya-echoes-of-the-mordern-mind-album\/\" \/>\n<meta property=\"og:site_name\" content=\"Koi Metal Merch\" \/>\n<meta property=\"article:publisher\" content=\"https:\/\/www.facebook.com\/koimetalmerch\/\" \/>\n<meta property=\"article:modified_time\" content=\"2025-06-22T10:02:48+00:00\" \/>\n<meta property=\"og:image\" content=\"http:\/\/koimetalmerch.com\/wp-content\/uploads\/2025\/06\/Virya-Echoes-of-the-Mordern-MInd-min.png\" \/>\n\t<meta property=\"og:image:width\" content=\"1500\" \/>\n\t<meta property=\"og:image:height\" content=\"1500\" \/>\n\t<meta property=\"og:image:type\" content=\"image\/png\" \/>\n<meta name=\"twitter:card\" content=\"summary_large_image\" \/>\n<script type=\"application\/ld+json\" class=\"yoast-schema-graph\">{\"@context\":\"https:\/\/schema.org\",\"@graph\":[{\"@type\":\"WebPage\",\"@id\":\"https:\/\/koimetalmerch.com\/en\/product\/virya-echoes-of-the-mordern-mind-album\/\",\"url\":\"https:\/\/koimetalmerch.com\/en\/product\/virya-echoes-of-the-mordern-mind-album\/\",\"name\":\"Virya - Echoes of the Mordern Mind (Album) - Koi Metal Merch\",\"isPartOf\":{\"@id\":\"https:\/\/koimetalmerch.com\/en\/#website\"},\"primaryImageOfPage\":{\"@id\":\"https:\/\/koimetalmerch.com\/en\/product\/virya-echoes-of-the-mordern-mind-album\/#primaryimage\"},\"image\":{\"@id\":\"https:\/\/koimetalmerch.com\/en\/product\/virya-echoes-of-the-mordern-mind-album\/#primaryimage\"},\"thumbnailUrl\":\"https:\/\/koimetalmerch.com\/wp-content\/uploads\/2025\/06\/Virya-Echoes-of-the-Mordern-MInd-min.png\",\"datePublished\":\"2025-06-22T10:00:01+00:00\",\"dateModified\":\"2025-06-22T10:02:48+00:00\",\"description\":\"Virya Echoes of the Modern Mind \u2014 full-length metal album blending heavy sound with reflections on modern sins and emotions.\",\"breadcrumb\":{\"@id\":\"https:\/\/koimetalmerch.com\/en\/product\/virya-echoes-of-the-mordern-mind-album\/#breadcrumb\"},\"inLanguage\":\"en-US\",\"potentialAction\":[{\"@type\":\"ReadAction\",\"target\":[\"https:\/\/koimetalmerch.com\/en\/product\/virya-echoes-of-the-mordern-mind-album\/\"]}]},{\"@type\":\"ImageObject\",\"inLanguage\":\"en-US\",\"@id\":\"https:\/\/koimetalmerch.com\/en\/product\/virya-echoes-of-the-mordern-mind-album\/#primaryimage\",\"url\":\"https:\/\/koimetalmerch.com\/wp-content\/uploads\/2025\/06\/Virya-Echoes-of-the-Mordern-MInd-min.png\",\"contentUrl\":\"https:\/\/koimetalmerch.com\/wp-content\/uploads\/2025\/06\/Virya-Echoes-of-the-Mordern-MInd-min.png\",\"width\":1500,\"height\":1500,\"caption\":\"Virya - Echoes of the Mordern MInd\"},{\"@type\":\"BreadcrumbList\",\"@id\":\"https:\/\/koimetalmerch.com\/en\/product\/virya-echoes-of-the-mordern-mind-album\/#breadcrumb\",\"itemListElement\":[{\"@type\":\"ListItem\",\"position\":1,\"name\":\"Strona G\u0142\u00f3wna\",\"item\":\"https:\/\/koimetalmerch.com\/en\/home-page\/\"},{\"@type\":\"ListItem\",\"position\":2,\"name\":\"All products\",\"item\":\"https:\/\/koimetalmerch.com\/en\/shop\/\"},{\"@type\":\"ListItem\",\"position\":3,\"name\":\"Music\",\"item\":\"https:\/\/koimetalmerch.com\/en\/category\/music\/\"},{\"@type\":\"ListItem\",\"position\":4,\"name\":\"Virya &#8211; Echoes of the Mordern Mind (Album)\"}]},{\"@type\":\"WebSite\",\"@id\":\"https:\/\/koimetalmerch.com\/en\/#website\",\"url\":\"https:\/\/koimetalmerch.com\/en\/\",\"name\":\"Koi Metal Merch\",\"description\":\"Sklep z odzie\u017c\u0105 rockow\u0105 i metalow\u0105. Znajd\u017a koszulki i muzyk\u0119 swoich ulubionych zespo\u0142\u00f3w z Polski! Wspieraj artyst\u00f3w, muzyk\u00f3w i znajd\u017a co\u015b wyj\u0105tkowego dla siebie\",\"publisher\":{\"@id\":\"https:\/\/koimetalmerch.com\/en\/#organization\"},\"alternateName\":\"KoiMetalMerch\",\"potentialAction\":[{\"@type\":\"SearchAction\",\"target\":{\"@type\":\"EntryPoint\",\"urlTemplate\":\"https:\/\/koimetalmerch.com\/en\/?s={search_term_string}\"},\"query-input\":\"required name=search_term_string\"}],\"inLanguage\":\"en-US\"},{\"@type\":[\"Organization\",\"Place\"],\"@id\":\"https:\/\/koimetalmerch.com\/en\/#organization\",\"name\":\"Koi Metal Merch\",\"alternateName\":\"Koi Metal Merch\",\"url\":\"https:\/\/koimetalmerch.com\/en\/\",\"logo\":{\"@id\":\"https:\/\/koimetalmerch.com\/en\/product\/virya-echoes-of-the-mordern-mind-album\/#local-main-organization-logo\"},\"image\":{\"@id\":\"https:\/\/koimetalmerch.com\/en\/product\/virya-echoes-of-the-mordern-mind-album\/#local-main-organization-logo\"},\"sameAs\":[\"https:\/\/www.facebook.com\/koimetalmerch\/\"],\"description\":\"Witaj w naszej internetowej rodzinie, gdzie mrok spotyka si\u0119 z muzyk\u0105, a unikatowy design \u0142\u0105czy si\u0119 z najwy\u017csz\u0105 jako\u015bci\u0105. Jeste\u015bmy dostawcami najwy\u017cszej jako\u015bci merchu zespo\u0142\u00f3w rockowych i metalowych, kt\u00f3rego nie spotkasz nigdzie indziej. W naszej kolekcji znajdziesz szeroki wyb\u00f3r koszulek, bluz, czapek i innych akcesori\u00f3w, kt\u00f3re pozwol\u0105 Ci wyrazi\u0107 swoj\u0105 pasj\u0119 do rocka i metalu. Ka\u017cdy nasz produkt cechuje unikatowy design oraz limitowana dost\u0119pno\u015b\u0107, co sprawia, \u017ce \u200b\u200bka\u017cdy zakup staje si\u0119 wyj\u0105tkowym do\u015bwiadczeniem. Jako firma mocno zaanga\u017cowana w wspieranie lokalnych artyst\u00f3w, du\u017ca cz\u0119\u015b\u0107 zysk\u00f3w ze sprzeda\u017cy trafia bezpo\u015brednio do zespo\u0142\u00f3w, kt\u00f3re stworzy\u0142y nasze produkty. W ten spos\u00f3b nie tylko zdob\u0119dziesz wyj\u0105tkowe ubrania, ale tak\u017ce wesprzesz rozw\u00f3j polskiej sceny muzycznej. Do\u0142\u0105cz do naszej spo\u0142eczno\u015bci mi\u0142o\u015bnik\u00f3w rocka i metalu ju\u017c dzi\u015b, odkryj nasz\u0105 kolekcj\u0119 i wyra\u017a swoj\u0105 indywidualno\u015b\u0107 z naszym merchandisingiem!\",\"publishingPrinciples\":\"https:\/\/koimetalmerch.com\/polityka-prywatnosci\/\",\"telephone\":[],\"openingHoursSpecification\":[{\"@type\":\"OpeningHoursSpecification\",\"dayOfWeek\":[\"Monday\",\"Tuesday\",\"Wednesday\",\"Thursday\",\"Friday\",\"Saturday\",\"Sunday\"],\"opens\":\"09:00\",\"closes\":\"17:00\"}]},{\"@type\":\"ImageObject\",\"inLanguage\":\"en-US\",\"@id\":\"https:\/\/koimetalmerch.com\/en\/product\/virya-echoes-of-the-mordern-mind-album\/#local-main-organization-logo\",\"url\":\"https:\/\/koimetalmerch.com\/wp-content\/uploads\/2025\/02\/Page-Thumbnail.png\",\"contentUrl\":\"https:\/\/koimetalmerch.com\/wp-content\/uploads\/2025\/02\/Page-Thumbnail.png\",\"width\":1200,\"height\":675,\"caption\":\"Koi Metal Merch\"}]}<\/script>\n<meta property=\"product:brand\" content=\"Virya\" \/>\n<meta property=\"product:price:amount\" content=\"50.00\" \/>\n<meta property=\"product:price:currency\" content=\"PLN\" \/>\n<meta property=\"og:availability\" content=\"instock\" \/>\n<meta property=\"product:availability\" content=\"instock\" \/>\n<meta property=\"product:condition\" content=\"new\" \/>\n<!-- \/ Yoast SEO Premium plugin. -->","yoast_head_json":{"title":"Virya - Echoes of the Mordern Mind (Album) - Koi Metal Merch","description":"Virya Echoes of the Modern Mind \u2014 full-length metal album blending heavy sound with reflections on modern sins and emotions.","robots":{"index":"index","follow":"follow","max-snippet":"max-snippet:-1","max-image-preview":"max-image-preview:large","max-video-preview":"max-video-preview:-1"},"canonical":"https:\/\/koimetalmerch.com\/en\/product\/virya-echoes-of-the-mordern-mind-album\/","og_locale":"en_US","og_type":"article","og_title":"Virya - Echoes of the Mordern Mind (Album)","og_description":"Virya Echoes of the Modern Mind \u2014 full-length metal album blending heavy sound with reflections on modern sins and emotions.","og_url":"https:\/\/koimetalmerch.com\/en\/product\/virya-echoes-of-the-mordern-mind-album\/","og_site_name":"Koi Metal Merch","article_publisher":"https:\/\/www.facebook.com\/koimetalmerch\/","article_modified_time":"2025-06-22T10:02:48+00:00","og_image":[{"width":1500,"height":1500,"url":"http:\/\/koimetalmerch.com\/wp-content\/uploads\/2025\/06\/Virya-Echoes-of-the-Mordern-MInd-min.png","type":"image\/png"}],"twitter_card":"summary_large_image","schema":{"@context":"https:\/\/schema.org","@graph":[{"@type":"WebPage","@id":"https:\/\/koimetalmerch.com\/en\/product\/virya-echoes-of-the-mordern-mind-album\/","url":"https:\/\/koimetalmerch.com\/en\/product\/virya-echoes-of-the-mordern-mind-album\/","name":"Virya - Echoes of the Mordern Mind (Album) - Koi Metal Merch","isPartOf":{"@id":"https:\/\/koimetalmerch.com\/en\/#website"},"primaryImageOfPage":{"@id":"https:\/\/koimetalmerch.com\/en\/product\/virya-echoes-of-the-mordern-mind-album\/#primaryimage"},"image":{"@id":"https:\/\/koimetalmerch.com\/en\/product\/virya-echoes-of-the-mordern-mind-album\/#primaryimage"},"thumbnailUrl":"https:\/\/koimetalmerch.com\/wp-content\/uploads\/2025\/06\/Virya-Echoes-of-the-Mordern-MInd-min.png","datePublished":"2025-06-22T10:00:01+00:00","dateModified":"2025-06-22T10:02:48+00:00","description":"Virya Echoes of the Modern Mind \u2014 full-length metal album blending heavy sound with reflections on modern sins and emotions.","breadcrumb":{"@id":"https:\/\/koimetalmerch.com\/en\/product\/virya-echoes-of-the-mordern-mind-album\/#breadcrumb"},"inLanguage":"en-US","potentialAction":[{"@type":"ReadAction","target":["https:\/\/koimetalmerch.com\/en\/product\/virya-echoes-of-the-mordern-mind-album\/"]}]},{"@type":"ImageObject","inLanguage":"en-US","@id":"https:\/\/koimetalmerch.com\/en\/product\/virya-echoes-of-the-mordern-mind-album\/#primaryimage","url":"https:\/\/koimetalmerch.com\/wp-content\/uploads\/2025\/06\/Virya-Echoes-of-the-Mordern-MInd-min.png","contentUrl":"https:\/\/koimetalmerch.com\/wp-content\/uploads\/2025\/06\/Virya-Echoes-of-the-Mordern-MInd-min.png","width":1500,"height":1500,"caption":"Virya - Echoes of the Mordern MInd"},{"@type":"BreadcrumbList","@id":"https:\/\/koimetalmerch.com\/en\/product\/virya-echoes-of-the-mordern-mind-album\/#breadcrumb","itemListElement":[{"@type":"ListItem","position":1,"name":"Strona G\u0142\u00f3wna","item":"https:\/\/koimetalmerch.com\/en\/home-page\/"},{"@type":"ListItem","position":2,"name":"All products","item":"https:\/\/koimetalmerch.com\/en\/shop\/"},{"@type":"ListItem","position":3,"name":"Music","item":"https:\/\/koimetalmerch.com\/en\/category\/music\/"},{"@type":"ListItem","position":4,"name":"Virya &#8211; Echoes of the Mordern Mind (Album)"}]},{"@type":"WebSite","@id":"https:\/\/koimetalmerch.com\/en\/#website","url":"https:\/\/koimetalmerch.com\/en\/","name":"Koi Metal Merch","description":"Sklep z odzie\u017c\u0105 rockow\u0105 i metalow\u0105. Znajd\u017a koszulki i muzyk\u0119 swoich ulubionych zespo\u0142\u00f3w z Polski! Wspieraj artyst\u00f3w, muzyk\u00f3w i znajd\u017a co\u015b wyj\u0105tkowego dla siebie","publisher":{"@id":"https:\/\/koimetalmerch.com\/en\/#organization"},"alternateName":"KoiMetalMerch","potentialAction":[{"@type":"SearchAction","target":{"@type":"EntryPoint","urlTemplate":"https:\/\/koimetalmerch.com\/en\/?s={search_term_string}"},"query-input":"required name=search_term_string"}],"inLanguage":"en-US"},{"@type":["Organization","Place"],"@id":"https:\/\/koimetalmerch.com\/en\/#organization","name":"Koi Metal Merch","alternateName":"Koi Metal Merch","url":"https:\/\/koimetalmerch.com\/en\/","logo":{"@id":"https:\/\/koimetalmerch.com\/en\/product\/virya-echoes-of-the-mordern-mind-album\/#local-main-organization-logo"},"image":{"@id":"https:\/\/koimetalmerch.com\/en\/product\/virya-echoes-of-the-mordern-mind-album\/#local-main-organization-logo"},"sameAs":["https:\/\/www.facebook.com\/koimetalmerch\/"],"description":"Witaj w naszej internetowej rodzinie, gdzie mrok spotyka si\u0119 z muzyk\u0105, a unikatowy design \u0142\u0105czy si\u0119 z najwy\u017csz\u0105 jako\u015bci\u0105. Jeste\u015bmy dostawcami najwy\u017cszej jako\u015bci merchu zespo\u0142\u00f3w rockowych i metalowych, kt\u00f3rego nie spotkasz nigdzie indziej. W naszej kolekcji znajdziesz szeroki wyb\u00f3r koszulek, bluz, czapek i innych akcesori\u00f3w, kt\u00f3re pozwol\u0105 Ci wyrazi\u0107 swoj\u0105 pasj\u0119 do rocka i metalu. Ka\u017cdy nasz produkt cechuje unikatowy design oraz limitowana dost\u0119pno\u015b\u0107, co sprawia, \u017ce \u200b\u200bka\u017cdy zakup staje si\u0119 wyj\u0105tkowym do\u015bwiadczeniem. Jako firma mocno zaanga\u017cowana w wspieranie lokalnych artyst\u00f3w, du\u017ca cz\u0119\u015b\u0107 zysk\u00f3w ze sprzeda\u017cy trafia bezpo\u015brednio do zespo\u0142\u00f3w, kt\u00f3re stworzy\u0142y nasze produkty. W ten spos\u00f3b nie tylko zdob\u0119dziesz wyj\u0105tkowe ubrania, ale tak\u017ce wesprzesz rozw\u00f3j polskiej sceny muzycznej. Do\u0142\u0105cz do naszej spo\u0142eczno\u015bci mi\u0142o\u015bnik\u00f3w rocka i metalu ju\u017c dzi\u015b, odkryj nasz\u0105 kolekcj\u0119 i wyra\u017a swoj\u0105 indywidualno\u015b\u0107 z naszym merchandisingiem!","publishingPrinciples":"https:\/\/koimetalmerch.com\/polityka-prywatnosci\/","telephone":[],"openingHoursSpecification":[{"@type":"OpeningHoursSpecification","dayOfWeek":["Monday","Tuesday","Wednesday","Thursday","Friday","Saturday","Sunday"],"opens":"09:00","closes":"17:00"}]},{"@type":"ImageObject","inLanguage":"en-US","@id":"https:\/\/koimetalmerch.com\/en\/product\/virya-echoes-of-the-mordern-mind-album\/#local-main-organization-logo","url":"https:\/\/koimetalmerch.com\/wp-content\/uploads\/2025\/02\/Page-Thumbnail.png","contentUrl":"https:\/\/koimetalmerch.com\/wp-content\/uploads\/2025\/02\/Page-Thumbnail.png","width":1200,"height":675,"caption":"Koi Metal Merch"}]},"product_brand":"Virya","product_price_amount":"50.00","product_price_currency":"PLN","og_availability":"instock","product_availability":"instock","product_condition":"new"},"brands":[{"id":71,"name":"Virya","slug":"virya"}],"_links":{"self":[{"href":"https:\/\/koimetalmerch.com\/en\/wp-json\/wp\/v2\/product\/761","targetHints":{"allow":["GET"]}}],"collection":[{"href":"https:\/\/koimetalmerch.com\/en\/wp-json\/wp\/v2\/product"}],"about":[{"href":"https:\/\/koimetalmerch.com\/en\/wp-json\/wp\/v2\/types\/product"}],"replies":[{"embeddable":true,"href":"https:\/\/koimetalmerch.com\/en\/wp-json\/wp\/v2\/comments?post=761"}],"wp:featuredmedia":[{"embeddable":true,"href":"https:\/\/koimetalmerch.com\/en\/wp-json\/wp\/v2\/media\/755"}],"wp:attachment":[{"href":"https:\/\/koimetalmerch.com\/en\/wp-json\/wp\/v2\/media?parent=761"}],"wp:term":[{"taxonomy":"pwb-brand","embeddable":true,"href":"https:\/\/koimetalmerch.com\/en\/wp-json\/wp\/v2\/pwb-brand?post=761"},{"taxonomy":"product_cat","embeddable":true,"href":"https:\/\/koimetalmerch.com\/en\/wp-json\/wp\/v2\/product_cat?post=761"},{"taxonomy":"product_tag","embeddable":true,"href":"https:\/\/koimetalmerch.com\/en\/wp-json\/wp\/v2\/product_tag?post=761"}],"curies":[{"name":"wp","href":"https:\/\/api.w.org\/{rel}","templated":true}]}}