{"id":787,"date":"2025-06-22T11:02:00","date_gmt":"2025-06-22T11:02:00","guid":{"rendered":"https:\/\/koimetalmerch.com\/product\/torba-virya\/"},"modified":"2025-06-22T11:42:03","modified_gmt":"2025-06-22T11:42:03","slug":"bag-virya","status":"publish","type":"product","link":"https:\/\/koimetalmerch.com\/en\/product\/bag-virya\/","title":{"rendered":"Virya bag"},"content":{"rendered":"<p data-start=\"1872\" data-end=\"2210\">The black <strong data-start=\"1882\" data-end=\"1891\">Virya<\/strong> tote bag with the band\u2019s logo is a practical accessory for every fan of modern metal. The minimalist design with Virya&#8217;s sharp logo delivers both elegance and identity. Whether you&#8217;re heading to a concert, running errands, or just carrying your essentials \u2014 this bag lets you represent your favorite band everywhere.<\/p>\n<p data-start=\"2212\" data-end=\"2384\">Made from durable fabric, it\u2019s lightweight, sturdy, and spacious. The black base with a white logo ensures it fits easily with any metal outfit or casual streetwear look.<\/p>\n<p data-start=\"2386\" data-end=\"2529\">If you&#8217;re looking for functional band merch that goes beyond apparel, this tote bag is the perfect way to express your musical taste every day.<\/p>\n","protected":false},"excerpt":{"rendered":"<p>Black Virya tote bag with white band logo. A practical metal fan accessory.<\/p>\n","protected":false},"featured_media":780,"comment_status":"open","ping_status":"closed","template":"","meta":{"_acf_changed":false},"pwb-brand":[71],"product_cat":[70],"product_tag":[],"class_list":{"0":"post-787","1":"product","2":"type-product","3":"status-publish","4":"has-post-thumbnail","6":"pwb-brand-virya","7":"product_cat-accessories","9":"first","10":"instock","11":"shipping-taxable","12":"purchasable","13":"product-type-simple","14":"customify-col"},"acf":[],"yoast_head":"<!-- This site is optimized with the Yoast SEO Premium plugin v22.6 (Yoast SEO v22.6) - https:\/\/yoast.com\/wordpress\/plugins\/seo\/ -->\n<title>Virya bag - Koi Metal Merch<\/title>\n<meta name=\"description\" content=\"Virya band tote bag with black background and white logo. Functional, minimalist metal merch for everyday and concerts.\" \/>\n<meta name=\"robots\" content=\"index, follow, max-snippet:-1, max-image-preview:large, max-video-preview:-1\" \/>\n<link rel=\"canonical\" href=\"https:\/\/koimetalmerch.com\/en\/product\/bag-virya\/\" \/>\n<meta property=\"og:locale\" content=\"en_US\" \/>\n<meta property=\"og:type\" content=\"article\" \/>\n<meta property=\"og:title\" content=\"Virya bag\" \/>\n<meta property=\"og:description\" content=\"Virya band tote bag with black background and white logo. Functional, minimalist metal merch for everyday and concerts.\" \/>\n<meta property=\"og:url\" content=\"https:\/\/koimetalmerch.com\/en\/product\/bag-virya\/\" \/>\n<meta property=\"og:site_name\" content=\"Koi Metal Merch\" \/>\n<meta property=\"article:publisher\" content=\"https:\/\/www.facebook.com\/koimetalmerch\/\" \/>\n<meta property=\"article:modified_time\" content=\"2025-06-22T11:42:03+00:00\" \/>\n<meta property=\"og:image\" content=\"http:\/\/koimetalmerch.com\/wp-content\/uploads\/2025\/06\/torba-2-min.png\" \/>\n\t<meta property=\"og:image:width\" content=\"500\" \/>\n\t<meta property=\"og:image:height\" content=\"500\" \/>\n\t<meta property=\"og:image:type\" content=\"image\/png\" \/>\n<meta name=\"twitter:card\" content=\"summary_large_image\" \/>\n<script type=\"application\/ld+json\" class=\"yoast-schema-graph\">{\"@context\":\"https:\/\/schema.org\",\"@graph\":[{\"@type\":\"WebPage\",\"@id\":\"https:\/\/koimetalmerch.com\/en\/product\/bag-virya\/\",\"url\":\"https:\/\/koimetalmerch.com\/en\/product\/bag-virya\/\",\"name\":\"Virya bag - Koi Metal Merch\",\"isPartOf\":{\"@id\":\"https:\/\/koimetalmerch.com\/en\/#website\"},\"primaryImageOfPage\":{\"@id\":\"https:\/\/koimetalmerch.com\/en\/product\/bag-virya\/#primaryimage\"},\"image\":{\"@id\":\"https:\/\/koimetalmerch.com\/en\/product\/bag-virya\/#primaryimage\"},\"thumbnailUrl\":\"https:\/\/koimetalmerch.com\/wp-content\/uploads\/2025\/06\/torba-2-min.png\",\"datePublished\":\"2025-06-22T11:02:00+00:00\",\"dateModified\":\"2025-06-22T11:42:03+00:00\",\"description\":\"Virya band tote bag with black background and white logo. Functional, minimalist metal merch for everyday and concerts.\",\"breadcrumb\":{\"@id\":\"https:\/\/koimetalmerch.com\/en\/product\/bag-virya\/#breadcrumb\"},\"inLanguage\":\"en-US\",\"potentialAction\":[{\"@type\":\"ReadAction\",\"target\":[\"https:\/\/koimetalmerch.com\/en\/product\/bag-virya\/\"]}]},{\"@type\":\"ImageObject\",\"inLanguage\":\"en-US\",\"@id\":\"https:\/\/koimetalmerch.com\/en\/product\/bag-virya\/#primaryimage\",\"url\":\"https:\/\/koimetalmerch.com\/wp-content\/uploads\/2025\/06\/torba-2-min.png\",\"contentUrl\":\"https:\/\/koimetalmerch.com\/wp-content\/uploads\/2025\/06\/torba-2-min.png\",\"width\":500,\"height\":500,\"caption\":\"torba virya\"},{\"@type\":\"BreadcrumbList\",\"@id\":\"https:\/\/koimetalmerch.com\/en\/product\/bag-virya\/#breadcrumb\",\"itemListElement\":[{\"@type\":\"ListItem\",\"position\":1,\"name\":\"Strona G\u0142\u00f3wna\",\"item\":\"https:\/\/koimetalmerch.com\/en\/home-page\/\"},{\"@type\":\"ListItem\",\"position\":2,\"name\":\"All products\",\"item\":\"https:\/\/koimetalmerch.com\/en\/shop\/\"},{\"@type\":\"ListItem\",\"position\":3,\"name\":\"Accessories\",\"item\":\"https:\/\/koimetalmerch.com\/en\/category\/accessories\/\"},{\"@type\":\"ListItem\",\"position\":4,\"name\":\"Virya bag\"}]},{\"@type\":\"WebSite\",\"@id\":\"https:\/\/koimetalmerch.com\/en\/#website\",\"url\":\"https:\/\/koimetalmerch.com\/en\/\",\"name\":\"Koi Metal Merch\",\"description\":\"Sklep z odzie\u017c\u0105 rockow\u0105 i metalow\u0105. Znajd\u017a koszulki i muzyk\u0119 swoich ulubionych zespo\u0142\u00f3w z Polski! Wspieraj artyst\u00f3w, muzyk\u00f3w i znajd\u017a co\u015b wyj\u0105tkowego dla siebie\",\"publisher\":{\"@id\":\"https:\/\/koimetalmerch.com\/en\/#organization\"},\"alternateName\":\"KoiMetalMerch\",\"potentialAction\":[{\"@type\":\"SearchAction\",\"target\":{\"@type\":\"EntryPoint\",\"urlTemplate\":\"https:\/\/koimetalmerch.com\/en\/?s={search_term_string}\"},\"query-input\":\"required name=search_term_string\"}],\"inLanguage\":\"en-US\"},{\"@type\":[\"Organization\",\"Place\"],\"@id\":\"https:\/\/koimetalmerch.com\/en\/#organization\",\"name\":\"Koi Metal Merch\",\"alternateName\":\"Koi Metal Merch\",\"url\":\"https:\/\/koimetalmerch.com\/en\/\",\"logo\":{\"@id\":\"https:\/\/koimetalmerch.com\/en\/product\/bag-virya\/#local-main-organization-logo\"},\"image\":{\"@id\":\"https:\/\/koimetalmerch.com\/en\/product\/bag-virya\/#local-main-organization-logo\"},\"sameAs\":[\"https:\/\/www.facebook.com\/koimetalmerch\/\"],\"description\":\"Witaj w naszej internetowej rodzinie, gdzie mrok spotyka si\u0119 z muzyk\u0105, a unikatowy design \u0142\u0105czy si\u0119 z najwy\u017csz\u0105 jako\u015bci\u0105. Jeste\u015bmy dostawcami najwy\u017cszej jako\u015bci merchu zespo\u0142\u00f3w rockowych i metalowych, kt\u00f3rego nie spotkasz nigdzie indziej. W naszej kolekcji znajdziesz szeroki wyb\u00f3r koszulek, bluz, czapek i innych akcesori\u00f3w, kt\u00f3re pozwol\u0105 Ci wyrazi\u0107 swoj\u0105 pasj\u0119 do rocka i metalu. Ka\u017cdy nasz produkt cechuje unikatowy design oraz limitowana dost\u0119pno\u015b\u0107, co sprawia, \u017ce \u200b\u200bka\u017cdy zakup staje si\u0119 wyj\u0105tkowym do\u015bwiadczeniem. Jako firma mocno zaanga\u017cowana w wspieranie lokalnych artyst\u00f3w, du\u017ca cz\u0119\u015b\u0107 zysk\u00f3w ze sprzeda\u017cy trafia bezpo\u015brednio do zespo\u0142\u00f3w, kt\u00f3re stworzy\u0142y nasze produkty. W ten spos\u00f3b nie tylko zdob\u0119dziesz wyj\u0105tkowe ubrania, ale tak\u017ce wesprzesz rozw\u00f3j polskiej sceny muzycznej. Do\u0142\u0105cz do naszej spo\u0142eczno\u015bci mi\u0142o\u015bnik\u00f3w rocka i metalu ju\u017c dzi\u015b, odkryj nasz\u0105 kolekcj\u0119 i wyra\u017a swoj\u0105 indywidualno\u015b\u0107 z naszym merchandisingiem!\",\"publishingPrinciples\":\"https:\/\/koimetalmerch.com\/polityka-prywatnosci\/\",\"telephone\":[],\"openingHoursSpecification\":[{\"@type\":\"OpeningHoursSpecification\",\"dayOfWeek\":[\"Monday\",\"Tuesday\",\"Wednesday\",\"Thursday\",\"Friday\",\"Saturday\",\"Sunday\"],\"opens\":\"09:00\",\"closes\":\"17:00\"}]},{\"@type\":\"ImageObject\",\"inLanguage\":\"en-US\",\"@id\":\"https:\/\/koimetalmerch.com\/en\/product\/bag-virya\/#local-main-organization-logo\",\"url\":\"https:\/\/koimetalmerch.com\/wp-content\/uploads\/2025\/02\/Page-Thumbnail.png\",\"contentUrl\":\"https:\/\/koimetalmerch.com\/wp-content\/uploads\/2025\/02\/Page-Thumbnail.png\",\"width\":1200,\"height\":675,\"caption\":\"Koi Metal Merch\"}]}<\/script>\n<meta property=\"product:brand\" content=\"Virya\" \/>\n<meta property=\"product:price:amount\" content=\"30.00\" \/>\n<meta property=\"product:price:currency\" content=\"PLN\" \/>\n<meta property=\"og:availability\" content=\"instock\" \/>\n<meta property=\"product:availability\" content=\"instock\" \/>\n<meta property=\"product:condition\" content=\"new\" \/>\n<!-- \/ Yoast SEO Premium plugin. -->","yoast_head_json":{"title":"Virya bag - Koi Metal Merch","description":"Virya band tote bag with black background and white logo. Functional, minimalist metal merch for everyday and concerts.","robots":{"index":"index","follow":"follow","max-snippet":"max-snippet:-1","max-image-preview":"max-image-preview:large","max-video-preview":"max-video-preview:-1"},"canonical":"https:\/\/koimetalmerch.com\/en\/product\/bag-virya\/","og_locale":"en_US","og_type":"article","og_title":"Virya bag","og_description":"Virya band tote bag with black background and white logo. Functional, minimalist metal merch for everyday and concerts.","og_url":"https:\/\/koimetalmerch.com\/en\/product\/bag-virya\/","og_site_name":"Koi Metal Merch","article_publisher":"https:\/\/www.facebook.com\/koimetalmerch\/","article_modified_time":"2025-06-22T11:42:03+00:00","og_image":[{"width":500,"height":500,"url":"http:\/\/koimetalmerch.com\/wp-content\/uploads\/2025\/06\/torba-2-min.png","type":"image\/png"}],"twitter_card":"summary_large_image","schema":{"@context":"https:\/\/schema.org","@graph":[{"@type":"WebPage","@id":"https:\/\/koimetalmerch.com\/en\/product\/bag-virya\/","url":"https:\/\/koimetalmerch.com\/en\/product\/bag-virya\/","name":"Virya bag - Koi Metal Merch","isPartOf":{"@id":"https:\/\/koimetalmerch.com\/en\/#website"},"primaryImageOfPage":{"@id":"https:\/\/koimetalmerch.com\/en\/product\/bag-virya\/#primaryimage"},"image":{"@id":"https:\/\/koimetalmerch.com\/en\/product\/bag-virya\/#primaryimage"},"thumbnailUrl":"https:\/\/koimetalmerch.com\/wp-content\/uploads\/2025\/06\/torba-2-min.png","datePublished":"2025-06-22T11:02:00+00:00","dateModified":"2025-06-22T11:42:03+00:00","description":"Virya band tote bag with black background and white logo. Functional, minimalist metal merch for everyday and concerts.","breadcrumb":{"@id":"https:\/\/koimetalmerch.com\/en\/product\/bag-virya\/#breadcrumb"},"inLanguage":"en-US","potentialAction":[{"@type":"ReadAction","target":["https:\/\/koimetalmerch.com\/en\/product\/bag-virya\/"]}]},{"@type":"ImageObject","inLanguage":"en-US","@id":"https:\/\/koimetalmerch.com\/en\/product\/bag-virya\/#primaryimage","url":"https:\/\/koimetalmerch.com\/wp-content\/uploads\/2025\/06\/torba-2-min.png","contentUrl":"https:\/\/koimetalmerch.com\/wp-content\/uploads\/2025\/06\/torba-2-min.png","width":500,"height":500,"caption":"torba virya"},{"@type":"BreadcrumbList","@id":"https:\/\/koimetalmerch.com\/en\/product\/bag-virya\/#breadcrumb","itemListElement":[{"@type":"ListItem","position":1,"name":"Strona G\u0142\u00f3wna","item":"https:\/\/koimetalmerch.com\/en\/home-page\/"},{"@type":"ListItem","position":2,"name":"All products","item":"https:\/\/koimetalmerch.com\/en\/shop\/"},{"@type":"ListItem","position":3,"name":"Accessories","item":"https:\/\/koimetalmerch.com\/en\/category\/accessories\/"},{"@type":"ListItem","position":4,"name":"Virya bag"}]},{"@type":"WebSite","@id":"https:\/\/koimetalmerch.com\/en\/#website","url":"https:\/\/koimetalmerch.com\/en\/","name":"Koi Metal Merch","description":"Sklep z odzie\u017c\u0105 rockow\u0105 i metalow\u0105. Znajd\u017a koszulki i muzyk\u0119 swoich ulubionych zespo\u0142\u00f3w z Polski! Wspieraj artyst\u00f3w, muzyk\u00f3w i znajd\u017a co\u015b wyj\u0105tkowego dla siebie","publisher":{"@id":"https:\/\/koimetalmerch.com\/en\/#organization"},"alternateName":"KoiMetalMerch","potentialAction":[{"@type":"SearchAction","target":{"@type":"EntryPoint","urlTemplate":"https:\/\/koimetalmerch.com\/en\/?s={search_term_string}"},"query-input":"required name=search_term_string"}],"inLanguage":"en-US"},{"@type":["Organization","Place"],"@id":"https:\/\/koimetalmerch.com\/en\/#organization","name":"Koi Metal Merch","alternateName":"Koi Metal Merch","url":"https:\/\/koimetalmerch.com\/en\/","logo":{"@id":"https:\/\/koimetalmerch.com\/en\/product\/bag-virya\/#local-main-organization-logo"},"image":{"@id":"https:\/\/koimetalmerch.com\/en\/product\/bag-virya\/#local-main-organization-logo"},"sameAs":["https:\/\/www.facebook.com\/koimetalmerch\/"],"description":"Witaj w naszej internetowej rodzinie, gdzie mrok spotyka si\u0119 z muzyk\u0105, a unikatowy design \u0142\u0105czy si\u0119 z najwy\u017csz\u0105 jako\u015bci\u0105. Jeste\u015bmy dostawcami najwy\u017cszej jako\u015bci merchu zespo\u0142\u00f3w rockowych i metalowych, kt\u00f3rego nie spotkasz nigdzie indziej. W naszej kolekcji znajdziesz szeroki wyb\u00f3r koszulek, bluz, czapek i innych akcesori\u00f3w, kt\u00f3re pozwol\u0105 Ci wyrazi\u0107 swoj\u0105 pasj\u0119 do rocka i metalu. Ka\u017cdy nasz produkt cechuje unikatowy design oraz limitowana dost\u0119pno\u015b\u0107, co sprawia, \u017ce \u200b\u200bka\u017cdy zakup staje si\u0119 wyj\u0105tkowym do\u015bwiadczeniem. Jako firma mocno zaanga\u017cowana w wspieranie lokalnych artyst\u00f3w, du\u017ca cz\u0119\u015b\u0107 zysk\u00f3w ze sprzeda\u017cy trafia bezpo\u015brednio do zespo\u0142\u00f3w, kt\u00f3re stworzy\u0142y nasze produkty. W ten spos\u00f3b nie tylko zdob\u0119dziesz wyj\u0105tkowe ubrania, ale tak\u017ce wesprzesz rozw\u00f3j polskiej sceny muzycznej. Do\u0142\u0105cz do naszej spo\u0142eczno\u015bci mi\u0142o\u015bnik\u00f3w rocka i metalu ju\u017c dzi\u015b, odkryj nasz\u0105 kolekcj\u0119 i wyra\u017a swoj\u0105 indywidualno\u015b\u0107 z naszym merchandisingiem!","publishingPrinciples":"https:\/\/koimetalmerch.com\/polityka-prywatnosci\/","telephone":[],"openingHoursSpecification":[{"@type":"OpeningHoursSpecification","dayOfWeek":["Monday","Tuesday","Wednesday","Thursday","Friday","Saturday","Sunday"],"opens":"09:00","closes":"17:00"}]},{"@type":"ImageObject","inLanguage":"en-US","@id":"https:\/\/koimetalmerch.com\/en\/product\/bag-virya\/#local-main-organization-logo","url":"https:\/\/koimetalmerch.com\/wp-content\/uploads\/2025\/02\/Page-Thumbnail.png","contentUrl":"https:\/\/koimetalmerch.com\/wp-content\/uploads\/2025\/02\/Page-Thumbnail.png","width":1200,"height":675,"caption":"Koi Metal Merch"}]},"product_brand":"Virya","product_price_amount":"30.00","product_price_currency":"PLN","og_availability":"instock","product_availability":"instock","product_condition":"new"},"brands":[{"id":71,"name":"Virya","slug":"virya"}],"_links":{"self":[{"href":"https:\/\/koimetalmerch.com\/en\/wp-json\/wp\/v2\/product\/787","targetHints":{"allow":["GET"]}}],"collection":[{"href":"https:\/\/koimetalmerch.com\/en\/wp-json\/wp\/v2\/product"}],"about":[{"href":"https:\/\/koimetalmerch.com\/en\/wp-json\/wp\/v2\/types\/product"}],"replies":[{"embeddable":true,"href":"https:\/\/koimetalmerch.com\/en\/wp-json\/wp\/v2\/comments?post=787"}],"wp:featuredmedia":[{"embeddable":true,"href":"https:\/\/koimetalmerch.com\/en\/wp-json\/wp\/v2\/media\/780"}],"wp:attachment":[{"href":"https:\/\/koimetalmerch.com\/en\/wp-json\/wp\/v2\/media?parent=787"}],"wp:term":[{"taxonomy":"pwb-brand","embeddable":true,"href":"https:\/\/koimetalmerch.com\/en\/wp-json\/wp\/v2\/pwb-brand?post=787"},{"taxonomy":"product_cat","embeddable":true,"href":"https:\/\/koimetalmerch.com\/en\/wp-json\/wp\/v2\/product_cat?post=787"},{"taxonomy":"product_tag","embeddable":true,"href":"https:\/\/koimetalmerch.com\/en\/wp-json\/wp\/v2\/product_tag?post=787"}],"curies":[{"name":"wp","href":"https:\/\/api.w.org\/{rel}","templated":true}]}}