{"id":834,"date":"2025-07-01T19:24:31","date_gmt":"2025-07-01T19:24:31","guid":{"rendered":"https:\/\/koimetalmerch.com\/product\/obsidian-mantra-existential-gravity-album\/"},"modified":"2025-07-10T21:29:15","modified_gmt":"2025-07-10T21:29:15","slug":"obsidian-mantra-existential-gravity-album","status":"publish","type":"product","link":"https:\/\/koimetalmerch.com\/en\/product\/obsidian-mantra-existential-gravity-album\/","title":{"rendered":"Obsidian Mantra &#8211; Existential Gravity (Album)"},"content":{"rendered":"<pre class=\"a-b-r-La\">2017 - Existential Gravity<\/pre>\n<p>OBSIDIAN MANTRA\u2019s debut full-length album is a work full of complex, extended compositions that explore the borderlands of death metal, djent, post-metal, and experimental forms. \u201cExistential Gravity\u201d is defined by its dark, organic sound, honest expression, and love for contrasts \u2014 from spacious melodies and black metal shadows to heavy, rhythmic grooves.<\/p>\n<p>It\u2019s an album searching for its own identity and language \u2014 clearly inspired, yet already hinting at the band\u2019s unique direction. Still raw and restless, but brimming with the potential that OBSIDIAN MANTRA would go on to develop on future releases.<\/p>\n<pre class=\"a-b-r-La\">1. Deviation 06:21\t\r\n2. The Weakness Deepens 04:31\t\r\n3. Entering the Inner Shade 07:08\t\r\n4. Voice from Within 06:29\t\r\n5. Afflicted with the Plague 09:37\t\r\n6. Vomiting the Void 05:58\t\r\n7. The Flame of Self-Condemnation 06:52\t\r\n8. Wander of the Cursed Ones 06:41 \r\n\r\nTT: 53:40<\/pre>\n<p>released June 27, 2017<\/p>\n<p>Kacper Kajzderski &#8211; guitar, vocals<br \/>\nRafa\u0142 Porwich &#8211; guitar<br \/>\nMaria Ewa Bry\u0142ka &#8211; bass<br \/>\nMateusz Witan &#8211; drums<\/p>\n<p>Recorded at Perlazza Studio, February &#8211; March 2017<br \/>\nEngineered and mixed by Przemys\u0142aw Wejmann<br \/>\nProduced by Przemys\u0142aw Wejmann and Obsidian Mantra<br \/>\nMastered at Coverius Studio by Piotr Ma\u0144kowski<\/p>\n<p>Artwork &#8211; Jakub Wojciechowski<br \/>\nLayout &#8211; Kaja Krzysiek<br \/>\nBand photography &#8211; Krzysztof Idzik<\/p>\n","protected":false},"excerpt":{"rendered":"<p>Obsidian Mantra debut album <em data-start=\"4198\" data-end=\"4219\">Existential Gravity<\/em>. Death metal, djent, and post-metal with an organic edge.<\/p>\n","protected":false},"featured_media":823,"comment_status":"open","ping_status":"closed","template":"","meta":{"_acf_changed":false},"pwb-brand":[73],"product_cat":[53],"product_tag":[],"class_list":{"0":"post-834","1":"product","2":"type-product","3":"status-publish","4":"has-post-thumbnail","6":"pwb-brand-obsidian-mantra","7":"product_cat-music","9":"first","10":"instock","11":"shipping-taxable","12":"purchasable","13":"product-type-simple","14":"customify-col","15":"product-has-gallery"},"acf":[],"yoast_head":"<!-- This site is optimized with the Yoast SEO Premium plugin v22.6 (Yoast SEO v22.6) - https:\/\/yoast.com\/wordpress\/plugins\/seo\/ -->\n<title>Obsidian Mantra - Existential Gravity (Album) - Koi Metal Merch<\/title>\n<meta name=\"description\" content=\"Obsidian Mantra Existential Gravity \u2014 debut album with complex songs blending death metal, djent, and post-metal. Raw, dark sound.\" \/>\n<meta name=\"robots\" content=\"index, follow, max-snippet:-1, max-image-preview:large, max-video-preview:-1\" \/>\n<link rel=\"canonical\" href=\"https:\/\/koimetalmerch.com\/en\/product\/obsidian-mantra-existential-gravity-album\/\" \/>\n<meta property=\"og:locale\" content=\"en_US\" \/>\n<meta property=\"og:type\" content=\"article\" \/>\n<meta property=\"og:title\" content=\"Obsidian Mantra - Existential Gravity (Album)\" \/>\n<meta property=\"og:description\" content=\"Obsidian Mantra Existential Gravity \u2014 debut album with complex songs blending death metal, djent, and post-metal. Raw, dark sound.\" \/>\n<meta property=\"og:url\" content=\"https:\/\/koimetalmerch.com\/en\/product\/obsidian-mantra-existential-gravity-album\/\" \/>\n<meta property=\"og:site_name\" content=\"Koi Metal Merch\" \/>\n<meta property=\"article:publisher\" content=\"https:\/\/www.facebook.com\/koimetalmerch\/\" \/>\n<meta property=\"article:modified_time\" content=\"2025-07-10T21:29:15+00:00\" \/>\n<meta property=\"og:image\" content=\"http:\/\/koimetalmerch.com\/wp-content\/uploads\/2025\/07\/Existential-Gravity-Cover.jpg\" \/>\n\t<meta property=\"og:image:width\" content=\"1200\" \/>\n\t<meta property=\"og:image:height\" content=\"1200\" \/>\n\t<meta property=\"og:image:type\" content=\"image\/jpeg\" \/>\n<meta name=\"twitter:card\" content=\"summary_large_image\" \/>\n<script type=\"application\/ld+json\" class=\"yoast-schema-graph\">{\"@context\":\"https:\/\/schema.org\",\"@graph\":[{\"@type\":\"WebPage\",\"@id\":\"https:\/\/koimetalmerch.com\/en\/product\/obsidian-mantra-existential-gravity-album\/\",\"url\":\"https:\/\/koimetalmerch.com\/en\/product\/obsidian-mantra-existential-gravity-album\/\",\"name\":\"Obsidian Mantra - Existential Gravity (Album) - Koi Metal Merch\",\"isPartOf\":{\"@id\":\"https:\/\/koimetalmerch.com\/en\/#website\"},\"primaryImageOfPage\":{\"@id\":\"https:\/\/koimetalmerch.com\/en\/product\/obsidian-mantra-existential-gravity-album\/#primaryimage\"},\"image\":{\"@id\":\"https:\/\/koimetalmerch.com\/en\/product\/obsidian-mantra-existential-gravity-album\/#primaryimage\"},\"thumbnailUrl\":\"https:\/\/koimetalmerch.com\/wp-content\/uploads\/2025\/07\/Existential-Gravity-Cover.jpg\",\"datePublished\":\"2025-07-01T19:24:31+00:00\",\"dateModified\":\"2025-07-10T21:29:15+00:00\",\"description\":\"Obsidian Mantra Existential Gravity \u2014 debut album with complex songs blending death metal, djent, and post-metal. Raw, dark sound.\",\"breadcrumb\":{\"@id\":\"https:\/\/koimetalmerch.com\/en\/product\/obsidian-mantra-existential-gravity-album\/#breadcrumb\"},\"inLanguage\":\"en-US\",\"potentialAction\":[{\"@type\":\"ReadAction\",\"target\":[\"https:\/\/koimetalmerch.com\/en\/product\/obsidian-mantra-existential-gravity-album\/\"]}]},{\"@type\":\"ImageObject\",\"inLanguage\":\"en-US\",\"@id\":\"https:\/\/koimetalmerch.com\/en\/product\/obsidian-mantra-existential-gravity-album\/#primaryimage\",\"url\":\"https:\/\/koimetalmerch.com\/wp-content\/uploads\/2025\/07\/Existential-Gravity-Cover.jpg\",\"contentUrl\":\"https:\/\/koimetalmerch.com\/wp-content\/uploads\/2025\/07\/Existential-Gravity-Cover.jpg\",\"width\":1200,\"height\":1200,\"caption\":\"obsidian mantra Existential Gravity Cover\"},{\"@type\":\"BreadcrumbList\",\"@id\":\"https:\/\/koimetalmerch.com\/en\/product\/obsidian-mantra-existential-gravity-album\/#breadcrumb\",\"itemListElement\":[{\"@type\":\"ListItem\",\"position\":1,\"name\":\"Strona G\u0142\u00f3wna\",\"item\":\"https:\/\/koimetalmerch.com\/en\/home-page\/\"},{\"@type\":\"ListItem\",\"position\":2,\"name\":\"All products\",\"item\":\"https:\/\/koimetalmerch.com\/en\/shop\/\"},{\"@type\":\"ListItem\",\"position\":3,\"name\":\"Music\",\"item\":\"https:\/\/koimetalmerch.com\/en\/category\/music\/\"},{\"@type\":\"ListItem\",\"position\":4,\"name\":\"Obsidian Mantra &#8211; Existential Gravity (Album)\"}]},{\"@type\":\"WebSite\",\"@id\":\"https:\/\/koimetalmerch.com\/en\/#website\",\"url\":\"https:\/\/koimetalmerch.com\/en\/\",\"name\":\"Koi Metal Merch\",\"description\":\"Sklep z odzie\u017c\u0105 rockow\u0105 i metalow\u0105. Znajd\u017a koszulki i muzyk\u0119 swoich ulubionych zespo\u0142\u00f3w z Polski! Wspieraj artyst\u00f3w, muzyk\u00f3w i znajd\u017a co\u015b wyj\u0105tkowego dla siebie\",\"publisher\":{\"@id\":\"https:\/\/koimetalmerch.com\/en\/#organization\"},\"alternateName\":\"KoiMetalMerch\",\"potentialAction\":[{\"@type\":\"SearchAction\",\"target\":{\"@type\":\"EntryPoint\",\"urlTemplate\":\"https:\/\/koimetalmerch.com\/en\/?s={search_term_string}\"},\"query-input\":\"required name=search_term_string\"}],\"inLanguage\":\"en-US\"},{\"@type\":[\"Organization\",\"Place\"],\"@id\":\"https:\/\/koimetalmerch.com\/en\/#organization\",\"name\":\"Koi Metal Merch\",\"alternateName\":\"Koi Metal Merch\",\"url\":\"https:\/\/koimetalmerch.com\/en\/\",\"logo\":{\"@id\":\"https:\/\/koimetalmerch.com\/en\/product\/obsidian-mantra-existential-gravity-album\/#local-main-organization-logo\"},\"image\":{\"@id\":\"https:\/\/koimetalmerch.com\/en\/product\/obsidian-mantra-existential-gravity-album\/#local-main-organization-logo\"},\"sameAs\":[\"https:\/\/www.facebook.com\/koimetalmerch\/\"],\"description\":\"Witaj w naszej internetowej rodzinie, gdzie mrok spotyka si\u0119 z muzyk\u0105, a unikatowy design \u0142\u0105czy si\u0119 z najwy\u017csz\u0105 jako\u015bci\u0105. Jeste\u015bmy dostawcami najwy\u017cszej jako\u015bci merchu zespo\u0142\u00f3w rockowych i metalowych, kt\u00f3rego nie spotkasz nigdzie indziej. W naszej kolekcji znajdziesz szeroki wyb\u00f3r koszulek, bluz, czapek i innych akcesori\u00f3w, kt\u00f3re pozwol\u0105 Ci wyrazi\u0107 swoj\u0105 pasj\u0119 do rocka i metalu. Ka\u017cdy nasz produkt cechuje unikatowy design oraz limitowana dost\u0119pno\u015b\u0107, co sprawia, \u017ce \u200b\u200bka\u017cdy zakup staje si\u0119 wyj\u0105tkowym do\u015bwiadczeniem. Jako firma mocno zaanga\u017cowana w wspieranie lokalnych artyst\u00f3w, du\u017ca cz\u0119\u015b\u0107 zysk\u00f3w ze sprzeda\u017cy trafia bezpo\u015brednio do zespo\u0142\u00f3w, kt\u00f3re stworzy\u0142y nasze produkty. W ten spos\u00f3b nie tylko zdob\u0119dziesz wyj\u0105tkowe ubrania, ale tak\u017ce wesprzesz rozw\u00f3j polskiej sceny muzycznej. Do\u0142\u0105cz do naszej spo\u0142eczno\u015bci mi\u0142o\u015bnik\u00f3w rocka i metalu ju\u017c dzi\u015b, odkryj nasz\u0105 kolekcj\u0119 i wyra\u017a swoj\u0105 indywidualno\u015b\u0107 z naszym merchandisingiem!\",\"publishingPrinciples\":\"https:\/\/koimetalmerch.com\/polityka-prywatnosci\/\",\"telephone\":[],\"openingHoursSpecification\":[{\"@type\":\"OpeningHoursSpecification\",\"dayOfWeek\":[\"Monday\",\"Tuesday\",\"Wednesday\",\"Thursday\",\"Friday\",\"Saturday\",\"Sunday\"],\"opens\":\"09:00\",\"closes\":\"17:00\"}]},{\"@type\":\"ImageObject\",\"inLanguage\":\"en-US\",\"@id\":\"https:\/\/koimetalmerch.com\/en\/product\/obsidian-mantra-existential-gravity-album\/#local-main-organization-logo\",\"url\":\"https:\/\/koimetalmerch.com\/wp-content\/uploads\/2025\/02\/Page-Thumbnail.png\",\"contentUrl\":\"https:\/\/koimetalmerch.com\/wp-content\/uploads\/2025\/02\/Page-Thumbnail.png\",\"width\":1200,\"height\":675,\"caption\":\"Koi Metal Merch\"}]}<\/script>\n<meta property=\"product:brand\" content=\"Obsidian Mantra\" \/>\n<meta property=\"product:price:amount\" content=\"35.00\" \/>\n<meta property=\"product:price:currency\" content=\"PLN\" \/>\n<meta property=\"og:availability\" content=\"instock\" \/>\n<meta property=\"product:availability\" content=\"instock\" \/>\n<meta property=\"product:condition\" content=\"new\" \/>\n<!-- \/ Yoast SEO Premium plugin. -->","yoast_head_json":{"title":"Obsidian Mantra - Existential Gravity (Album) - Koi Metal Merch","description":"Obsidian Mantra Existential Gravity \u2014 debut album with complex songs blending death metal, djent, and post-metal. Raw, dark sound.","robots":{"index":"index","follow":"follow","max-snippet":"max-snippet:-1","max-image-preview":"max-image-preview:large","max-video-preview":"max-video-preview:-1"},"canonical":"https:\/\/koimetalmerch.com\/en\/product\/obsidian-mantra-existential-gravity-album\/","og_locale":"en_US","og_type":"article","og_title":"Obsidian Mantra - Existential Gravity (Album)","og_description":"Obsidian Mantra Existential Gravity \u2014 debut album with complex songs blending death metal, djent, and post-metal. Raw, dark sound.","og_url":"https:\/\/koimetalmerch.com\/en\/product\/obsidian-mantra-existential-gravity-album\/","og_site_name":"Koi Metal Merch","article_publisher":"https:\/\/www.facebook.com\/koimetalmerch\/","article_modified_time":"2025-07-10T21:29:15+00:00","og_image":[{"width":1200,"height":1200,"url":"http:\/\/koimetalmerch.com\/wp-content\/uploads\/2025\/07\/Existential-Gravity-Cover.jpg","type":"image\/jpeg"}],"twitter_card":"summary_large_image","schema":{"@context":"https:\/\/schema.org","@graph":[{"@type":"WebPage","@id":"https:\/\/koimetalmerch.com\/en\/product\/obsidian-mantra-existential-gravity-album\/","url":"https:\/\/koimetalmerch.com\/en\/product\/obsidian-mantra-existential-gravity-album\/","name":"Obsidian Mantra - Existential Gravity (Album) - Koi Metal Merch","isPartOf":{"@id":"https:\/\/koimetalmerch.com\/en\/#website"},"primaryImageOfPage":{"@id":"https:\/\/koimetalmerch.com\/en\/product\/obsidian-mantra-existential-gravity-album\/#primaryimage"},"image":{"@id":"https:\/\/koimetalmerch.com\/en\/product\/obsidian-mantra-existential-gravity-album\/#primaryimage"},"thumbnailUrl":"https:\/\/koimetalmerch.com\/wp-content\/uploads\/2025\/07\/Existential-Gravity-Cover.jpg","datePublished":"2025-07-01T19:24:31+00:00","dateModified":"2025-07-10T21:29:15+00:00","description":"Obsidian Mantra Existential Gravity \u2014 debut album with complex songs blending death metal, djent, and post-metal. Raw, dark sound.","breadcrumb":{"@id":"https:\/\/koimetalmerch.com\/en\/product\/obsidian-mantra-existential-gravity-album\/#breadcrumb"},"inLanguage":"en-US","potentialAction":[{"@type":"ReadAction","target":["https:\/\/koimetalmerch.com\/en\/product\/obsidian-mantra-existential-gravity-album\/"]}]},{"@type":"ImageObject","inLanguage":"en-US","@id":"https:\/\/koimetalmerch.com\/en\/product\/obsidian-mantra-existential-gravity-album\/#primaryimage","url":"https:\/\/koimetalmerch.com\/wp-content\/uploads\/2025\/07\/Existential-Gravity-Cover.jpg","contentUrl":"https:\/\/koimetalmerch.com\/wp-content\/uploads\/2025\/07\/Existential-Gravity-Cover.jpg","width":1200,"height":1200,"caption":"obsidian mantra Existential Gravity Cover"},{"@type":"BreadcrumbList","@id":"https:\/\/koimetalmerch.com\/en\/product\/obsidian-mantra-existential-gravity-album\/#breadcrumb","itemListElement":[{"@type":"ListItem","position":1,"name":"Strona G\u0142\u00f3wna","item":"https:\/\/koimetalmerch.com\/en\/home-page\/"},{"@type":"ListItem","position":2,"name":"All products","item":"https:\/\/koimetalmerch.com\/en\/shop\/"},{"@type":"ListItem","position":3,"name":"Music","item":"https:\/\/koimetalmerch.com\/en\/category\/music\/"},{"@type":"ListItem","position":4,"name":"Obsidian Mantra &#8211; Existential Gravity (Album)"}]},{"@type":"WebSite","@id":"https:\/\/koimetalmerch.com\/en\/#website","url":"https:\/\/koimetalmerch.com\/en\/","name":"Koi Metal Merch","description":"Sklep z odzie\u017c\u0105 rockow\u0105 i metalow\u0105. Znajd\u017a koszulki i muzyk\u0119 swoich ulubionych zespo\u0142\u00f3w z Polski! Wspieraj artyst\u00f3w, muzyk\u00f3w i znajd\u017a co\u015b wyj\u0105tkowego dla siebie","publisher":{"@id":"https:\/\/koimetalmerch.com\/en\/#organization"},"alternateName":"KoiMetalMerch","potentialAction":[{"@type":"SearchAction","target":{"@type":"EntryPoint","urlTemplate":"https:\/\/koimetalmerch.com\/en\/?s={search_term_string}"},"query-input":"required name=search_term_string"}],"inLanguage":"en-US"},{"@type":["Organization","Place"],"@id":"https:\/\/koimetalmerch.com\/en\/#organization","name":"Koi Metal Merch","alternateName":"Koi Metal Merch","url":"https:\/\/koimetalmerch.com\/en\/","logo":{"@id":"https:\/\/koimetalmerch.com\/en\/product\/obsidian-mantra-existential-gravity-album\/#local-main-organization-logo"},"image":{"@id":"https:\/\/koimetalmerch.com\/en\/product\/obsidian-mantra-existential-gravity-album\/#local-main-organization-logo"},"sameAs":["https:\/\/www.facebook.com\/koimetalmerch\/"],"description":"Witaj w naszej internetowej rodzinie, gdzie mrok spotyka si\u0119 z muzyk\u0105, a unikatowy design \u0142\u0105czy si\u0119 z najwy\u017csz\u0105 jako\u015bci\u0105. Jeste\u015bmy dostawcami najwy\u017cszej jako\u015bci merchu zespo\u0142\u00f3w rockowych i metalowych, kt\u00f3rego nie spotkasz nigdzie indziej. W naszej kolekcji znajdziesz szeroki wyb\u00f3r koszulek, bluz, czapek i innych akcesori\u00f3w, kt\u00f3re pozwol\u0105 Ci wyrazi\u0107 swoj\u0105 pasj\u0119 do rocka i metalu. Ka\u017cdy nasz produkt cechuje unikatowy design oraz limitowana dost\u0119pno\u015b\u0107, co sprawia, \u017ce \u200b\u200bka\u017cdy zakup staje si\u0119 wyj\u0105tkowym do\u015bwiadczeniem. Jako firma mocno zaanga\u017cowana w wspieranie lokalnych artyst\u00f3w, du\u017ca cz\u0119\u015b\u0107 zysk\u00f3w ze sprzeda\u017cy trafia bezpo\u015brednio do zespo\u0142\u00f3w, kt\u00f3re stworzy\u0142y nasze produkty. W ten spos\u00f3b nie tylko zdob\u0119dziesz wyj\u0105tkowe ubrania, ale tak\u017ce wesprzesz rozw\u00f3j polskiej sceny muzycznej. Do\u0142\u0105cz do naszej spo\u0142eczno\u015bci mi\u0142o\u015bnik\u00f3w rocka i metalu ju\u017c dzi\u015b, odkryj nasz\u0105 kolekcj\u0119 i wyra\u017a swoj\u0105 indywidualno\u015b\u0107 z naszym merchandisingiem!","publishingPrinciples":"https:\/\/koimetalmerch.com\/polityka-prywatnosci\/","telephone":[],"openingHoursSpecification":[{"@type":"OpeningHoursSpecification","dayOfWeek":["Monday","Tuesday","Wednesday","Thursday","Friday","Saturday","Sunday"],"opens":"09:00","closes":"17:00"}]},{"@type":"ImageObject","inLanguage":"en-US","@id":"https:\/\/koimetalmerch.com\/en\/product\/obsidian-mantra-existential-gravity-album\/#local-main-organization-logo","url":"https:\/\/koimetalmerch.com\/wp-content\/uploads\/2025\/02\/Page-Thumbnail.png","contentUrl":"https:\/\/koimetalmerch.com\/wp-content\/uploads\/2025\/02\/Page-Thumbnail.png","width":1200,"height":675,"caption":"Koi Metal Merch"}]},"product_brand":"Obsidian Mantra","product_price_amount":"35.00","product_price_currency":"PLN","og_availability":"instock","product_availability":"instock","product_condition":"new"},"brands":[{"id":73,"name":"Obsidian Mantra","slug":"obsidian-mantra"}],"_links":{"self":[{"href":"https:\/\/koimetalmerch.com\/en\/wp-json\/wp\/v2\/product\/834","targetHints":{"allow":["GET"]}}],"collection":[{"href":"https:\/\/koimetalmerch.com\/en\/wp-json\/wp\/v2\/product"}],"about":[{"href":"https:\/\/koimetalmerch.com\/en\/wp-json\/wp\/v2\/types\/product"}],"replies":[{"embeddable":true,"href":"https:\/\/koimetalmerch.com\/en\/wp-json\/wp\/v2\/comments?post=834"}],"wp:featuredmedia":[{"embeddable":true,"href":"https:\/\/koimetalmerch.com\/en\/wp-json\/wp\/v2\/media\/823"}],"wp:attachment":[{"href":"https:\/\/koimetalmerch.com\/en\/wp-json\/wp\/v2\/media?parent=834"}],"wp:term":[{"taxonomy":"pwb-brand","embeddable":true,"href":"https:\/\/koimetalmerch.com\/en\/wp-json\/wp\/v2\/pwb-brand?post=834"},{"taxonomy":"product_cat","embeddable":true,"href":"https:\/\/koimetalmerch.com\/en\/wp-json\/wp\/v2\/product_cat?post=834"},{"taxonomy":"product_tag","embeddable":true,"href":"https:\/\/koimetalmerch.com\/en\/wp-json\/wp\/v2\/product_tag?post=834"}],"curies":[{"name":"wp","href":"https:\/\/api.w.org\/{rel}","templated":true}]}}