{"id":861,"date":"2025-07-01T19:42:51","date_gmt":"2025-07-01T19:42:51","guid":{"rendered":"https:\/\/koimetalmerch.com\/product\/obsidian-mantra-as-we-all-will-album\/"},"modified":"2026-02-22T14:54:53","modified_gmt":"2026-02-22T14:54:53","slug":"obsidian-mantra-as-we-all-will-album","status":"publish","type":"product","link":"https:\/\/koimetalmerch.com\/en\/product\/obsidian-mantra-as-we-all-will-album\/","title":{"rendered":"Obsidian Mantra &#8211; As We All Will (Album)"},"content":{"rendered":"<pre class=\"a-b-r-La\">2024 - As We All Will<\/pre>\n<p>OBSIDIAN MANTRA\u2019s third full-length album marks another clear step forward in the evolution of their distinctive, atmospheric, groove-centered death metal. Across eight dense and dynamic tracks, the band expands its sound, merging uncompromising heaviness and aggression with dissonance, while delving even deeper into the inhospitable soundscapes they have always inhabited.<\/p>\n<p>This time, death metal grooves make more room for explosive blasts, and black metal influences appear in raw, minimalist passages. The melodies take on a more dissonant, unsettling character, amplifying the tension and atmosphere that the band has become known for.<\/p>\n<p>Lyrically, \u201cAs We All Will\u201d confronts the existential condition of humankind \u2014 the inevitability of suffering, the universality of fear and weakness, and the necessity of facing an indifferent universe to overcome oneself. It is a bleak yet intense meditation on the darker side of human nature, representing both a continuation and an expansion of the band\u2019s sound and identity as they persistently follow their own path.<\/p>\n<pre class=\"a-b-r-La\">1. What Is Not, Is Not 04:09\r\n2. Cult of Depression 03:51\r\n3. Slave Without a Master 03:02\r\n4. Who Will Become a Murderer 04:21\r\n5. Condemned to Oppression 02:55\r\n6. Chaos Will Consume Us All 03:41\t\r\n7. Sowers of Discord 04:35\r\n8. Weavers of Misery 03:56 \r\n\r\nTT: 30:35<\/pre>\n<p>released September 27, 2024<\/p>\n<p>Mixed and Mastered by Filip Ha\u0142ucha<br \/>\nAdditional Editing by Mateusz \u0141ukasiewicz<\/p>\n<p>Cover and Back Arts by Pilar Mart\u00ednez<\/p>\n<p>Band Photography by Jakub Tomczak<\/p>\n<p>Layout &amp; Logo Marcin &#8220;Lycan&#8221; Smolarek<\/p>\n<p>OBSIDIAN MANTRA 2024:<\/p>\n<p>Kacper Kajzderski &#8211; vocals, bass<br \/>\nMateusz Witan &#8211; guitars<br \/>\nMateusz Wr\u00f3bel &#8211; drums<\/p>\n<p>Management by Mateusz Pietruniewicz<\/p>\n","protected":false},"excerpt":{"rendered":"<p>Obsidian Mantra third album <em data-start=\"4373\" data-end=\"4389\">As We All Will<\/em>. Death metal, groove, dissonance, and existential themes.<\/p>\n","protected":false},"featured_media":856,"comment_status":"open","ping_status":"closed","template":"","meta":{"_acf_changed":false},"pwb-brand":[73],"product_cat":[53],"product_tag":[],"class_list":{"0":"post-861","1":"product","2":"type-product","3":"status-publish","4":"has-post-thumbnail","6":"pwb-brand-obsidian-mantra","7":"product_cat-music","9":"first","10":"instock","11":"shipping-taxable","12":"purchasable","13":"product-type-simple","14":"customify-col","15":"product-has-gallery"},"acf":[],"yoast_head":"<!-- This site is optimized with the Yoast SEO Premium plugin v22.6 (Yoast SEO v22.6) - https:\/\/yoast.com\/wordpress\/plugins\/seo\/ -->\n<title>Obsidian Mantra - As We All Will (Album) - Koi Metal Merch<\/title>\n<meta name=\"description\" content=\"Obsidian Mantra As We All Will \u2014 third album. Atmospheric, groove-driven death metal with blackened dissonance and existential message.\" \/>\n<meta name=\"robots\" content=\"index, follow, max-snippet:-1, max-image-preview:large, max-video-preview:-1\" \/>\n<link rel=\"canonical\" href=\"https:\/\/koimetalmerch.com\/en\/product\/obsidian-mantra-as-we-all-will-album\/\" \/>\n<meta property=\"og:locale\" content=\"en_US\" \/>\n<meta property=\"og:type\" content=\"article\" \/>\n<meta property=\"og:title\" content=\"Obsidian Mantra - As We All Will (Album)\" \/>\n<meta property=\"og:description\" content=\"Obsidian Mantra As We All Will \u2014 third album. Atmospheric, groove-driven death metal with blackened dissonance and existential message.\" \/>\n<meta property=\"og:url\" content=\"https:\/\/koimetalmerch.com\/en\/product\/obsidian-mantra-as-we-all-will-album\/\" \/>\n<meta property=\"og:site_name\" content=\"Koi Metal Merch\" \/>\n<meta property=\"article:publisher\" content=\"https:\/\/www.facebook.com\/koimetalmerch\/\" \/>\n<meta property=\"article:modified_time\" content=\"2026-02-22T14:54:53+00:00\" \/>\n<meta property=\"og:image\" content=\"http:\/\/koimetalmerch.com\/wp-content\/uploads\/2025\/07\/As-We-All-Will-Cover.jpg\" \/>\n\t<meta property=\"og:image:width\" content=\"1200\" \/>\n\t<meta property=\"og:image:height\" content=\"1200\" \/>\n\t<meta property=\"og:image:type\" content=\"image\/jpeg\" \/>\n<meta name=\"twitter:card\" content=\"summary_large_image\" \/>\n<script type=\"application\/ld+json\" class=\"yoast-schema-graph\">{\"@context\":\"https:\/\/schema.org\",\"@graph\":[{\"@type\":\"WebPage\",\"@id\":\"https:\/\/koimetalmerch.com\/en\/product\/obsidian-mantra-as-we-all-will-album\/\",\"url\":\"https:\/\/koimetalmerch.com\/en\/product\/obsidian-mantra-as-we-all-will-album\/\",\"name\":\"Obsidian Mantra - As We All Will (Album) - Koi Metal Merch\",\"isPartOf\":{\"@id\":\"https:\/\/koimetalmerch.com\/en\/#website\"},\"primaryImageOfPage\":{\"@id\":\"https:\/\/koimetalmerch.com\/en\/product\/obsidian-mantra-as-we-all-will-album\/#primaryimage\"},\"image\":{\"@id\":\"https:\/\/koimetalmerch.com\/en\/product\/obsidian-mantra-as-we-all-will-album\/#primaryimage\"},\"thumbnailUrl\":\"https:\/\/koimetalmerch.com\/wp-content\/uploads\/2025\/07\/As-We-All-Will-Cover.jpg\",\"datePublished\":\"2025-07-01T19:42:51+00:00\",\"dateModified\":\"2026-02-22T14:54:53+00:00\",\"description\":\"Obsidian Mantra As We All Will \u2014 third album. Atmospheric, groove-driven death metal with blackened dissonance and existential message.\",\"breadcrumb\":{\"@id\":\"https:\/\/koimetalmerch.com\/en\/product\/obsidian-mantra-as-we-all-will-album\/#breadcrumb\"},\"inLanguage\":\"en-US\",\"potentialAction\":[{\"@type\":\"ReadAction\",\"target\":[\"https:\/\/koimetalmerch.com\/en\/product\/obsidian-mantra-as-we-all-will-album\/\"]}]},{\"@type\":\"ImageObject\",\"inLanguage\":\"en-US\",\"@id\":\"https:\/\/koimetalmerch.com\/en\/product\/obsidian-mantra-as-we-all-will-album\/#primaryimage\",\"url\":\"https:\/\/koimetalmerch.com\/wp-content\/uploads\/2025\/07\/As-We-All-Will-Cover.jpg\",\"contentUrl\":\"https:\/\/koimetalmerch.com\/wp-content\/uploads\/2025\/07\/As-We-All-Will-Cover.jpg\",\"width\":1200,\"height\":1200,\"caption\":\"obsidian mantra As We All Will Cover\"},{\"@type\":\"BreadcrumbList\",\"@id\":\"https:\/\/koimetalmerch.com\/en\/product\/obsidian-mantra-as-we-all-will-album\/#breadcrumb\",\"itemListElement\":[{\"@type\":\"ListItem\",\"position\":1,\"name\":\"Strona G\u0142\u00f3wna\",\"item\":\"https:\/\/koimetalmerch.com\/en\/home-page\/\"},{\"@type\":\"ListItem\",\"position\":2,\"name\":\"All products\",\"item\":\"https:\/\/koimetalmerch.com\/en\/shop\/\"},{\"@type\":\"ListItem\",\"position\":3,\"name\":\"Music\",\"item\":\"https:\/\/koimetalmerch.com\/en\/category\/music\/\"},{\"@type\":\"ListItem\",\"position\":4,\"name\":\"Obsidian Mantra &#8211; As We All Will (Album)\"}]},{\"@type\":\"WebSite\",\"@id\":\"https:\/\/koimetalmerch.com\/en\/#website\",\"url\":\"https:\/\/koimetalmerch.com\/en\/\",\"name\":\"Koi Metal Merch\",\"description\":\"Sklep z odzie\u017c\u0105 rockow\u0105 i metalow\u0105. Znajd\u017a koszulki i muzyk\u0119 swoich ulubionych zespo\u0142\u00f3w z Polski! Wspieraj artyst\u00f3w, muzyk\u00f3w i znajd\u017a co\u015b wyj\u0105tkowego dla siebie\",\"publisher\":{\"@id\":\"https:\/\/koimetalmerch.com\/en\/#organization\"},\"alternateName\":\"KoiMetalMerch\",\"potentialAction\":[{\"@type\":\"SearchAction\",\"target\":{\"@type\":\"EntryPoint\",\"urlTemplate\":\"https:\/\/koimetalmerch.com\/en\/?s={search_term_string}\"},\"query-input\":\"required name=search_term_string\"}],\"inLanguage\":\"en-US\"},{\"@type\":[\"Organization\",\"Place\"],\"@id\":\"https:\/\/koimetalmerch.com\/en\/#organization\",\"name\":\"Koi Metal Merch\",\"alternateName\":\"Koi Metal Merch\",\"url\":\"https:\/\/koimetalmerch.com\/en\/\",\"logo\":{\"@id\":\"https:\/\/koimetalmerch.com\/en\/product\/obsidian-mantra-as-we-all-will-album\/#local-main-organization-logo\"},\"image\":{\"@id\":\"https:\/\/koimetalmerch.com\/en\/product\/obsidian-mantra-as-we-all-will-album\/#local-main-organization-logo\"},\"sameAs\":[\"https:\/\/www.facebook.com\/koimetalmerch\/\"],\"description\":\"Witaj w naszej internetowej rodzinie, gdzie mrok spotyka si\u0119 z muzyk\u0105, a unikatowy design \u0142\u0105czy si\u0119 z najwy\u017csz\u0105 jako\u015bci\u0105. Jeste\u015bmy dostawcami najwy\u017cszej jako\u015bci merchu zespo\u0142\u00f3w rockowych i metalowych, kt\u00f3rego nie spotkasz nigdzie indziej. W naszej kolekcji znajdziesz szeroki wyb\u00f3r koszulek, bluz, czapek i innych akcesori\u00f3w, kt\u00f3re pozwol\u0105 Ci wyrazi\u0107 swoj\u0105 pasj\u0119 do rocka i metalu. Ka\u017cdy nasz produkt cechuje unikatowy design oraz limitowana dost\u0119pno\u015b\u0107, co sprawia, \u017ce \u200b\u200bka\u017cdy zakup staje si\u0119 wyj\u0105tkowym do\u015bwiadczeniem. Jako firma mocno zaanga\u017cowana w wspieranie lokalnych artyst\u00f3w, du\u017ca cz\u0119\u015b\u0107 zysk\u00f3w ze sprzeda\u017cy trafia bezpo\u015brednio do zespo\u0142\u00f3w, kt\u00f3re stworzy\u0142y nasze produkty. W ten spos\u00f3b nie tylko zdob\u0119dziesz wyj\u0105tkowe ubrania, ale tak\u017ce wesprzesz rozw\u00f3j polskiej sceny muzycznej. Do\u0142\u0105cz do naszej spo\u0142eczno\u015bci mi\u0142o\u015bnik\u00f3w rocka i metalu ju\u017c dzi\u015b, odkryj nasz\u0105 kolekcj\u0119 i wyra\u017a swoj\u0105 indywidualno\u015b\u0107 z naszym merchandisingiem!\",\"publishingPrinciples\":\"https:\/\/koimetalmerch.com\/polityka-prywatnosci\/\",\"telephone\":[],\"openingHoursSpecification\":[{\"@type\":\"OpeningHoursSpecification\",\"dayOfWeek\":[\"Monday\",\"Tuesday\",\"Wednesday\",\"Thursday\",\"Friday\",\"Saturday\",\"Sunday\"],\"opens\":\"09:00\",\"closes\":\"17:00\"}]},{\"@type\":\"ImageObject\",\"inLanguage\":\"en-US\",\"@id\":\"https:\/\/koimetalmerch.com\/en\/product\/obsidian-mantra-as-we-all-will-album\/#local-main-organization-logo\",\"url\":\"https:\/\/koimetalmerch.com\/wp-content\/uploads\/2025\/02\/Page-Thumbnail.png\",\"contentUrl\":\"https:\/\/koimetalmerch.com\/wp-content\/uploads\/2025\/02\/Page-Thumbnail.png\",\"width\":1200,\"height\":675,\"caption\":\"Koi Metal Merch\"}]}<\/script>\n<meta property=\"product:brand\" content=\"Obsidian Mantra\" \/>\n<meta property=\"product:price:amount\" content=\"40.00\" \/>\n<meta property=\"product:price:currency\" content=\"PLN\" \/>\n<meta property=\"og:availability\" content=\"instock\" \/>\n<meta property=\"product:availability\" content=\"instock\" \/>\n<meta property=\"product:condition\" content=\"new\" \/>\n<!-- \/ Yoast SEO Premium plugin. -->","yoast_head_json":{"title":"Obsidian Mantra - As We All Will (Album) - Koi Metal Merch","description":"Obsidian Mantra As We All Will \u2014 third album. Atmospheric, groove-driven death metal with blackened dissonance and existential message.","robots":{"index":"index","follow":"follow","max-snippet":"max-snippet:-1","max-image-preview":"max-image-preview:large","max-video-preview":"max-video-preview:-1"},"canonical":"https:\/\/koimetalmerch.com\/en\/product\/obsidian-mantra-as-we-all-will-album\/","og_locale":"en_US","og_type":"article","og_title":"Obsidian Mantra - As We All Will (Album)","og_description":"Obsidian Mantra As We All Will \u2014 third album. Atmospheric, groove-driven death metal with blackened dissonance and existential message.","og_url":"https:\/\/koimetalmerch.com\/en\/product\/obsidian-mantra-as-we-all-will-album\/","og_site_name":"Koi Metal Merch","article_publisher":"https:\/\/www.facebook.com\/koimetalmerch\/","article_modified_time":"2026-02-22T14:54:53+00:00","og_image":[{"width":1200,"height":1200,"url":"http:\/\/koimetalmerch.com\/wp-content\/uploads\/2025\/07\/As-We-All-Will-Cover.jpg","type":"image\/jpeg"}],"twitter_card":"summary_large_image","schema":{"@context":"https:\/\/schema.org","@graph":[{"@type":"WebPage","@id":"https:\/\/koimetalmerch.com\/en\/product\/obsidian-mantra-as-we-all-will-album\/","url":"https:\/\/koimetalmerch.com\/en\/product\/obsidian-mantra-as-we-all-will-album\/","name":"Obsidian Mantra - As We All Will (Album) - Koi Metal Merch","isPartOf":{"@id":"https:\/\/koimetalmerch.com\/en\/#website"},"primaryImageOfPage":{"@id":"https:\/\/koimetalmerch.com\/en\/product\/obsidian-mantra-as-we-all-will-album\/#primaryimage"},"image":{"@id":"https:\/\/koimetalmerch.com\/en\/product\/obsidian-mantra-as-we-all-will-album\/#primaryimage"},"thumbnailUrl":"https:\/\/koimetalmerch.com\/wp-content\/uploads\/2025\/07\/As-We-All-Will-Cover.jpg","datePublished":"2025-07-01T19:42:51+00:00","dateModified":"2026-02-22T14:54:53+00:00","description":"Obsidian Mantra As We All Will \u2014 third album. Atmospheric, groove-driven death metal with blackened dissonance and existential message.","breadcrumb":{"@id":"https:\/\/koimetalmerch.com\/en\/product\/obsidian-mantra-as-we-all-will-album\/#breadcrumb"},"inLanguage":"en-US","potentialAction":[{"@type":"ReadAction","target":["https:\/\/koimetalmerch.com\/en\/product\/obsidian-mantra-as-we-all-will-album\/"]}]},{"@type":"ImageObject","inLanguage":"en-US","@id":"https:\/\/koimetalmerch.com\/en\/product\/obsidian-mantra-as-we-all-will-album\/#primaryimage","url":"https:\/\/koimetalmerch.com\/wp-content\/uploads\/2025\/07\/As-We-All-Will-Cover.jpg","contentUrl":"https:\/\/koimetalmerch.com\/wp-content\/uploads\/2025\/07\/As-We-All-Will-Cover.jpg","width":1200,"height":1200,"caption":"obsidian mantra As We All Will Cover"},{"@type":"BreadcrumbList","@id":"https:\/\/koimetalmerch.com\/en\/product\/obsidian-mantra-as-we-all-will-album\/#breadcrumb","itemListElement":[{"@type":"ListItem","position":1,"name":"Strona G\u0142\u00f3wna","item":"https:\/\/koimetalmerch.com\/en\/home-page\/"},{"@type":"ListItem","position":2,"name":"All products","item":"https:\/\/koimetalmerch.com\/en\/shop\/"},{"@type":"ListItem","position":3,"name":"Music","item":"https:\/\/koimetalmerch.com\/en\/category\/music\/"},{"@type":"ListItem","position":4,"name":"Obsidian Mantra &#8211; As We All Will (Album)"}]},{"@type":"WebSite","@id":"https:\/\/koimetalmerch.com\/en\/#website","url":"https:\/\/koimetalmerch.com\/en\/","name":"Koi Metal Merch","description":"Sklep z odzie\u017c\u0105 rockow\u0105 i metalow\u0105. Znajd\u017a koszulki i muzyk\u0119 swoich ulubionych zespo\u0142\u00f3w z Polski! Wspieraj artyst\u00f3w, muzyk\u00f3w i znajd\u017a co\u015b wyj\u0105tkowego dla siebie","publisher":{"@id":"https:\/\/koimetalmerch.com\/en\/#organization"},"alternateName":"KoiMetalMerch","potentialAction":[{"@type":"SearchAction","target":{"@type":"EntryPoint","urlTemplate":"https:\/\/koimetalmerch.com\/en\/?s={search_term_string}"},"query-input":"required name=search_term_string"}],"inLanguage":"en-US"},{"@type":["Organization","Place"],"@id":"https:\/\/koimetalmerch.com\/en\/#organization","name":"Koi Metal Merch","alternateName":"Koi Metal Merch","url":"https:\/\/koimetalmerch.com\/en\/","logo":{"@id":"https:\/\/koimetalmerch.com\/en\/product\/obsidian-mantra-as-we-all-will-album\/#local-main-organization-logo"},"image":{"@id":"https:\/\/koimetalmerch.com\/en\/product\/obsidian-mantra-as-we-all-will-album\/#local-main-organization-logo"},"sameAs":["https:\/\/www.facebook.com\/koimetalmerch\/"],"description":"Witaj w naszej internetowej rodzinie, gdzie mrok spotyka si\u0119 z muzyk\u0105, a unikatowy design \u0142\u0105czy si\u0119 z najwy\u017csz\u0105 jako\u015bci\u0105. Jeste\u015bmy dostawcami najwy\u017cszej jako\u015bci merchu zespo\u0142\u00f3w rockowych i metalowych, kt\u00f3rego nie spotkasz nigdzie indziej. W naszej kolekcji znajdziesz szeroki wyb\u00f3r koszulek, bluz, czapek i innych akcesori\u00f3w, kt\u00f3re pozwol\u0105 Ci wyrazi\u0107 swoj\u0105 pasj\u0119 do rocka i metalu. Ka\u017cdy nasz produkt cechuje unikatowy design oraz limitowana dost\u0119pno\u015b\u0107, co sprawia, \u017ce \u200b\u200bka\u017cdy zakup staje si\u0119 wyj\u0105tkowym do\u015bwiadczeniem. Jako firma mocno zaanga\u017cowana w wspieranie lokalnych artyst\u00f3w, du\u017ca cz\u0119\u015b\u0107 zysk\u00f3w ze sprzeda\u017cy trafia bezpo\u015brednio do zespo\u0142\u00f3w, kt\u00f3re stworzy\u0142y nasze produkty. W ten spos\u00f3b nie tylko zdob\u0119dziesz wyj\u0105tkowe ubrania, ale tak\u017ce wesprzesz rozw\u00f3j polskiej sceny muzycznej. Do\u0142\u0105cz do naszej spo\u0142eczno\u015bci mi\u0142o\u015bnik\u00f3w rocka i metalu ju\u017c dzi\u015b, odkryj nasz\u0105 kolekcj\u0119 i wyra\u017a swoj\u0105 indywidualno\u015b\u0107 z naszym merchandisingiem!","publishingPrinciples":"https:\/\/koimetalmerch.com\/polityka-prywatnosci\/","telephone":[],"openingHoursSpecification":[{"@type":"OpeningHoursSpecification","dayOfWeek":["Monday","Tuesday","Wednesday","Thursday","Friday","Saturday","Sunday"],"opens":"09:00","closes":"17:00"}]},{"@type":"ImageObject","inLanguage":"en-US","@id":"https:\/\/koimetalmerch.com\/en\/product\/obsidian-mantra-as-we-all-will-album\/#local-main-organization-logo","url":"https:\/\/koimetalmerch.com\/wp-content\/uploads\/2025\/02\/Page-Thumbnail.png","contentUrl":"https:\/\/koimetalmerch.com\/wp-content\/uploads\/2025\/02\/Page-Thumbnail.png","width":1200,"height":675,"caption":"Koi Metal Merch"}]},"product_brand":"Obsidian Mantra","product_price_amount":"40.00","product_price_currency":"PLN","og_availability":"instock","product_availability":"instock","product_condition":"new"},"brands":[{"id":73,"name":"Obsidian Mantra","slug":"obsidian-mantra"}],"_links":{"self":[{"href":"https:\/\/koimetalmerch.com\/en\/wp-json\/wp\/v2\/product\/861","targetHints":{"allow":["GET"]}}],"collection":[{"href":"https:\/\/koimetalmerch.com\/en\/wp-json\/wp\/v2\/product"}],"about":[{"href":"https:\/\/koimetalmerch.com\/en\/wp-json\/wp\/v2\/types\/product"}],"replies":[{"embeddable":true,"href":"https:\/\/koimetalmerch.com\/en\/wp-json\/wp\/v2\/comments?post=861"}],"wp:featuredmedia":[{"embeddable":true,"href":"https:\/\/koimetalmerch.com\/en\/wp-json\/wp\/v2\/media\/856"}],"wp:attachment":[{"href":"https:\/\/koimetalmerch.com\/en\/wp-json\/wp\/v2\/media?parent=861"}],"wp:term":[{"taxonomy":"pwb-brand","embeddable":true,"href":"https:\/\/koimetalmerch.com\/en\/wp-json\/wp\/v2\/pwb-brand?post=861"},{"taxonomy":"product_cat","embeddable":true,"href":"https:\/\/koimetalmerch.com\/en\/wp-json\/wp\/v2\/product_cat?post=861"},{"taxonomy":"product_tag","embeddable":true,"href":"https:\/\/koimetalmerch.com\/en\/wp-json\/wp\/v2\/product_tag?post=861"}],"curies":[{"name":"wp","href":"https:\/\/api.w.org\/{rel}","templated":true}]}}