{"id":944,"date":"2025-07-14T18:43:14","date_gmt":"2025-07-14T18:43:14","guid":{"rendered":"https:\/\/koimetalmerch.com\/product\/dom-zly-ku-pogrzebaniu-serc-album\/"},"modified":"2026-01-16T11:55:36","modified_gmt":"2026-01-16T11:55:36","slug":"dom-zly-ku-pogrzebaniu-serc-album","status":"publish","type":"product","link":"https:\/\/koimetalmerch.com\/en\/product\/dom-zly-ku-pogrzebaniu-serc-album\/","title":{"rendered":"Dom Z\u0142y &#8211; Ku Pogrzebaniu Serc (Album)"},"content":{"rendered":"<p data-start=\"2334\" data-end=\"2653\"><strong data-start=\"2334\" data-end=\"2367\">Dom Z\u0142y \u2013 Ku Pogrzebaniu Serc<\/strong> is the band\u2019s latest album, showcasing their unique blend of hardcore punk, screamo, crust, and post-black metal influences. The nine tracks immerse listeners in melancholic melodies and deeply existential Polish lyrics, delivered through Ania Truszkowska\u2019s unmistakable deep vocals.<\/p>\n<p data-start=\"2655\" data-end=\"2964\">Recorded at Mustache Ministry Studio, the album was engineered and mixed by Marcin Klimczak, with mastering by Tim De Gieter (Much Luv Studio). The mesmerizing cover art was created by Gda\u0144sk-based illustrator and lithographer Patrycja Podko\u015bcielny, perfectly capturing the band\u2019s raw, emotional atmosphere.<\/p>\n<p data-start=\"2966\" data-end=\"3223\">This <strong data-start=\"2971\" data-end=\"2988\">jewel case CD<\/strong> edition includes a 12-page booklet featuring lyrics and artwork that deepen the album\u2019s immersive, haunting feel. It\u2019s more than just an album \u2014 it\u2019s a journey through darkness, melancholy, and the powerful sound that defines Dom Z\u0142y.<\/p>\n<p data-start=\"3225\" data-end=\"3241\"><strong data-start=\"3225\" data-end=\"3239\">Tracklist:<\/strong><\/p>\n<ol data-start=\"3242\" data-end=\"3470\">\n<li data-start=\"3242\" data-end=\"3288\">\n<p data-start=\"3245\" data-end=\"3288\">Anafora (intro created with Moriah Woods)<\/p>\n<\/li>\n<li data-start=\"3289\" data-end=\"3312\">\n<p data-start=\"3292\" data-end=\"3312\">Dla \u015bwiata umiera\u0107<\/p>\n<\/li>\n<li data-start=\"3313\" data-end=\"3323\">\n<p data-start=\"3316\" data-end=\"3323\">Wiatr<\/p>\n<\/li>\n<li data-start=\"3324\" data-end=\"3337\">\n<p data-start=\"3327\" data-end=\"3337\">Z\u0142a Krew<\/p>\n<\/li>\n<li data-start=\"3338\" data-end=\"3390\">\n<p data-start=\"3341\" data-end=\"3390\">B\u0142\u0119kit (feat. Maciej Cesarczyk of Clairvoyance)<\/p>\n<\/li>\n<li data-start=\"3391\" data-end=\"3407\">\n<p data-start=\"3394\" data-end=\"3407\">Czarny ptak<\/p>\n<\/li>\n<li data-start=\"3408\" data-end=\"3432\">\n<p data-start=\"3411\" data-end=\"3432\">Nie pami\u0119tam siebie<\/p>\n<\/li>\n<li data-start=\"3433\" data-end=\"3447\">\n<p data-start=\"3436\" data-end=\"3447\">W popiele<\/p>\n<\/li>\n<li data-start=\"3448\" data-end=\"3470\">\n<p data-start=\"3451\" data-end=\"3470\">Ku pogrzebaniu serc<\/p>\n<\/li>\n<\/ol>\n","protected":false},"excerpt":{"rendered":"<p data-start=\"3515\" data-end=\"3621\">Dom Z\u0142y <em data-start=\"3523\" data-end=\"3544\">Ku Pogrzebaniu Serc<\/em> album. Jewel case CD with booklet. Hardcore punk, screamo, post-black metal.<\/p>\n","protected":false},"featured_media":923,"comment_status":"open","ping_status":"closed","template":"","meta":{"_acf_changed":false},"pwb-brand":[77],"product_cat":[53],"product_tag":[],"class_list":{"0":"post-944","1":"product","2":"type-product","3":"status-publish","4":"has-post-thumbnail","6":"pwb-brand-dom-zly-en","7":"product_cat-music","9":"first","10":"instock","11":"shipping-taxable","12":"purchasable","13":"product-type-simple","14":"customify-col"},"acf":[],"yoast_head":"<!-- This site is optimized with the Yoast SEO Premium plugin v22.6 (Yoast SEO v22.6) - https:\/\/yoast.com\/wordpress\/plugins\/seo\/ -->\n<title>Dom Z\u0142y - Ku Pogrzebaniu Serc (Album) - Koi Metal Merch<\/title>\n<meta name=\"description\" content=\"Dom Z\u0142y Ku Pogrzebaniu Serc on CD. 12-page booklet, melancholic hardcore punk and post-black metal from Poland.\" \/>\n<meta name=\"robots\" content=\"index, follow, max-snippet:-1, max-image-preview:large, max-video-preview:-1\" \/>\n<link rel=\"canonical\" href=\"https:\/\/koimetalmerch.com\/en\/product\/dom-zly-ku-pogrzebaniu-serc-album\/\" \/>\n<meta property=\"og:locale\" content=\"en_US\" \/>\n<meta property=\"og:type\" content=\"article\" \/>\n<meta property=\"og:title\" content=\"Dom Z\u0142y - Ku Pogrzebaniu Serc (Album)\" \/>\n<meta property=\"og:description\" content=\"Dom Z\u0142y Ku Pogrzebaniu Serc on CD. 12-page booklet, melancholic hardcore punk and post-black metal from Poland.\" \/>\n<meta property=\"og:url\" content=\"https:\/\/koimetalmerch.com\/en\/product\/dom-zly-ku-pogrzebaniu-serc-album\/\" \/>\n<meta property=\"og:site_name\" content=\"Koi Metal Merch\" \/>\n<meta property=\"article:publisher\" content=\"https:\/\/www.facebook.com\/koimetalmerch\/\" \/>\n<meta property=\"article:modified_time\" content=\"2026-01-16T11:55:36+00:00\" \/>\n<meta property=\"og:image\" content=\"http:\/\/koimetalmerch.com\/wp-content\/uploads\/2025\/07\/Dom-Zly-Ku-pogrzebaniu-serc.png\" \/>\n\t<meta property=\"og:image:width\" content=\"1500\" \/>\n\t<meta property=\"og:image:height\" content=\"1500\" \/>\n\t<meta property=\"og:image:type\" content=\"image\/png\" \/>\n<meta name=\"twitter:card\" content=\"summary_large_image\" \/>\n<script type=\"application\/ld+json\" class=\"yoast-schema-graph\">{\"@context\":\"https:\/\/schema.org\",\"@graph\":[{\"@type\":\"WebPage\",\"@id\":\"https:\/\/koimetalmerch.com\/en\/product\/dom-zly-ku-pogrzebaniu-serc-album\/\",\"url\":\"https:\/\/koimetalmerch.com\/en\/product\/dom-zly-ku-pogrzebaniu-serc-album\/\",\"name\":\"Dom Z\u0142y - Ku Pogrzebaniu Serc (Album) - Koi Metal Merch\",\"isPartOf\":{\"@id\":\"https:\/\/koimetalmerch.com\/en\/#website\"},\"primaryImageOfPage\":{\"@id\":\"https:\/\/koimetalmerch.com\/en\/product\/dom-zly-ku-pogrzebaniu-serc-album\/#primaryimage\"},\"image\":{\"@id\":\"https:\/\/koimetalmerch.com\/en\/product\/dom-zly-ku-pogrzebaniu-serc-album\/#primaryimage\"},\"thumbnailUrl\":\"https:\/\/koimetalmerch.com\/wp-content\/uploads\/2025\/07\/Dom-Zly-Ku-pogrzebaniu-serc.png\",\"datePublished\":\"2025-07-14T18:43:14+00:00\",\"dateModified\":\"2026-01-16T11:55:36+00:00\",\"description\":\"Dom Z\u0142y Ku Pogrzebaniu Serc on CD. 12-page booklet, melancholic hardcore punk and post-black metal from Poland.\",\"breadcrumb\":{\"@id\":\"https:\/\/koimetalmerch.com\/en\/product\/dom-zly-ku-pogrzebaniu-serc-album\/#breadcrumb\"},\"inLanguage\":\"en-US\",\"potentialAction\":[{\"@type\":\"ReadAction\",\"target\":[\"https:\/\/koimetalmerch.com\/en\/product\/dom-zly-ku-pogrzebaniu-serc-album\/\"]}]},{\"@type\":\"ImageObject\",\"inLanguage\":\"en-US\",\"@id\":\"https:\/\/koimetalmerch.com\/en\/product\/dom-zly-ku-pogrzebaniu-serc-album\/#primaryimage\",\"url\":\"https:\/\/koimetalmerch.com\/wp-content\/uploads\/2025\/07\/Dom-Zly-Ku-pogrzebaniu-serc.png\",\"contentUrl\":\"https:\/\/koimetalmerch.com\/wp-content\/uploads\/2025\/07\/Dom-Zly-Ku-pogrzebaniu-serc.png\",\"width\":1500,\"height\":1500,\"caption\":\"Dom Z\u0142y Ku pogrzebaniu serc\"},{\"@type\":\"BreadcrumbList\",\"@id\":\"https:\/\/koimetalmerch.com\/en\/product\/dom-zly-ku-pogrzebaniu-serc-album\/#breadcrumb\",\"itemListElement\":[{\"@type\":\"ListItem\",\"position\":1,\"name\":\"Strona G\u0142\u00f3wna\",\"item\":\"https:\/\/koimetalmerch.com\/en\/home-page\/\"},{\"@type\":\"ListItem\",\"position\":2,\"name\":\"All products\",\"item\":\"https:\/\/koimetalmerch.com\/en\/shop\/\"},{\"@type\":\"ListItem\",\"position\":3,\"name\":\"Music\",\"item\":\"https:\/\/koimetalmerch.com\/en\/category\/music\/\"},{\"@type\":\"ListItem\",\"position\":4,\"name\":\"Dom Z\u0142y &#8211; Ku Pogrzebaniu Serc (Album)\"}]},{\"@type\":\"WebSite\",\"@id\":\"https:\/\/koimetalmerch.com\/en\/#website\",\"url\":\"https:\/\/koimetalmerch.com\/en\/\",\"name\":\"Koi Metal Merch\",\"description\":\"Sklep z odzie\u017c\u0105 rockow\u0105 i metalow\u0105. Znajd\u017a koszulki i muzyk\u0119 swoich ulubionych zespo\u0142\u00f3w z Polski! Wspieraj artyst\u00f3w, muzyk\u00f3w i znajd\u017a co\u015b wyj\u0105tkowego dla siebie\",\"publisher\":{\"@id\":\"https:\/\/koimetalmerch.com\/en\/#organization\"},\"alternateName\":\"KoiMetalMerch\",\"potentialAction\":[{\"@type\":\"SearchAction\",\"target\":{\"@type\":\"EntryPoint\",\"urlTemplate\":\"https:\/\/koimetalmerch.com\/en\/?s={search_term_string}\"},\"query-input\":\"required name=search_term_string\"}],\"inLanguage\":\"en-US\"},{\"@type\":[\"Organization\",\"Place\"],\"@id\":\"https:\/\/koimetalmerch.com\/en\/#organization\",\"name\":\"Koi Metal Merch\",\"alternateName\":\"Koi Metal Merch\",\"url\":\"https:\/\/koimetalmerch.com\/en\/\",\"logo\":{\"@id\":\"https:\/\/koimetalmerch.com\/en\/product\/dom-zly-ku-pogrzebaniu-serc-album\/#local-main-organization-logo\"},\"image\":{\"@id\":\"https:\/\/koimetalmerch.com\/en\/product\/dom-zly-ku-pogrzebaniu-serc-album\/#local-main-organization-logo\"},\"sameAs\":[\"https:\/\/www.facebook.com\/koimetalmerch\/\"],\"description\":\"Witaj w naszej internetowej rodzinie, gdzie mrok spotyka si\u0119 z muzyk\u0105, a unikatowy design \u0142\u0105czy si\u0119 z najwy\u017csz\u0105 jako\u015bci\u0105. Jeste\u015bmy dostawcami najwy\u017cszej jako\u015bci merchu zespo\u0142\u00f3w rockowych i metalowych, kt\u00f3rego nie spotkasz nigdzie indziej. W naszej kolekcji znajdziesz szeroki wyb\u00f3r koszulek, bluz, czapek i innych akcesori\u00f3w, kt\u00f3re pozwol\u0105 Ci wyrazi\u0107 swoj\u0105 pasj\u0119 do rocka i metalu. Ka\u017cdy nasz produkt cechuje unikatowy design oraz limitowana dost\u0119pno\u015b\u0107, co sprawia, \u017ce \u200b\u200bka\u017cdy zakup staje si\u0119 wyj\u0105tkowym do\u015bwiadczeniem. Jako firma mocno zaanga\u017cowana w wspieranie lokalnych artyst\u00f3w, du\u017ca cz\u0119\u015b\u0107 zysk\u00f3w ze sprzeda\u017cy trafia bezpo\u015brednio do zespo\u0142\u00f3w, kt\u00f3re stworzy\u0142y nasze produkty. W ten spos\u00f3b nie tylko zdob\u0119dziesz wyj\u0105tkowe ubrania, ale tak\u017ce wesprzesz rozw\u00f3j polskiej sceny muzycznej. Do\u0142\u0105cz do naszej spo\u0142eczno\u015bci mi\u0142o\u015bnik\u00f3w rocka i metalu ju\u017c dzi\u015b, odkryj nasz\u0105 kolekcj\u0119 i wyra\u017a swoj\u0105 indywidualno\u015b\u0107 z naszym merchandisingiem!\",\"publishingPrinciples\":\"https:\/\/koimetalmerch.com\/polityka-prywatnosci\/\",\"telephone\":[],\"openingHoursSpecification\":[{\"@type\":\"OpeningHoursSpecification\",\"dayOfWeek\":[\"Monday\",\"Tuesday\",\"Wednesday\",\"Thursday\",\"Friday\",\"Saturday\",\"Sunday\"],\"opens\":\"09:00\",\"closes\":\"17:00\"}]},{\"@type\":\"ImageObject\",\"inLanguage\":\"en-US\",\"@id\":\"https:\/\/koimetalmerch.com\/en\/product\/dom-zly-ku-pogrzebaniu-serc-album\/#local-main-organization-logo\",\"url\":\"https:\/\/koimetalmerch.com\/wp-content\/uploads\/2025\/02\/Page-Thumbnail.png\",\"contentUrl\":\"https:\/\/koimetalmerch.com\/wp-content\/uploads\/2025\/02\/Page-Thumbnail.png\",\"width\":1200,\"height\":675,\"caption\":\"Koi Metal Merch\"}]}<\/script>\n<meta property=\"product:brand\" content=\"Dom Z\u0142y\" \/>\n<meta property=\"product:price:amount\" content=\"40.00\" \/>\n<meta property=\"product:price:currency\" content=\"PLN\" \/>\n<meta property=\"og:availability\" content=\"instock\" \/>\n<meta property=\"product:availability\" content=\"instock\" \/>\n<meta property=\"product:condition\" content=\"new\" \/>\n<!-- \/ Yoast SEO Premium plugin. -->","yoast_head_json":{"title":"Dom Z\u0142y - Ku Pogrzebaniu Serc (Album) - Koi Metal Merch","description":"Dom Z\u0142y Ku Pogrzebaniu Serc on CD. 12-page booklet, melancholic hardcore punk and post-black metal from Poland.","robots":{"index":"index","follow":"follow","max-snippet":"max-snippet:-1","max-image-preview":"max-image-preview:large","max-video-preview":"max-video-preview:-1"},"canonical":"https:\/\/koimetalmerch.com\/en\/product\/dom-zly-ku-pogrzebaniu-serc-album\/","og_locale":"en_US","og_type":"article","og_title":"Dom Z\u0142y - Ku Pogrzebaniu Serc (Album)","og_description":"Dom Z\u0142y Ku Pogrzebaniu Serc on CD. 12-page booklet, melancholic hardcore punk and post-black metal from Poland.","og_url":"https:\/\/koimetalmerch.com\/en\/product\/dom-zly-ku-pogrzebaniu-serc-album\/","og_site_name":"Koi Metal Merch","article_publisher":"https:\/\/www.facebook.com\/koimetalmerch\/","article_modified_time":"2026-01-16T11:55:36+00:00","og_image":[{"width":1500,"height":1500,"url":"http:\/\/koimetalmerch.com\/wp-content\/uploads\/2025\/07\/Dom-Zly-Ku-pogrzebaniu-serc.png","type":"image\/png"}],"twitter_card":"summary_large_image","schema":{"@context":"https:\/\/schema.org","@graph":[{"@type":"WebPage","@id":"https:\/\/koimetalmerch.com\/en\/product\/dom-zly-ku-pogrzebaniu-serc-album\/","url":"https:\/\/koimetalmerch.com\/en\/product\/dom-zly-ku-pogrzebaniu-serc-album\/","name":"Dom Z\u0142y - Ku Pogrzebaniu Serc (Album) - Koi Metal Merch","isPartOf":{"@id":"https:\/\/koimetalmerch.com\/en\/#website"},"primaryImageOfPage":{"@id":"https:\/\/koimetalmerch.com\/en\/product\/dom-zly-ku-pogrzebaniu-serc-album\/#primaryimage"},"image":{"@id":"https:\/\/koimetalmerch.com\/en\/product\/dom-zly-ku-pogrzebaniu-serc-album\/#primaryimage"},"thumbnailUrl":"https:\/\/koimetalmerch.com\/wp-content\/uploads\/2025\/07\/Dom-Zly-Ku-pogrzebaniu-serc.png","datePublished":"2025-07-14T18:43:14+00:00","dateModified":"2026-01-16T11:55:36+00:00","description":"Dom Z\u0142y Ku Pogrzebaniu Serc on CD. 12-page booklet, melancholic hardcore punk and post-black metal from Poland.","breadcrumb":{"@id":"https:\/\/koimetalmerch.com\/en\/product\/dom-zly-ku-pogrzebaniu-serc-album\/#breadcrumb"},"inLanguage":"en-US","potentialAction":[{"@type":"ReadAction","target":["https:\/\/koimetalmerch.com\/en\/product\/dom-zly-ku-pogrzebaniu-serc-album\/"]}]},{"@type":"ImageObject","inLanguage":"en-US","@id":"https:\/\/koimetalmerch.com\/en\/product\/dom-zly-ku-pogrzebaniu-serc-album\/#primaryimage","url":"https:\/\/koimetalmerch.com\/wp-content\/uploads\/2025\/07\/Dom-Zly-Ku-pogrzebaniu-serc.png","contentUrl":"https:\/\/koimetalmerch.com\/wp-content\/uploads\/2025\/07\/Dom-Zly-Ku-pogrzebaniu-serc.png","width":1500,"height":1500,"caption":"Dom Z\u0142y Ku pogrzebaniu serc"},{"@type":"BreadcrumbList","@id":"https:\/\/koimetalmerch.com\/en\/product\/dom-zly-ku-pogrzebaniu-serc-album\/#breadcrumb","itemListElement":[{"@type":"ListItem","position":1,"name":"Strona G\u0142\u00f3wna","item":"https:\/\/koimetalmerch.com\/en\/home-page\/"},{"@type":"ListItem","position":2,"name":"All products","item":"https:\/\/koimetalmerch.com\/en\/shop\/"},{"@type":"ListItem","position":3,"name":"Music","item":"https:\/\/koimetalmerch.com\/en\/category\/music\/"},{"@type":"ListItem","position":4,"name":"Dom Z\u0142y &#8211; Ku Pogrzebaniu Serc (Album)"}]},{"@type":"WebSite","@id":"https:\/\/koimetalmerch.com\/en\/#website","url":"https:\/\/koimetalmerch.com\/en\/","name":"Koi Metal Merch","description":"Sklep z odzie\u017c\u0105 rockow\u0105 i metalow\u0105. Znajd\u017a koszulki i muzyk\u0119 swoich ulubionych zespo\u0142\u00f3w z Polski! Wspieraj artyst\u00f3w, muzyk\u00f3w i znajd\u017a co\u015b wyj\u0105tkowego dla siebie","publisher":{"@id":"https:\/\/koimetalmerch.com\/en\/#organization"},"alternateName":"KoiMetalMerch","potentialAction":[{"@type":"SearchAction","target":{"@type":"EntryPoint","urlTemplate":"https:\/\/koimetalmerch.com\/en\/?s={search_term_string}"},"query-input":"required name=search_term_string"}],"inLanguage":"en-US"},{"@type":["Organization","Place"],"@id":"https:\/\/koimetalmerch.com\/en\/#organization","name":"Koi Metal Merch","alternateName":"Koi Metal Merch","url":"https:\/\/koimetalmerch.com\/en\/","logo":{"@id":"https:\/\/koimetalmerch.com\/en\/product\/dom-zly-ku-pogrzebaniu-serc-album\/#local-main-organization-logo"},"image":{"@id":"https:\/\/koimetalmerch.com\/en\/product\/dom-zly-ku-pogrzebaniu-serc-album\/#local-main-organization-logo"},"sameAs":["https:\/\/www.facebook.com\/koimetalmerch\/"],"description":"Witaj w naszej internetowej rodzinie, gdzie mrok spotyka si\u0119 z muzyk\u0105, a unikatowy design \u0142\u0105czy si\u0119 z najwy\u017csz\u0105 jako\u015bci\u0105. Jeste\u015bmy dostawcami najwy\u017cszej jako\u015bci merchu zespo\u0142\u00f3w rockowych i metalowych, kt\u00f3rego nie spotkasz nigdzie indziej. W naszej kolekcji znajdziesz szeroki wyb\u00f3r koszulek, bluz, czapek i innych akcesori\u00f3w, kt\u00f3re pozwol\u0105 Ci wyrazi\u0107 swoj\u0105 pasj\u0119 do rocka i metalu. Ka\u017cdy nasz produkt cechuje unikatowy design oraz limitowana dost\u0119pno\u015b\u0107, co sprawia, \u017ce \u200b\u200bka\u017cdy zakup staje si\u0119 wyj\u0105tkowym do\u015bwiadczeniem. Jako firma mocno zaanga\u017cowana w wspieranie lokalnych artyst\u00f3w, du\u017ca cz\u0119\u015b\u0107 zysk\u00f3w ze sprzeda\u017cy trafia bezpo\u015brednio do zespo\u0142\u00f3w, kt\u00f3re stworzy\u0142y nasze produkty. W ten spos\u00f3b nie tylko zdob\u0119dziesz wyj\u0105tkowe ubrania, ale tak\u017ce wesprzesz rozw\u00f3j polskiej sceny muzycznej. Do\u0142\u0105cz do naszej spo\u0142eczno\u015bci mi\u0142o\u015bnik\u00f3w rocka i metalu ju\u017c dzi\u015b, odkryj nasz\u0105 kolekcj\u0119 i wyra\u017a swoj\u0105 indywidualno\u015b\u0107 z naszym merchandisingiem!","publishingPrinciples":"https:\/\/koimetalmerch.com\/polityka-prywatnosci\/","telephone":[],"openingHoursSpecification":[{"@type":"OpeningHoursSpecification","dayOfWeek":["Monday","Tuesday","Wednesday","Thursday","Friday","Saturday","Sunday"],"opens":"09:00","closes":"17:00"}]},{"@type":"ImageObject","inLanguage":"en-US","@id":"https:\/\/koimetalmerch.com\/en\/product\/dom-zly-ku-pogrzebaniu-serc-album\/#local-main-organization-logo","url":"https:\/\/koimetalmerch.com\/wp-content\/uploads\/2025\/02\/Page-Thumbnail.png","contentUrl":"https:\/\/koimetalmerch.com\/wp-content\/uploads\/2025\/02\/Page-Thumbnail.png","width":1200,"height":675,"caption":"Koi Metal Merch"}]},"product_brand":"Dom Z\u0142y","product_price_amount":"40.00","product_price_currency":"PLN","og_availability":"instock","product_availability":"instock","product_condition":"new"},"brands":[{"id":77,"name":"Dom Z\u0142y","slug":"dom-zly-en"}],"_links":{"self":[{"href":"https:\/\/koimetalmerch.com\/en\/wp-json\/wp\/v2\/product\/944","targetHints":{"allow":["GET"]}}],"collection":[{"href":"https:\/\/koimetalmerch.com\/en\/wp-json\/wp\/v2\/product"}],"about":[{"href":"https:\/\/koimetalmerch.com\/en\/wp-json\/wp\/v2\/types\/product"}],"replies":[{"embeddable":true,"href":"https:\/\/koimetalmerch.com\/en\/wp-json\/wp\/v2\/comments?post=944"}],"wp:featuredmedia":[{"embeddable":true,"href":"https:\/\/koimetalmerch.com\/en\/wp-json\/wp\/v2\/media\/923"}],"wp:attachment":[{"href":"https:\/\/koimetalmerch.com\/en\/wp-json\/wp\/v2\/media?parent=944"}],"wp:term":[{"taxonomy":"pwb-brand","embeddable":true,"href":"https:\/\/koimetalmerch.com\/en\/wp-json\/wp\/v2\/pwb-brand?post=944"},{"taxonomy":"product_cat","embeddable":true,"href":"https:\/\/koimetalmerch.com\/en\/wp-json\/wp\/v2\/product_cat?post=944"},{"taxonomy":"product_tag","embeddable":true,"href":"https:\/\/koimetalmerch.com\/en\/wp-json\/wp\/v2\/product_tag?post=944"}],"curies":[{"name":"wp","href":"https:\/\/api.w.org\/{rel}","templated":true}]}}