{"id":965,"date":"2025-07-15T18:50:30","date_gmt":"2025-07-15T18:50:30","guid":{"rendered":"https:\/\/koimetalmerch.com\/product\/dom-zly-snisz-bory-tak-geste-album\/"},"modified":"2026-01-16T11:55:36","modified_gmt":"2026-01-16T11:55:36","slug":"dom-zly-snisz-bory-tak-geste-album","status":"publish","type":"product","link":"https:\/\/koimetalmerch.com\/en\/product\/dom-zly-snisz-bory-tak-geste-album\/","title":{"rendered":"Dom Z\u0142y &#8211; \u015anisz Bory Tak G\u0119ste (Album)"},"content":{"rendered":"<p data-start=\"2111\" data-end=\"2452\"><strong data-start=\"2111\" data-end=\"2145\">Dom Z\u0142y \u2013 \u015aNISZ BORY TAK G\u0118STE<\/strong> is another powerful release from the band, proving that melancholic hardcore punk with screamo, crust, and post-black metal influences can be deeply moving and captivating. The five intense tracks pull the listener into a dense, suffocating atmosphere full of unease, raw emotion, and poetic Polish lyrics.<\/p>\n<p data-start=\"2454\" data-end=\"2717\">The album was recorded at Wielo\u015blad Studio, mixed by Marcin Klimczak (Mustache Ministry Studio), and mastered by Haldor Grunberg (Satanic Audio). The haunting cover photo by Micha\u0142 Matraszek perfectly captures the band\u2019s raw, melancholic, and uncompromising vibe.<\/p>\n<p data-start=\"2719\" data-end=\"2888\">This <strong data-start=\"2724\" data-end=\"2753\">digipack CD (4th edition)<\/strong> is a must-have for fans and anyone who values honest, underground music. Five songs that showcase Dom Z\u0142y\u2019s emotional and sonic power.<\/p>\n<p data-start=\"2890\" data-end=\"2906\"><strong data-start=\"2890\" data-end=\"2904\">Tracklist:<\/strong><\/p>\n<ol data-start=\"2907\" data-end=\"2958\">\n<li data-start=\"2907\" data-end=\"2917\">\n<p data-start=\"2910\" data-end=\"2917\">Burza<\/p>\n<\/li>\n<li data-start=\"2918\" data-end=\"2928\">\n<p data-start=\"2921\" data-end=\"2928\">Rzeka<\/p>\n<\/li>\n<li data-start=\"2929\" data-end=\"2937\">\n<p data-start=\"2932\" data-end=\"2937\">Jad<\/p>\n<\/li>\n<li data-start=\"2938\" data-end=\"2949\">\n<p data-start=\"2941\" data-end=\"2949\">Gorycz<\/p>\n<\/li>\n<li data-start=\"2950\" data-end=\"2958\">\n<p data-start=\"2953\" data-end=\"2958\">Cisza<\/p>\n<\/li>\n<\/ol>\n","protected":false},"excerpt":{"rendered":"<p>Dom Z\u0142y <em data-start=\"3011\" data-end=\"3033\">\u015aNISZ BORY TAK G\u0118STE<\/em> \u2014 digipack CD with 5 tracks. Raw hardcore punk with melancholic undertones.<\/p>\n","protected":false},"featured_media":931,"comment_status":"open","ping_status":"closed","template":"","meta":{"_acf_changed":false},"pwb-brand":[77],"product_cat":[53],"product_tag":[],"class_list":{"0":"post-965","1":"product","2":"type-product","3":"status-publish","4":"has-post-thumbnail","6":"pwb-brand-dom-zly-en","7":"product_cat-music","9":"first","10":"instock","11":"shipping-taxable","12":"purchasable","13":"product-type-simple","14":"customify-col"},"acf":[],"yoast_head":"<!-- This site is optimized with the Yoast SEO Premium plugin v22.6 (Yoast SEO v22.6) - https:\/\/yoast.com\/wordpress\/plugins\/seo\/ -->\n<title>Dom Z\u0142y - \u015anisz Bory Tak G\u0119ste (Album) - Koi Metal Merch<\/title>\n<meta name=\"description\" content=\"Dom Z\u0142y \u015aNISZ BORY TAK G\u0118STE album on CD. Digipack, 5 tracks. Hardcore punk, screamo, crust, post-black metal from Poland.\" \/>\n<meta name=\"robots\" content=\"index, follow, max-snippet:-1, max-image-preview:large, max-video-preview:-1\" \/>\n<link rel=\"canonical\" href=\"https:\/\/koimetalmerch.com\/en\/product\/dom-zly-snisz-bory-tak-geste-album\/\" \/>\n<meta property=\"og:locale\" content=\"en_US\" \/>\n<meta property=\"og:type\" content=\"article\" \/>\n<meta property=\"og:title\" content=\"Dom Z\u0142y - \u015anisz Bory Tak G\u0119ste (Album)\" \/>\n<meta property=\"og:description\" content=\"Dom Z\u0142y \u015aNISZ BORY TAK G\u0118STE album on CD. Digipack, 5 tracks. Hardcore punk, screamo, crust, post-black metal from Poland.\" \/>\n<meta property=\"og:url\" content=\"https:\/\/koimetalmerch.com\/en\/product\/dom-zly-snisz-bory-tak-geste-album\/\" \/>\n<meta property=\"og:site_name\" content=\"Koi Metal Merch\" \/>\n<meta property=\"article:publisher\" content=\"https:\/\/www.facebook.com\/koimetalmerch\/\" \/>\n<meta property=\"article:modified_time\" content=\"2026-01-16T11:55:36+00:00\" \/>\n<meta property=\"og:image\" content=\"http:\/\/koimetalmerch.com\/wp-content\/uploads\/2025\/07\/bory_CD_cover.jpg\" \/>\n\t<meta property=\"og:image:width\" content=\"1200\" \/>\n\t<meta property=\"og:image:height\" content=\"1200\" \/>\n\t<meta property=\"og:image:type\" content=\"image\/jpeg\" \/>\n<meta name=\"twitter:card\" content=\"summary_large_image\" \/>\n<script type=\"application\/ld+json\" class=\"yoast-schema-graph\">{\"@context\":\"https:\/\/schema.org\",\"@graph\":[{\"@type\":\"WebPage\",\"@id\":\"https:\/\/koimetalmerch.com\/en\/product\/dom-zly-snisz-bory-tak-geste-album\/\",\"url\":\"https:\/\/koimetalmerch.com\/en\/product\/dom-zly-snisz-bory-tak-geste-album\/\",\"name\":\"Dom Z\u0142y - \u015anisz Bory Tak G\u0119ste (Album) - Koi Metal Merch\",\"isPartOf\":{\"@id\":\"https:\/\/koimetalmerch.com\/en\/#website\"},\"primaryImageOfPage\":{\"@id\":\"https:\/\/koimetalmerch.com\/en\/product\/dom-zly-snisz-bory-tak-geste-album\/#primaryimage\"},\"image\":{\"@id\":\"https:\/\/koimetalmerch.com\/en\/product\/dom-zly-snisz-bory-tak-geste-album\/#primaryimage\"},\"thumbnailUrl\":\"https:\/\/koimetalmerch.com\/wp-content\/uploads\/2025\/07\/bory_CD_cover.jpg\",\"datePublished\":\"2025-07-15T18:50:30+00:00\",\"dateModified\":\"2026-01-16T11:55:36+00:00\",\"description\":\"Dom Z\u0142y \u015aNISZ BORY TAK G\u0118STE album on CD. Digipack, 5 tracks. Hardcore punk, screamo, crust, post-black metal from Poland.\",\"breadcrumb\":{\"@id\":\"https:\/\/koimetalmerch.com\/en\/product\/dom-zly-snisz-bory-tak-geste-album\/#breadcrumb\"},\"inLanguage\":\"en-US\",\"potentialAction\":[{\"@type\":\"ReadAction\",\"target\":[\"https:\/\/koimetalmerch.com\/en\/product\/dom-zly-snisz-bory-tak-geste-album\/\"]}]},{\"@type\":\"ImageObject\",\"inLanguage\":\"en-US\",\"@id\":\"https:\/\/koimetalmerch.com\/en\/product\/dom-zly-snisz-bory-tak-geste-album\/#primaryimage\",\"url\":\"https:\/\/koimetalmerch.com\/wp-content\/uploads\/2025\/07\/bory_CD_cover.jpg\",\"contentUrl\":\"https:\/\/koimetalmerch.com\/wp-content\/uploads\/2025\/07\/bory_CD_cover.jpg\",\"width\":1200,\"height\":1200,\"caption\":\"Dom Z\u0142y - \u015anisz Bory Tak G\u0119ste\"},{\"@type\":\"BreadcrumbList\",\"@id\":\"https:\/\/koimetalmerch.com\/en\/product\/dom-zly-snisz-bory-tak-geste-album\/#breadcrumb\",\"itemListElement\":[{\"@type\":\"ListItem\",\"position\":1,\"name\":\"Strona G\u0142\u00f3wna\",\"item\":\"https:\/\/koimetalmerch.com\/en\/home-page\/\"},{\"@type\":\"ListItem\",\"position\":2,\"name\":\"All products\",\"item\":\"https:\/\/koimetalmerch.com\/en\/shop\/\"},{\"@type\":\"ListItem\",\"position\":3,\"name\":\"Music\",\"item\":\"https:\/\/koimetalmerch.com\/en\/category\/music\/\"},{\"@type\":\"ListItem\",\"position\":4,\"name\":\"Dom Z\u0142y &#8211; \u015anisz Bory Tak G\u0119ste (Album)\"}]},{\"@type\":\"WebSite\",\"@id\":\"https:\/\/koimetalmerch.com\/en\/#website\",\"url\":\"https:\/\/koimetalmerch.com\/en\/\",\"name\":\"Koi Metal Merch\",\"description\":\"Sklep z odzie\u017c\u0105 rockow\u0105 i metalow\u0105. Znajd\u017a koszulki i muzyk\u0119 swoich ulubionych zespo\u0142\u00f3w z Polski! Wspieraj artyst\u00f3w, muzyk\u00f3w i znajd\u017a co\u015b wyj\u0105tkowego dla siebie\",\"publisher\":{\"@id\":\"https:\/\/koimetalmerch.com\/en\/#organization\"},\"alternateName\":\"KoiMetalMerch\",\"potentialAction\":[{\"@type\":\"SearchAction\",\"target\":{\"@type\":\"EntryPoint\",\"urlTemplate\":\"https:\/\/koimetalmerch.com\/en\/?s={search_term_string}\"},\"query-input\":\"required name=search_term_string\"}],\"inLanguage\":\"en-US\"},{\"@type\":[\"Organization\",\"Place\"],\"@id\":\"https:\/\/koimetalmerch.com\/en\/#organization\",\"name\":\"Koi Metal Merch\",\"alternateName\":\"Koi Metal Merch\",\"url\":\"https:\/\/koimetalmerch.com\/en\/\",\"logo\":{\"@id\":\"https:\/\/koimetalmerch.com\/en\/product\/dom-zly-snisz-bory-tak-geste-album\/#local-main-organization-logo\"},\"image\":{\"@id\":\"https:\/\/koimetalmerch.com\/en\/product\/dom-zly-snisz-bory-tak-geste-album\/#local-main-organization-logo\"},\"sameAs\":[\"https:\/\/www.facebook.com\/koimetalmerch\/\"],\"description\":\"Witaj w naszej internetowej rodzinie, gdzie mrok spotyka si\u0119 z muzyk\u0105, a unikatowy design \u0142\u0105czy si\u0119 z najwy\u017csz\u0105 jako\u015bci\u0105. Jeste\u015bmy dostawcami najwy\u017cszej jako\u015bci merchu zespo\u0142\u00f3w rockowych i metalowych, kt\u00f3rego nie spotkasz nigdzie indziej. W naszej kolekcji znajdziesz szeroki wyb\u00f3r koszulek, bluz, czapek i innych akcesori\u00f3w, kt\u00f3re pozwol\u0105 Ci wyrazi\u0107 swoj\u0105 pasj\u0119 do rocka i metalu. Ka\u017cdy nasz produkt cechuje unikatowy design oraz limitowana dost\u0119pno\u015b\u0107, co sprawia, \u017ce \u200b\u200bka\u017cdy zakup staje si\u0119 wyj\u0105tkowym do\u015bwiadczeniem. Jako firma mocno zaanga\u017cowana w wspieranie lokalnych artyst\u00f3w, du\u017ca cz\u0119\u015b\u0107 zysk\u00f3w ze sprzeda\u017cy trafia bezpo\u015brednio do zespo\u0142\u00f3w, kt\u00f3re stworzy\u0142y nasze produkty. W ten spos\u00f3b nie tylko zdob\u0119dziesz wyj\u0105tkowe ubrania, ale tak\u017ce wesprzesz rozw\u00f3j polskiej sceny muzycznej. Do\u0142\u0105cz do naszej spo\u0142eczno\u015bci mi\u0142o\u015bnik\u00f3w rocka i metalu ju\u017c dzi\u015b, odkryj nasz\u0105 kolekcj\u0119 i wyra\u017a swoj\u0105 indywidualno\u015b\u0107 z naszym merchandisingiem!\",\"publishingPrinciples\":\"https:\/\/koimetalmerch.com\/polityka-prywatnosci\/\",\"telephone\":[],\"openingHoursSpecification\":[{\"@type\":\"OpeningHoursSpecification\",\"dayOfWeek\":[\"Monday\",\"Tuesday\",\"Wednesday\",\"Thursday\",\"Friday\",\"Saturday\",\"Sunday\"],\"opens\":\"09:00\",\"closes\":\"17:00\"}]},{\"@type\":\"ImageObject\",\"inLanguage\":\"en-US\",\"@id\":\"https:\/\/koimetalmerch.com\/en\/product\/dom-zly-snisz-bory-tak-geste-album\/#local-main-organization-logo\",\"url\":\"https:\/\/koimetalmerch.com\/wp-content\/uploads\/2025\/02\/Page-Thumbnail.png\",\"contentUrl\":\"https:\/\/koimetalmerch.com\/wp-content\/uploads\/2025\/02\/Page-Thumbnail.png\",\"width\":1200,\"height\":675,\"caption\":\"Koi Metal Merch\"}]}<\/script>\n<meta property=\"product:brand\" content=\"Dom Z\u0142y\" \/>\n<meta property=\"product:price:amount\" content=\"40.00\" \/>\n<meta property=\"product:price:currency\" content=\"PLN\" \/>\n<meta property=\"og:availability\" content=\"instock\" \/>\n<meta property=\"product:availability\" content=\"instock\" \/>\n<meta property=\"product:condition\" content=\"new\" \/>\n<!-- \/ Yoast SEO Premium plugin. -->","yoast_head_json":{"title":"Dom Z\u0142y - \u015anisz Bory Tak G\u0119ste (Album) - Koi Metal Merch","description":"Dom Z\u0142y \u015aNISZ BORY TAK G\u0118STE album on CD. Digipack, 5 tracks. Hardcore punk, screamo, crust, post-black metal from Poland.","robots":{"index":"index","follow":"follow","max-snippet":"max-snippet:-1","max-image-preview":"max-image-preview:large","max-video-preview":"max-video-preview:-1"},"canonical":"https:\/\/koimetalmerch.com\/en\/product\/dom-zly-snisz-bory-tak-geste-album\/","og_locale":"en_US","og_type":"article","og_title":"Dom Z\u0142y - \u015anisz Bory Tak G\u0119ste (Album)","og_description":"Dom Z\u0142y \u015aNISZ BORY TAK G\u0118STE album on CD. Digipack, 5 tracks. Hardcore punk, screamo, crust, post-black metal from Poland.","og_url":"https:\/\/koimetalmerch.com\/en\/product\/dom-zly-snisz-bory-tak-geste-album\/","og_site_name":"Koi Metal Merch","article_publisher":"https:\/\/www.facebook.com\/koimetalmerch\/","article_modified_time":"2026-01-16T11:55:36+00:00","og_image":[{"width":1200,"height":1200,"url":"http:\/\/koimetalmerch.com\/wp-content\/uploads\/2025\/07\/bory_CD_cover.jpg","type":"image\/jpeg"}],"twitter_card":"summary_large_image","schema":{"@context":"https:\/\/schema.org","@graph":[{"@type":"WebPage","@id":"https:\/\/koimetalmerch.com\/en\/product\/dom-zly-snisz-bory-tak-geste-album\/","url":"https:\/\/koimetalmerch.com\/en\/product\/dom-zly-snisz-bory-tak-geste-album\/","name":"Dom Z\u0142y - \u015anisz Bory Tak G\u0119ste (Album) - Koi Metal Merch","isPartOf":{"@id":"https:\/\/koimetalmerch.com\/en\/#website"},"primaryImageOfPage":{"@id":"https:\/\/koimetalmerch.com\/en\/product\/dom-zly-snisz-bory-tak-geste-album\/#primaryimage"},"image":{"@id":"https:\/\/koimetalmerch.com\/en\/product\/dom-zly-snisz-bory-tak-geste-album\/#primaryimage"},"thumbnailUrl":"https:\/\/koimetalmerch.com\/wp-content\/uploads\/2025\/07\/bory_CD_cover.jpg","datePublished":"2025-07-15T18:50:30+00:00","dateModified":"2026-01-16T11:55:36+00:00","description":"Dom Z\u0142y \u015aNISZ BORY TAK G\u0118STE album on CD. Digipack, 5 tracks. Hardcore punk, screamo, crust, post-black metal from Poland.","breadcrumb":{"@id":"https:\/\/koimetalmerch.com\/en\/product\/dom-zly-snisz-bory-tak-geste-album\/#breadcrumb"},"inLanguage":"en-US","potentialAction":[{"@type":"ReadAction","target":["https:\/\/koimetalmerch.com\/en\/product\/dom-zly-snisz-bory-tak-geste-album\/"]}]},{"@type":"ImageObject","inLanguage":"en-US","@id":"https:\/\/koimetalmerch.com\/en\/product\/dom-zly-snisz-bory-tak-geste-album\/#primaryimage","url":"https:\/\/koimetalmerch.com\/wp-content\/uploads\/2025\/07\/bory_CD_cover.jpg","contentUrl":"https:\/\/koimetalmerch.com\/wp-content\/uploads\/2025\/07\/bory_CD_cover.jpg","width":1200,"height":1200,"caption":"Dom Z\u0142y - \u015anisz Bory Tak G\u0119ste"},{"@type":"BreadcrumbList","@id":"https:\/\/koimetalmerch.com\/en\/product\/dom-zly-snisz-bory-tak-geste-album\/#breadcrumb","itemListElement":[{"@type":"ListItem","position":1,"name":"Strona G\u0142\u00f3wna","item":"https:\/\/koimetalmerch.com\/en\/home-page\/"},{"@type":"ListItem","position":2,"name":"All products","item":"https:\/\/koimetalmerch.com\/en\/shop\/"},{"@type":"ListItem","position":3,"name":"Music","item":"https:\/\/koimetalmerch.com\/en\/category\/music\/"},{"@type":"ListItem","position":4,"name":"Dom Z\u0142y &#8211; \u015anisz Bory Tak G\u0119ste (Album)"}]},{"@type":"WebSite","@id":"https:\/\/koimetalmerch.com\/en\/#website","url":"https:\/\/koimetalmerch.com\/en\/","name":"Koi Metal Merch","description":"Sklep z odzie\u017c\u0105 rockow\u0105 i metalow\u0105. Znajd\u017a koszulki i muzyk\u0119 swoich ulubionych zespo\u0142\u00f3w z Polski! Wspieraj artyst\u00f3w, muzyk\u00f3w i znajd\u017a co\u015b wyj\u0105tkowego dla siebie","publisher":{"@id":"https:\/\/koimetalmerch.com\/en\/#organization"},"alternateName":"KoiMetalMerch","potentialAction":[{"@type":"SearchAction","target":{"@type":"EntryPoint","urlTemplate":"https:\/\/koimetalmerch.com\/en\/?s={search_term_string}"},"query-input":"required name=search_term_string"}],"inLanguage":"en-US"},{"@type":["Organization","Place"],"@id":"https:\/\/koimetalmerch.com\/en\/#organization","name":"Koi Metal Merch","alternateName":"Koi Metal Merch","url":"https:\/\/koimetalmerch.com\/en\/","logo":{"@id":"https:\/\/koimetalmerch.com\/en\/product\/dom-zly-snisz-bory-tak-geste-album\/#local-main-organization-logo"},"image":{"@id":"https:\/\/koimetalmerch.com\/en\/product\/dom-zly-snisz-bory-tak-geste-album\/#local-main-organization-logo"},"sameAs":["https:\/\/www.facebook.com\/koimetalmerch\/"],"description":"Witaj w naszej internetowej rodzinie, gdzie mrok spotyka si\u0119 z muzyk\u0105, a unikatowy design \u0142\u0105czy si\u0119 z najwy\u017csz\u0105 jako\u015bci\u0105. Jeste\u015bmy dostawcami najwy\u017cszej jako\u015bci merchu zespo\u0142\u00f3w rockowych i metalowych, kt\u00f3rego nie spotkasz nigdzie indziej. W naszej kolekcji znajdziesz szeroki wyb\u00f3r koszulek, bluz, czapek i innych akcesori\u00f3w, kt\u00f3re pozwol\u0105 Ci wyrazi\u0107 swoj\u0105 pasj\u0119 do rocka i metalu. Ka\u017cdy nasz produkt cechuje unikatowy design oraz limitowana dost\u0119pno\u015b\u0107, co sprawia, \u017ce \u200b\u200bka\u017cdy zakup staje si\u0119 wyj\u0105tkowym do\u015bwiadczeniem. Jako firma mocno zaanga\u017cowana w wspieranie lokalnych artyst\u00f3w, du\u017ca cz\u0119\u015b\u0107 zysk\u00f3w ze sprzeda\u017cy trafia bezpo\u015brednio do zespo\u0142\u00f3w, kt\u00f3re stworzy\u0142y nasze produkty. W ten spos\u00f3b nie tylko zdob\u0119dziesz wyj\u0105tkowe ubrania, ale tak\u017ce wesprzesz rozw\u00f3j polskiej sceny muzycznej. Do\u0142\u0105cz do naszej spo\u0142eczno\u015bci mi\u0142o\u015bnik\u00f3w rocka i metalu ju\u017c dzi\u015b, odkryj nasz\u0105 kolekcj\u0119 i wyra\u017a swoj\u0105 indywidualno\u015b\u0107 z naszym merchandisingiem!","publishingPrinciples":"https:\/\/koimetalmerch.com\/polityka-prywatnosci\/","telephone":[],"openingHoursSpecification":[{"@type":"OpeningHoursSpecification","dayOfWeek":["Monday","Tuesday","Wednesday","Thursday","Friday","Saturday","Sunday"],"opens":"09:00","closes":"17:00"}]},{"@type":"ImageObject","inLanguage":"en-US","@id":"https:\/\/koimetalmerch.com\/en\/product\/dom-zly-snisz-bory-tak-geste-album\/#local-main-organization-logo","url":"https:\/\/koimetalmerch.com\/wp-content\/uploads\/2025\/02\/Page-Thumbnail.png","contentUrl":"https:\/\/koimetalmerch.com\/wp-content\/uploads\/2025\/02\/Page-Thumbnail.png","width":1200,"height":675,"caption":"Koi Metal Merch"}]},"product_brand":"Dom Z\u0142y","product_price_amount":"40.00","product_price_currency":"PLN","og_availability":"instock","product_availability":"instock","product_condition":"new"},"brands":[{"id":77,"name":"Dom Z\u0142y","slug":"dom-zly-en"}],"_links":{"self":[{"href":"https:\/\/koimetalmerch.com\/en\/wp-json\/wp\/v2\/product\/965","targetHints":{"allow":["GET"]}}],"collection":[{"href":"https:\/\/koimetalmerch.com\/en\/wp-json\/wp\/v2\/product"}],"about":[{"href":"https:\/\/koimetalmerch.com\/en\/wp-json\/wp\/v2\/types\/product"}],"replies":[{"embeddable":true,"href":"https:\/\/koimetalmerch.com\/en\/wp-json\/wp\/v2\/comments?post=965"}],"wp:featuredmedia":[{"embeddable":true,"href":"https:\/\/koimetalmerch.com\/en\/wp-json\/wp\/v2\/media\/931"}],"wp:attachment":[{"href":"https:\/\/koimetalmerch.com\/en\/wp-json\/wp\/v2\/media?parent=965"}],"wp:term":[{"taxonomy":"pwb-brand","embeddable":true,"href":"https:\/\/koimetalmerch.com\/en\/wp-json\/wp\/v2\/pwb-brand?post=965"},{"taxonomy":"product_cat","embeddable":true,"href":"https:\/\/koimetalmerch.com\/en\/wp-json\/wp\/v2\/product_cat?post=965"},{"taxonomy":"product_tag","embeddable":true,"href":"https:\/\/koimetalmerch.com\/en\/wp-json\/wp\/v2\/product_tag?post=965"}],"curies":[{"name":"wp","href":"https:\/\/api.w.org\/{rel}","templated":true}]}}